{"id":58378,"date":"2021-04-29T09:40:55","date_gmt":"2021-04-29T07:40:55","guid":{"rendered":"https:\/\/test.puntmarketing.com\/espectalium-cat\/?page_id=58378"},"modified":"2021-04-29T09:40:55","modified_gmt":"2021-04-29T07:40:55","slug":"lhome-orquestra-amb-en-peyu","status":"publish","type":"page","link":"https:\/\/test.puntmarketing.com\/espectalium-cat\/l-home-orquestra-peyu\/","title":{"rendered":"L&#8217;home Orquestra amb en Peyu"},"content":{"rendered":"\t\t<div data-elementor-type=\"wp-page\" data-elementor-id=\"58378\" class=\"elementor elementor-58378\" data-elementor-post-type=\"page\">\n\t\t\t\t\t\t<section class=\"elementor-section elementor-top-section elementor-element elementor-element-d02ee86 elementor-section-boxed elementor-section-height-default elementor-section-height-default\" data-id=\"d02ee86\" data-element_type=\"section\" data-e-type=\"section\">\n\t\t\t\t\t\t<div class=\"elementor-container elementor-column-gap-default\">\n\t\t\t\t\t<div class=\"elementor-column elementor-col-100 elementor-top-column elementor-element elementor-element-bfd94c8\" data-id=\"bfd94c8\" data-element_type=\"column\" data-e-type=\"column\">\n\t\t\t<div class=\"elementor-widget-wrap elementor-element-populated\">\n\t\t\t\t\t\t<div class=\"elementor-element elementor-element-035becd elementor-widget elementor-widget-heading\" data-id=\"035becd\" data-element_type=\"widget\" data-e-type=\"widget\" data-widget_type=\"heading.default\">\n\t\t\t\t<div class=\"elementor-widget-container\">\n\t\t\t\t\t<h2 class=\"elementor-heading-title elementor-size-default\">L'home Orquestra amb en Peyu<\/h2>\t\t\t\t<\/div>\n\t\t\t\t<\/div>\n\t\t\t\t<div class=\"elementor-element elementor-element-b220f50 elementor-widget elementor-widget-text-editor\" data-id=\"b220f50\" data-element_type=\"widget\" data-e-type=\"widget\" data-widget_type=\"text-editor.default\">\n\t\t\t\t<div class=\"elementor-widget-container\">\n\t\t\t\t\t\t\t\t\t<p>L&#8217;home Orquestra amb en Peyu \u00e9s un <b>espectacle d&#8217;humor<\/b>\u00a0on ha volgut celebrar un petit homenatge a totes aquelles persones que han actuat alguna vegada a les festes majors dels pobles.\u00a0<\/p>\t\t\t\t\t\t\t\t<\/div>\n\t\t\t\t<\/div>\n\t\t\t\t<div class=\"elementor-element elementor-element-7f06b3f elementor-widget elementor-widget-video\" data-id=\"7f06b3f\" data-element_type=\"widget\" data-e-type=\"widget\" data-settings=\"{&quot;youtube_url&quot;:&quot;https:\\\/\\\/www.youtube.com\\\/watch?v=2GyUfLv7FPU&quot;,&quot;video_type&quot;:&quot;youtube&quot;,&quot;controls&quot;:&quot;yes&quot;}\" data-widget_type=\"video.default\">\n\t\t\t\t<div class=\"elementor-widget-container\">\n\t\t\t\t\t\t\t<div class=\"elementor-wrapper elementor-open-inline\">\n\t\t\t<div class=\"elementor-video\"><\/div>\t\t<\/div>\n\t\t\t\t\t\t<\/div>\n\t\t\t\t<\/div>\n\t\t\t\t<div class=\"elementor-element elementor-element-9fdee49 elementor-widget elementor-widget-text-editor\" data-id=\"9fdee49\" data-element_type=\"widget\" data-e-type=\"widget\" data-widget_type=\"text-editor.default\">\n\t\t\t\t<div class=\"elementor-widget-container\">\n\t\t\t\t\t\t\t\t\t<p><span style=\"font-size: 18px;\"><b>L&#8217;home Orquestra<\/b>\u00a0recull els millors textos de la seva carrera professional i els relata a les Festes Majors dels pobles. \u00c9s un espectacle per disfrutar i desconectar amb l&#8217;humor i la ironia d&#8217;en\u00a0<\/span><a href=\"https:\/\/test.puntmarketing.com\/espectalium-cat\/contractar-peyu\/\" target=\"_blank\" rel=\"noopener\">Peyu<\/a><span style=\"font-size: 18px;\">.\u00a0<\/span><\/p><p><span style=\"font-size: 18px;\">El seu cartell promocional ja d\u00f3na una mica de joc, ja que no \u00e9s molt atractiu, volen donar una mica d&#8217;intriga al espectacle d&#8217;humor per a que la gent vagi a veure&#8217;l i disfruti de l&#8217;actuaci\u00f3.\u00a0<\/span><\/p><p><span style=\"font-size: 18px;\">La posada en escena no ser\u00e0 m\u00e9s que el propi Peyu i alg\u00fan accessori m\u00e9s, perqu\u00e8 l&#8217;ess\u00e8ncia de l&#8217;espectacle \u00e9s l&#8217;humor d&#8217;en Peyu i la improvisaci\u00f3 durant la funci\u00f3.\u00a0<\/span><\/p><p><span style=\"font-size: 18px;\">No et quedis amb les ganes i vine a disfrutar d&#8217;una obra \u00fanica i inmillorable de la m\u00e0 d&#8217;en Peyu!<\/span><\/p>\t\t\t\t\t\t\t\t<\/div>\n\t\t\t\t<\/div>\n\t\t\t\t\t<\/div>\n\t\t<\/div>\n\t\t\t\t\t<\/div>\n\t\t<\/section>\n\t\t\t\t<section class=\"elementor-section elementor-top-section elementor-element elementor-element-0dfffda elementor-section-boxed elementor-section-height-default elementor-section-height-default\" data-id=\"0dfffda\" data-element_type=\"section\" data-e-type=\"section\">\n\t\t\t\t\t\t<div class=\"elementor-container elementor-column-gap-default\">\n\t\t\t\t\t<div class=\"elementor-column elementor-col-100 elementor-top-column elementor-element elementor-element-52ea540\" data-id=\"52ea540\" data-element_type=\"column\" data-e-type=\"column\">\n\t\t\t<div class=\"elementor-widget-wrap elementor-element-populated\">\n\t\t\t\t\t\t<div class=\"elementor-element elementor-element-1089589 elementor-widget elementor-widget-image\" data-id=\"1089589\" data-element_type=\"widget\" data-e-type=\"widget\" data-widget_type=\"image.default\">\n\t\t\t\t<div class=\"elementor-widget-container\">\n\t\t\t\t\t\t\t\t\t\t\t\t\t\t\t<img fetchpriority=\"high\" decoding=\"async\" width=\"768\" height=\"1086\" src=\"https:\/\/test.puntmarketing.com\/espectalium-cat\/wp-content\/uploads\/2021\/04\/l-home-orquestra-peyu-5-768x1086.jpeg\" class=\"attachment-medium_large size-medium_large wp-image-58439\" alt=\"l&#039;home orquestra peyu\" srcset=\"https:\/\/test.puntmarketing.com\/espectalium-cat\/wp-content\/uploads\/2021\/04\/l-home-orquestra-peyu-5-768x1086.jpeg 768w, https:\/\/test.puntmarketing.com\/espectalium-cat\/wp-content\/uploads\/2021\/04\/l-home-orquestra-peyu-5-339x480.jpeg 339w, https:\/\/test.puntmarketing.com\/espectalium-cat\/wp-content\/uploads\/2021\/04\/l-home-orquestra-peyu-5-724x1024.jpeg 724w, https:\/\/test.puntmarketing.com\/espectalium-cat\/wp-content\/uploads\/2021\/04\/l-home-orquestra-peyu-5.jpeg 1000w\" sizes=\"(max-width: 768px) 100vw, 768px\" \/>\t\t\t\t\t\t\t\t\t\t\t\t\t\t\t<\/div>\n\t\t\t\t<\/div>\n\t\t\t\t\t<\/div>\n\t\t<\/div>\n\t\t\t\t\t<\/div>\n\t\t<\/section>\n\t\t\t\t<\/div>\n\t\t","protected":false},"excerpt":{"rendered":"<p>Contractar L&#8217;home Orquestra amb en Peyu. Un espectacle d&#8217;humor on fa un homenatge a les actuacions de la Festa Major dels pobles.<\/p>\n","protected":false},"author":11,"featured_media":58461,"parent":53143,"menu_order":0,"comment_status":"closed","ping_status":"closed","template":"","meta":{"site-sidebar-layout":"no-sidebar","site-content-layout":"page-builder","ast-site-content-layout":"default","site-content-style":"default","site-sidebar-style":"default","ast-global-header-display":"","ast-banner-title-visibility":"","ast-main-header-display":"","ast-hfb-above-header-display":"","ast-hfb-below-header-display":"","ast-hfb-mobile-header-display":"","site-post-title":"disabled","ast-breadcrumbs-content":"","ast-featured-img":"disabled","footer-sml-layout":"","ast-disable-related-posts":"","theme-transparent-header-meta":"default","adv-header-id-meta":"","stick-header-meta":"default","header-above-stick-meta":"","header-main-stick-meta":"","header-below-stick-meta":"","astra-migrate-meta-layouts":"default","ast-page-background-enabled":"default","ast-page-background-meta":{"desktop":{"background-color":"","background-image":"","background-repeat":"repeat","background-position":"center center","background-size":"auto","background-attachment":"scroll","background-type":"","background-media":"","overlay-type":"","overlay-color":"","overlay-opacity":"","overlay-gradient":""},"tablet":{"background-color":"","background-image":"","background-repeat":"repeat","background-position":"center center","background-size":"auto","background-attachment":"scroll","background-type":"","background-media":"","overlay-type":"","overlay-color":"","overlay-opacity":"","overlay-gradient":""},"mobile":{"background-color":"","background-image":"","background-repeat":"repeat","background-position":"center center","background-size":"auto","background-attachment":"scroll","background-type":"","background-media":"","overlay-type":"","overlay-color":"","overlay-opacity":"","overlay-gradient":""}},"ast-content-background-meta":{"desktop":{"background-color":"var(--ast-global-color-5)","background-image":"","background-repeat":"repeat","background-position":"center center","background-size":"auto","background-attachment":"scroll","background-type":"","background-media":"","overlay-type":"","overlay-color":"","overlay-opacity":"","overlay-gradient":""},"tablet":{"background-color":"var(--ast-global-color-5)","background-image":"","background-repeat":"repeat","background-position":"center center","background-size":"auto","background-attachment":"scroll","background-type":"","background-media":"","overlay-type":"","overlay-color":"","overlay-opacity":"","overlay-gradient":""},"mobile":{"background-color":"var(--ast-global-color-5)","background-image":"","background-repeat":"repeat","background-position":"center center","background-size":"auto","background-attachment":"scroll","background-type":"","background-media":"","overlay-type":"","overlay-color":"","overlay-opacity":"","overlay-gradient":""}},"footnotes":""},"categories":[1671,1528],"tags":[],"class_list":["post-58378","page","type-page","status-publish","has-post-thumbnail","hentry","category-p-espectacles-humor","category-ficha-verde"],"yoast_head":"<!-- This site is optimized with the Yoast SEO plugin v27.3 - https:\/\/yoast.com\/product\/yoast-seo-wordpress\/ -->\n<title>L&#039;home Orquestra amb en Peyu | Ag\u00e8ncia de Contrataci\u00f3 d&#039;Espectacles<\/title>\n<meta name=\"description\" content=\"Contractar L&#039;home Orquestra amb en Peyu. Un espectacle d&#039;humor on fa un homenatge a les actuacions de la Festa Major dels pobles.\" \/>\n<meta name=\"robots\" content=\"noindex, follow, max-snippet:-1, max-image-preview:large, max-video-preview:-1\" \/>\n<meta property=\"og:locale\" content=\"ca_ES\" \/>\n<meta property=\"og:type\" content=\"article\" \/>\n<meta property=\"og:title\" content=\"L&#039;home Orquestra amb en Peyu | Ag\u00e8ncia de Contrataci\u00f3 d&#039;Espectacles\" \/>\n<meta property=\"og:description\" content=\"Contractar L&#039;home Orquestra amb en Peyu. Un espectacle d&#039;humor on fa un homenatge a les actuacions de la Festa Major dels pobles.\" \/>\n<meta property=\"og:url\" content=\"https:\/\/test.puntmarketing.com\/espectalium-cat\/l-home-orquestra-peyu\/\" \/>\n<meta property=\"og:site_name\" content=\"Espectalium\" \/>\n<meta property=\"og:image\" content=\"https:\/\/test.puntmarketing.com\/espectalium-cat\/wp-content\/uploads\/2021\/04\/l-home-orquestra-peyu-3.jpeg\" \/>\n\t<meta property=\"og:image:width\" content=\"869\" \/>\n\t<meta property=\"og:image:height\" content=\"580\" \/>\n\t<meta property=\"og:image:type\" content=\"image\/jpeg\" \/>\n<meta name=\"twitter:label1\" content=\"Temps estimat de lectura\" \/>\n\t<meta name=\"twitter:data1\" content=\"1 minut\" \/>\n<script type=\"application\/ld+json\" class=\"yoast-schema-graph\">{\"@context\":\"https:\\\/\\\/schema.org\",\"@graph\":[{\"@type\":\"WebPage\",\"@id\":\"https:\\\/\\\/test.puntmarketing.com\\\/espectalium-cat\\\/l-home-orquestra-peyu\\\/\",\"url\":\"https:\\\/\\\/test.puntmarketing.com\\\/espectalium-cat\\\/l-home-orquestra-peyu\\\/\",\"name\":\"L'home Orquestra amb en Peyu | Ag\u00e8ncia de Contrataci\u00f3 d'Espectacles\",\"isPartOf\":{\"@id\":\"https:\\\/\\\/test.puntmarketing.com\\\/espectalium-cat\\\/#website\"},\"primaryImageOfPage\":{\"@id\":\"https:\\\/\\\/test.puntmarketing.com\\\/espectalium-cat\\\/l-home-orquestra-peyu\\\/#primaryimage\"},\"image\":{\"@id\":\"https:\\\/\\\/test.puntmarketing.com\\\/espectalium-cat\\\/l-home-orquestra-peyu\\\/#primaryimage\"},\"thumbnailUrl\":\"https:\\\/\\\/test.puntmarketing.com\\\/espectalium-cat\\\/wp-content\\\/uploads\\\/2021\\\/04\\\/l-home-orquestra-peyu-3.jpeg\",\"datePublished\":\"2021-04-29T07:40:55+00:00\",\"description\":\"Contractar L'home Orquestra amb en Peyu. Un espectacle d'humor on fa un homenatge a les actuacions de la Festa Major dels pobles.\",\"breadcrumb\":{\"@id\":\"https:\\\/\\\/test.puntmarketing.com\\\/espectalium-cat\\\/l-home-orquestra-peyu\\\/#breadcrumb\"},\"inLanguage\":\"ca\",\"potentialAction\":[{\"@type\":\"ReadAction\",\"target\":[\"https:\\\/\\\/test.puntmarketing.com\\\/espectalium-cat\\\/l-home-orquestra-peyu\\\/\"]}]},{\"@type\":\"ImageObject\",\"inLanguage\":\"ca\",\"@id\":\"https:\\\/\\\/test.puntmarketing.com\\\/espectalium-cat\\\/l-home-orquestra-peyu\\\/#primaryimage\",\"url\":\"https:\\\/\\\/test.puntmarketing.com\\\/espectalium-cat\\\/wp-content\\\/uploads\\\/2021\\\/04\\\/l-home-orquestra-peyu-3.jpeg\",\"contentUrl\":\"https:\\\/\\\/test.puntmarketing.com\\\/espectalium-cat\\\/wp-content\\\/uploads\\\/2021\\\/04\\\/l-home-orquestra-peyu-3.jpeg\",\"width\":869,\"height\":580,\"caption\":\"l'home orquestra peyu\"},{\"@type\":\"BreadcrumbList\",\"@id\":\"https:\\\/\\\/test.puntmarketing.com\\\/espectalium-cat\\\/l-home-orquestra-peyu\\\/#breadcrumb\",\"itemListElement\":[{\"@type\":\"ListItem\",\"position\":1,\"name\":\"Espectalium\",\"item\":\"https:\\\/\\\/test.puntmarketing.com\\\/espectalium-cat\\\/\"},{\"@type\":\"ListItem\",\"position\":2,\"name\":\"Espectacles\",\"item\":\"https:\\\/\\\/test.puntmarketing.com\\\/espectalium-cat\\\/agencia-espectacles\\\/\"},{\"@type\":\"ListItem\",\"position\":3,\"name\":\"L&#8217;home Orquestra amb en Peyu\"}]},{\"@type\":\"WebSite\",\"@id\":\"https:\\\/\\\/test.puntmarketing.com\\\/espectalium-cat\\\/#website\",\"url\":\"https:\\\/\\\/test.puntmarketing.com\\\/espectalium-cat\\\/\",\"name\":\"Espectalium\",\"description\":\"ARTISTAS, ESPECT\u00c1CULOS Y ACTIVIDADES A MEDIDA PARA EVENTOS.\",\"publisher\":{\"@id\":\"https:\\\/\\\/test.puntmarketing.com\\\/espectalium-cat\\\/#organization\"},\"potentialAction\":[{\"@type\":\"SearchAction\",\"target\":{\"@type\":\"EntryPoint\",\"urlTemplate\":\"https:\\\/\\\/test.puntmarketing.com\\\/espectalium-cat\\\/?s={search_term_string}\"},\"query-input\":{\"@type\":\"PropertyValueSpecification\",\"valueRequired\":true,\"valueName\":\"search_term_string\"}}],\"inLanguage\":\"ca\"},{\"@type\":\"Organization\",\"@id\":\"https:\\\/\\\/test.puntmarketing.com\\\/espectalium-cat\\\/#organization\",\"name\":\"Espectalium\",\"url\":\"https:\\\/\\\/test.puntmarketing.com\\\/espectalium-cat\\\/\",\"logo\":{\"@type\":\"ImageObject\",\"inLanguage\":\"ca\",\"@id\":\"https:\\\/\\\/test.puntmarketing.com\\\/espectalium-cat\\\/#\\\/schema\\\/logo\\\/image\\\/\",\"url\":\"\",\"contentUrl\":\"\",\"caption\":\"Espectalium\"},\"image\":{\"@id\":\"https:\\\/\\\/test.puntmarketing.com\\\/espectalium-cat\\\/#\\\/schema\\\/logo\\\/image\\\/\"}}]}<\/script>\n<!-- \/ Yoast SEO plugin. -->","yoast_head_json":{"title":"L'home Orquestra amb en Peyu | Ag\u00e8ncia de Contrataci\u00f3 d'Espectacles","description":"Contractar L'home Orquestra amb en Peyu. Un espectacle d'humor on fa un homenatge a les actuacions de la Festa Major dels pobles.","robots":{"index":"noindex","follow":"follow","max-snippet":"max-snippet:-1","max-image-preview":"max-image-preview:large","max-video-preview":"max-video-preview:-1"},"og_locale":"ca_ES","og_type":"article","og_title":"L'home Orquestra amb en Peyu | Ag\u00e8ncia de Contrataci\u00f3 d'Espectacles","og_description":"Contractar L'home Orquestra amb en Peyu. Un espectacle d'humor on fa un homenatge a les actuacions de la Festa Major dels pobles.","og_url":"https:\/\/test.puntmarketing.com\/espectalium-cat\/l-home-orquestra-peyu\/","og_site_name":"Espectalium","og_image":[{"width":869,"height":580,"url":"https:\/\/test.puntmarketing.com\/espectalium-cat\/wp-content\/uploads\/2021\/04\/l-home-orquestra-peyu-3.jpeg","type":"image\/jpeg"}],"twitter_misc":{"Temps estimat de lectura":"1 minut"},"schema":{"@context":"https:\/\/schema.org","@graph":[{"@type":"WebPage","@id":"https:\/\/test.puntmarketing.com\/espectalium-cat\/l-home-orquestra-peyu\/","url":"https:\/\/test.puntmarketing.com\/espectalium-cat\/l-home-orquestra-peyu\/","name":"L'home Orquestra amb en Peyu | Ag\u00e8ncia de Contrataci\u00f3 d'Espectacles","isPartOf":{"@id":"https:\/\/test.puntmarketing.com\/espectalium-cat\/#website"},"primaryImageOfPage":{"@id":"https:\/\/test.puntmarketing.com\/espectalium-cat\/l-home-orquestra-peyu\/#primaryimage"},"image":{"@id":"https:\/\/test.puntmarketing.com\/espectalium-cat\/l-home-orquestra-peyu\/#primaryimage"},"thumbnailUrl":"https:\/\/test.puntmarketing.com\/espectalium-cat\/wp-content\/uploads\/2021\/04\/l-home-orquestra-peyu-3.jpeg","datePublished":"2021-04-29T07:40:55+00:00","description":"Contractar L'home Orquestra amb en Peyu. Un espectacle d'humor on fa un homenatge a les actuacions de la Festa Major dels pobles.","breadcrumb":{"@id":"https:\/\/test.puntmarketing.com\/espectalium-cat\/l-home-orquestra-peyu\/#breadcrumb"},"inLanguage":"ca","potentialAction":[{"@type":"ReadAction","target":["https:\/\/test.puntmarketing.com\/espectalium-cat\/l-home-orquestra-peyu\/"]}]},{"@type":"ImageObject","inLanguage":"ca","@id":"https:\/\/test.puntmarketing.com\/espectalium-cat\/l-home-orquestra-peyu\/#primaryimage","url":"https:\/\/test.puntmarketing.com\/espectalium-cat\/wp-content\/uploads\/2021\/04\/l-home-orquestra-peyu-3.jpeg","contentUrl":"https:\/\/test.puntmarketing.com\/espectalium-cat\/wp-content\/uploads\/2021\/04\/l-home-orquestra-peyu-3.jpeg","width":869,"height":580,"caption":"l'home orquestra peyu"},{"@type":"BreadcrumbList","@id":"https:\/\/test.puntmarketing.com\/espectalium-cat\/l-home-orquestra-peyu\/#breadcrumb","itemListElement":[{"@type":"ListItem","position":1,"name":"Espectalium","item":"https:\/\/test.puntmarketing.com\/espectalium-cat\/"},{"@type":"ListItem","position":2,"name":"Espectacles","item":"https:\/\/test.puntmarketing.com\/espectalium-cat\/agencia-espectacles\/"},{"@type":"ListItem","position":3,"name":"L&#8217;home Orquestra amb en Peyu"}]},{"@type":"WebSite","@id":"https:\/\/test.puntmarketing.com\/espectalium-cat\/#website","url":"https:\/\/test.puntmarketing.com\/espectalium-cat\/","name":"Espectalium","description":"ARTISTAS, ESPECT\u00c1CULOS Y ACTIVIDADES A MEDIDA PARA EVENTOS.","publisher":{"@id":"https:\/\/test.puntmarketing.com\/espectalium-cat\/#organization"},"potentialAction":[{"@type":"SearchAction","target":{"@type":"EntryPoint","urlTemplate":"https:\/\/test.puntmarketing.com\/espectalium-cat\/?s={search_term_string}"},"query-input":{"@type":"PropertyValueSpecification","valueRequired":true,"valueName":"search_term_string"}}],"inLanguage":"ca"},{"@type":"Organization","@id":"https:\/\/test.puntmarketing.com\/espectalium-cat\/#organization","name":"Espectalium","url":"https:\/\/test.puntmarketing.com\/espectalium-cat\/","logo":{"@type":"ImageObject","inLanguage":"ca","@id":"https:\/\/test.puntmarketing.com\/espectalium-cat\/#\/schema\/logo\/image\/","url":"","contentUrl":"","caption":"Espectalium"},"image":{"@id":"https:\/\/test.puntmarketing.com\/espectalium-cat\/#\/schema\/logo\/image\/"}}]}},"_links":{"self":[{"href":"https:\/\/test.puntmarketing.com\/espectalium-cat\/wp-json\/wp\/v2\/pages\/58378","targetHints":{"allow":["GET"]}}],"collection":[{"href":"https:\/\/test.puntmarketing.com\/espectalium-cat\/wp-json\/wp\/v2\/pages"}],"about":[{"href":"https:\/\/test.puntmarketing.com\/espectalium-cat\/wp-json\/wp\/v2\/types\/page"}],"author":[{"embeddable":true,"href":"https:\/\/test.puntmarketing.com\/espectalium-cat\/wp-json\/wp\/v2\/users\/11"}],"replies":[{"embeddable":true,"href":"https:\/\/test.puntmarketing.com\/espectalium-cat\/wp-json\/wp\/v2\/comments?post=58378"}],"version-history":[{"count":15,"href":"https:\/\/test.puntmarketing.com\/espectalium-cat\/wp-json\/wp\/v2\/pages\/58378\/revisions"}],"predecessor-version":[{"id":58481,"href":"https:\/\/test.puntmarketing.com\/espectalium-cat\/wp-json\/wp\/v2\/pages\/58378\/revisions\/58481"}],"up":[{"embeddable":true,"href":"https:\/\/test.puntmarketing.com\/espectalium-cat\/wp-json\/wp\/v2\/pages\/53143"}],"wp:featuredmedia":[{"embeddable":true,"href":"https:\/\/test.puntmarketing.com\/espectalium-cat\/wp-json\/wp\/v2\/media\/58461"}],"wp:attachment":[{"href":"https:\/\/test.puntmarketing.com\/espectalium-cat\/wp-json\/wp\/v2\/media?parent=58378"}],"wp:term":[{"taxonomy":"category","embeddable":true,"href":"https:\/\/test.puntmarketing.com\/espectalium-cat\/wp-json\/wp\/v2\/categories?post=58378"},{"taxonomy":"post_tag","embeddable":true,"href":"https:\/\/test.puntmarketing.com\/espectalium-cat\/wp-json\/wp\/v2\/tags?post=58378"}],"curies":[{"name":"wp","href":"https:\/\/api.w.org\/{rel}","templated":true}]}}