{"id":58244,"date":"2021-04-27T10:33:51","date_gmt":"2021-04-27T08:33:51","guid":{"rendered":"https:\/\/test.puntmarketing.com\/espectalium-cat\/?page_id=58244"},"modified":"2024-07-29T08:58:11","modified_gmt":"2024-07-29T06:58:11","slug":"fer-riure-es-un-art-den-joan-pera","status":"publish","type":"page","link":"https:\/\/test.puntmarketing.com\/espectalium-cat\/fer-riure-es-un-art-joan-pera\/","title":{"rendered":"Fer Riure \u00e9s un Art d&#8217;en Joan Pera"},"content":{"rendered":"\t\t<div data-elementor-type=\"wp-page\" data-elementor-id=\"58244\" class=\"elementor elementor-58244\" data-elementor-post-type=\"page\">\n\t\t\t\t\t\t<section class=\"elementor-section elementor-top-section elementor-element elementor-element-9bccec4 elementor-section-boxed elementor-section-height-default elementor-section-height-default\" data-id=\"9bccec4\" data-element_type=\"section\" data-e-type=\"section\">\n\t\t\t\t\t\t<div class=\"elementor-container elementor-column-gap-default\">\n\t\t\t\t\t<div class=\"elementor-column elementor-col-100 elementor-top-column elementor-element elementor-element-66d2967\" data-id=\"66d2967\" data-element_type=\"column\" data-e-type=\"column\">\n\t\t\t<div class=\"elementor-widget-wrap elementor-element-populated\">\n\t\t\t\t\t\t<div class=\"elementor-element elementor-element-196293c elementor-widget elementor-widget-heading\" data-id=\"196293c\" data-element_type=\"widget\" data-e-type=\"widget\" data-widget_type=\"heading.default\">\n\t\t\t\t<div class=\"elementor-widget-container\">\n\t\t\t\t\t<h2 class=\"elementor-heading-title elementor-size-default\">Fer riure \u00e9s un Art d'en Joan Pera<\/h2>\t\t\t\t<\/div>\n\t\t\t\t<\/div>\n\t\t\t\t<div class=\"elementor-element elementor-element-6bbf6c2 elementor-widget elementor-widget-text-editor\" data-id=\"6bbf6c2\" data-element_type=\"widget\" data-e-type=\"widget\" data-widget_type=\"text-editor.default\">\n\t\t\t\t<div class=\"elementor-widget-container\">\n\t\t\t\t\t\t\t\t\t<p>L&#8217;espectacle d&#8217;humor <b>Fer riure \u00e9s un art<\/b> d&#8217;en Joan Pera, \u00e9s un homenatge als 50 anys de professi\u00f3 dedicats al m\u00f3n humor\u00edstic. En Joan Pera ho ha volgut celebrar amb aquest fant\u00e0stic espectacle on no podr\u00e0s parar de riure.\u00a0<\/p>\t\t\t\t\t\t\t\t<\/div>\n\t\t\t\t<\/div>\n\t\t\t\t\t<\/div>\n\t\t<\/div>\n\t\t\t\t\t<\/div>\n\t\t<\/section>\n\t\t\t\t<section class=\"elementor-section elementor-top-section elementor-element elementor-element-12202eb elementor-section-boxed elementor-section-height-default elementor-section-height-default\" data-id=\"12202eb\" data-element_type=\"section\" data-e-type=\"section\">\n\t\t\t\t\t\t<div class=\"elementor-container elementor-column-gap-default\">\n\t\t\t\t\t<div class=\"elementor-column elementor-col-100 elementor-top-column elementor-element elementor-element-a086bbb\" data-id=\"a086bbb\" data-element_type=\"column\" data-e-type=\"column\">\n\t\t\t<div class=\"elementor-widget-wrap elementor-element-populated\">\n\t\t\t\t\t\t<div class=\"elementor-element elementor-element-727e2d8 elementor-widget elementor-widget-video\" data-id=\"727e2d8\" data-element_type=\"widget\" data-e-type=\"widget\" data-settings=\"{&quot;youtube_url&quot;:&quot;https:\\\/\\\/www.youtube.com\\\/watch?v=g7SQqejwkn8&quot;,&quot;video_type&quot;:&quot;youtube&quot;,&quot;controls&quot;:&quot;yes&quot;}\" data-widget_type=\"video.default\">\n\t\t\t\t<div class=\"elementor-widget-container\">\n\t\t\t\t\t\t\t<div class=\"elementor-wrapper elementor-open-inline\">\n\t\t\t<div class=\"elementor-video\"><\/div>\t\t<\/div>\n\t\t\t\t\t\t<\/div>\n\t\t\t\t<\/div>\n\t\t\t\t\t<\/div>\n\t\t<\/div>\n\t\t\t\t\t<\/div>\n\t\t<\/section>\n\t\t\t\t<section class=\"elementor-section elementor-top-section elementor-element elementor-element-c976d55 elementor-section-boxed elementor-section-height-default elementor-section-height-default\" data-id=\"c976d55\" data-element_type=\"section\" data-e-type=\"section\">\n\t\t\t\t\t\t<div class=\"elementor-container elementor-column-gap-default\">\n\t\t\t\t\t<div class=\"elementor-column elementor-col-100 elementor-top-column elementor-element elementor-element-fe323a1\" data-id=\"fe323a1\" data-element_type=\"column\" data-e-type=\"column\">\n\t\t\t<div class=\"elementor-widget-wrap elementor-element-populated\">\n\t\t\t\t\t\t<div class=\"elementor-element elementor-element-6ae1eeb elementor-widget elementor-widget-text-editor\" data-id=\"6ae1eeb\" data-element_type=\"widget\" data-e-type=\"widget\" data-widget_type=\"text-editor.default\">\n\t\t\t\t<div class=\"elementor-widget-container\">\n\t\t\t\t\t\t\t\t\t<p>En <b>Joan<\/b> <b>Pera<\/b> ens donar\u00e0 una masterclass sobre l&#8217;art de fer riure i intentar donar respostes a les preguntes que tot c\u00f2mic es fa quan s&#8217;enfrenta al p\u00fablic tot sol. En aquest cas, Com ens far\u00e0 riure en Joan?, \u00c9s ell qui ens far\u00e0 riure o els seus personatges?.\u00a0<span style=\"font-size: 18px;\">Amb aquestes preguntes resoldr\u00e0 els trucs i desmontar\u00e0 els mites a trav\u00e9s del seu humor. I sobretot sabrem si Fer riure \u00e9s art o no.<\/span><\/p><p>Disfruta d&#8217;aquest espectacle d&#8217;humor de la m\u00e0 d&#8217;un dels humoristes m\u00e9s coneguts del nostre pa\u00eds, en Joan Pera. Viur\u00e0s una experi\u00e8ncia \u00fanica amb riures assegurats.<\/p><p>El humorista celebra els seus 50 anys de professi\u00f3 amb el que m\u00e9s li agrada fer, un bon espectacle i passar un rato agradable amb la funci\u00f3 &#8220;Fer riure \u00e9s un art&#8221;.\u00a0<span style=\"font-size: 18px;\">No dubtis m\u00e9s i t&#8217;assegurem que riur\u00e0s com mai amb en Joan Pera!<\/span><\/p>\t\t\t\t\t\t\t\t<\/div>\n\t\t\t\t<\/div>\n\t\t\t\t\t<\/div>\n\t\t<\/div>\n\t\t\t\t\t<\/div>\n\t\t<\/section>\n\t\t\t\t<section class=\"elementor-section elementor-top-section elementor-element elementor-element-07071a0 elementor-section-boxed elementor-section-height-default elementor-section-height-default\" data-id=\"07071a0\" data-element_type=\"section\" data-e-type=\"section\">\n\t\t\t\t\t\t<div class=\"elementor-container elementor-column-gap-default\">\n\t\t\t\t\t<div class=\"elementor-column elementor-col-100 elementor-top-column elementor-element elementor-element-f3f9133\" data-id=\"f3f9133\" data-element_type=\"column\" data-e-type=\"column\">\n\t\t\t<div class=\"elementor-widget-wrap elementor-element-populated\">\n\t\t\t\t\t\t<div class=\"elementor-element elementor-element-7387d2e elementor-widget elementor-widget-image\" data-id=\"7387d2e\" data-element_type=\"widget\" data-e-type=\"widget\" data-widget_type=\"image.default\">\n\t\t\t\t<div class=\"elementor-widget-container\">\n\t\t\t\t\t\t\t\t\t\t\t\t\t\t\t<img fetchpriority=\"high\" decoding=\"async\" width=\"1024\" height=\"686\" src=\"https:\/\/test.puntmarketing.com\/espectalium-cat\/wp-content\/uploads\/2021\/04\/fer-riure-es-un-art-joan-pera-1-1024x686.jpeg\" class=\"attachment-large size-large wp-image-58329\" alt=\"fer riure \u00e9s un art joan pera\" srcset=\"https:\/\/test.puntmarketing.com\/espectalium-cat\/wp-content\/uploads\/2021\/04\/fer-riure-es-un-art-joan-pera-1-1024x686.jpeg 1024w, https:\/\/test.puntmarketing.com\/espectalium-cat\/wp-content\/uploads\/2021\/04\/fer-riure-es-un-art-joan-pera-1-480x321.jpeg 480w, https:\/\/test.puntmarketing.com\/espectalium-cat\/wp-content\/uploads\/2021\/04\/fer-riure-es-un-art-joan-pera-1-768x514.jpeg 768w, https:\/\/test.puntmarketing.com\/espectalium-cat\/wp-content\/uploads\/2021\/04\/fer-riure-es-un-art-joan-pera-1-1536x1029.jpeg 1536w, https:\/\/test.puntmarketing.com\/espectalium-cat\/wp-content\/uploads\/2021\/04\/fer-riure-es-un-art-joan-pera-1-2048x1371.jpeg 2048w\" sizes=\"(max-width: 1024px) 100vw, 1024px\" \/>\t\t\t\t\t\t\t\t\t\t\t\t\t\t\t<\/div>\n\t\t\t\t<\/div>\n\t\t\t\t\t<\/div>\n\t\t<\/div>\n\t\t\t\t\t<\/div>\n\t\t<\/section>\n\t\t\t\t<section class=\"elementor-section elementor-top-section elementor-element elementor-element-1c18b10 elementor-section-boxed elementor-section-height-default elementor-section-height-default\" data-id=\"1c18b10\" data-element_type=\"section\" data-e-type=\"section\">\n\t\t\t\t\t\t<div class=\"elementor-container elementor-column-gap-default\">\n\t\t\t\t\t<div class=\"elementor-column elementor-col-100 elementor-top-column elementor-element elementor-element-d176734\" data-id=\"d176734\" data-element_type=\"column\" data-e-type=\"column\" data-settings=\"{&quot;background_background&quot;:&quot;classic&quot;}\">\n\t\t\t<div class=\"elementor-widget-wrap elementor-element-populated\">\n\t\t\t\t\t\t<div class=\"elementor-element elementor-element-f7f2427 elementor-widget-divider--view-line elementor-widget elementor-widget-divider\" data-id=\"f7f2427\" data-element_type=\"widget\" data-e-type=\"widget\" data-widget_type=\"divider.default\">\n\t\t\t\t<div class=\"elementor-widget-container\">\n\t\t\t\t\t\t\t<div class=\"elementor-divider\">\n\t\t\t<span class=\"elementor-divider-separator\">\n\t\t\t\t\t\t<\/span>\n\t\t<\/div>\n\t\t\t\t\t\t<\/div>\n\t\t\t\t<\/div>\n\t\t\t\t<section class=\"elementor-section elementor-inner-section elementor-element elementor-element-33137a2 elementor-section-boxed elementor-section-height-default elementor-section-height-default\" data-id=\"33137a2\" data-element_type=\"section\" data-e-type=\"section\">\n\t\t\t\t\t\t<div class=\"elementor-container elementor-column-gap-default\">\n\t\t\t\t\t<div class=\"elementor-column elementor-col-100 elementor-inner-column elementor-element elementor-element-5719832\" data-id=\"5719832\" data-element_type=\"column\" data-e-type=\"column\">\n\t\t\t<div class=\"elementor-widget-wrap elementor-element-populated\">\n\t\t\t\t\t\t<div class=\"elementor-element elementor-element-e0eb3d0 elementor-widget elementor-widget-heading\" data-id=\"e0eb3d0\" data-element_type=\"widget\" data-e-type=\"widget\" data-widget_type=\"heading.default\">\n\t\t\t\t<div class=\"elementor-widget-container\">\n\t\t\t\t\t<p class=\"elementor-heading-title elementor-size-xxl\">Espectalium<\/p>\t\t\t\t<\/div>\n\t\t\t\t<\/div>\n\t\t\t\t<div class=\"elementor-element elementor-element-262a7d5 elementor-widget elementor-widget-heading\" data-id=\"262a7d5\" data-element_type=\"widget\" data-e-type=\"widget\" data-widget_type=\"heading.default\">\n\t\t\t\t<div class=\"elementor-widget-container\">\n\t\t\t\t\t<h3 class=\"elementor-heading-title elementor-size-xxl\"><span style=\"font-size: 30px;font-style: normal;font-weight: 300\">LA TEVA AG\u00c8NCIA D'ESPECTACLES D'IMPROVISACI\u00d3 Fer riure \u00e9s un art d'en joan pera<\/span><\/h3>\t\t\t\t<\/div>\n\t\t\t\t<\/div>\n\t\t\t\t<div class=\"elementor-element elementor-element-f787168 elementor-widget elementor-widget-text-editor\" data-id=\"f787168\" data-element_type=\"widget\" data-e-type=\"widget\" data-widget_type=\"text-editor.default\">\n\t\t\t\t<div class=\"elementor-widget-container\">\n\t\t\t\t\t\t\t\t\t<p><span style=\"background-color: #ffffff;\">Espectalium<\/span>\u00a0\u00e9s una <b>ag\u00e8ncia<\/b> de <b>contractaci\u00f3<\/b>\u00a0<a href=\"https:\/\/test.puntmarketing.com\/espectalium-cat\/agencia-espectacles\/\" target=\"_blank\" rel=\"noopener\">d&#8217;espectacles d&#8217;humor<\/a>\u00a0per a festes i esdeveniments de tota mena. No dubtis en contactar amb nosaltres per qualsevol dubte o noves propostes.<\/p><p>T&#8217;assessorarem i t&#8217;ajudarem a fer realitat l&#8217;esdeveniment que tens pensat. Per contactar amb l&#8217;ag\u00e8ncia fes Click a Contacta&#8217;ns! i omple el formulari.<\/p>\t\t\t\t\t\t\t\t<\/div>\n\t\t\t\t<\/div>\n\t\t\t\t<div class=\"elementor-element elementor-element-53c1a24 elementor-align-left elementor-widget elementor-widget-button\" data-id=\"53c1a24\" data-element_type=\"widget\" data-e-type=\"widget\" data-widget_type=\"button.default\">\n\t\t\t\t<div class=\"elementor-widget-container\">\n\t\t\t\t\t\t\t\t\t<div class=\"elementor-button-wrapper\">\n\t\t\t\t\t<a class=\"elementor-button elementor-button-link elementor-size-sm\" href=\"https:\/\/test.puntmarketing.com\/espectalium-cat\/contacte\/\" target=\"_blank\">\n\t\t\t\t\t\t<span class=\"elementor-button-content-wrapper\">\n\t\t\t\t\t\t\t\t\t<span class=\"elementor-button-text\">\u00a1CONT\u00c1CTA'NS!<\/span>\n\t\t\t\t\t<\/span>\n\t\t\t\t\t<\/a>\n\t\t\t\t<\/div>\n\t\t\t\t\t\t\t\t<\/div>\n\t\t\t\t<\/div>\n\t\t\t\t\t<\/div>\n\t\t<\/div>\n\t\t\t\t\t<\/div>\n\t\t<\/section>\n\t\t\t\t<div class=\"elementor-element elementor-element-00576fd elementor-widget-divider--view-line elementor-widget elementor-widget-divider\" data-id=\"00576fd\" data-element_type=\"widget\" data-e-type=\"widget\" data-widget_type=\"divider.default\">\n\t\t\t\t<div class=\"elementor-widget-container\">\n\t\t\t\t\t\t\t<div class=\"elementor-divider\">\n\t\t\t<span class=\"elementor-divider-separator\">\n\t\t\t\t\t\t<\/span>\n\t\t<\/div>\n\t\t\t\t\t\t<\/div>\n\t\t\t\t<\/div>\n\t\t\t\t\t<\/div>\n\t\t<\/div>\n\t\t\t\t\t<\/div>\n\t\t<\/section>\n\t\t\t\t<\/div>\n\t\t","protected":false},"excerpt":{"rendered":"<p>Contractaci\u00f3 de l&#8217;espectacle Fer riure \u00e9s un art d&#8217;en Joan Pera, una celebraci\u00f3 als 50 anys dedicats a la professi\u00f3 humor\u00edstica. No t&#8217;ho perdis!<\/p>\n","protected":false},"author":11,"featured_media":58368,"parent":0,"menu_order":0,"comment_status":"closed","ping_status":"closed","template":"","meta":{"site-sidebar-layout":"no-sidebar","site-content-layout":"page-builder","ast-site-content-layout":"default","site-content-style":"default","site-sidebar-style":"default","ast-global-header-display":"","ast-banner-title-visibility":"","ast-main-header-display":"","ast-hfb-above-header-display":"","ast-hfb-below-header-display":"","ast-hfb-mobile-header-display":"","site-post-title":"disabled","ast-breadcrumbs-content":"","ast-featured-img":"disabled","footer-sml-layout":"","ast-disable-related-posts":"","theme-transparent-header-meta":"default","adv-header-id-meta":"","stick-header-meta":"default","header-above-stick-meta":"","header-main-stick-meta":"","header-below-stick-meta":"","astra-migrate-meta-layouts":"default","ast-page-background-enabled":"default","ast-page-background-meta":{"desktop":{"background-color":"","background-image":"","background-repeat":"repeat","background-position":"center center","background-size":"auto","background-attachment":"scroll","background-type":"","background-media":"","overlay-type":"","overlay-color":"","overlay-opacity":"","overlay-gradient":""},"tablet":{"background-color":"","background-image":"","background-repeat":"repeat","background-position":"center center","background-size":"auto","background-attachment":"scroll","background-type":"","background-media":"","overlay-type":"","overlay-color":"","overlay-opacity":"","overlay-gradient":""},"mobile":{"background-color":"","background-image":"","background-repeat":"repeat","background-position":"center center","background-size":"auto","background-attachment":"scroll","background-type":"","background-media":"","overlay-type":"","overlay-color":"","overlay-opacity":"","overlay-gradient":""}},"ast-content-background-meta":{"desktop":{"background-color":"var(--ast-global-color-5)","background-image":"","background-repeat":"repeat","background-position":"center center","background-size":"auto","background-attachment":"scroll","background-type":"","background-media":"","overlay-type":"","overlay-color":"","overlay-opacity":"","overlay-gradient":""},"tablet":{"background-color":"var(--ast-global-color-5)","background-image":"","background-repeat":"repeat","background-position":"center center","background-size":"auto","background-attachment":"scroll","background-type":"","background-media":"","overlay-type":"","overlay-color":"","overlay-opacity":"","overlay-gradient":""},"mobile":{"background-color":"var(--ast-global-color-5)","background-image":"","background-repeat":"repeat","background-position":"center center","background-size":"auto","background-attachment":"scroll","background-type":"","background-media":"","overlay-type":"","overlay-color":"","overlay-opacity":"","overlay-gradient":""}},"footnotes":""},"categories":[1671,1528],"tags":[],"class_list":["post-58244","page","type-page","status-publish","has-post-thumbnail","hentry","category-p-espectacles-humor","category-ficha-verde"],"yoast_head":"<!-- This site is optimized with the Yoast SEO plugin v27.3 - https:\/\/yoast.com\/product\/yoast-seo-wordpress\/ -->\n<title>Fer Riure \u00e9s un Art d&#039;en Joan Pera - Ag\u00e8ncia de contractaci\u00f3 d&#039;espectacles<\/title>\n<meta name=\"description\" content=\"Contractar l&#039;espectacle Fer riure \u00e9s un art d&#039;en Joan Pera, una celebraci\u00f3 als 50 anys dedicats a la professi\u00f3 humor\u00edstica. No t&#039;ho perdis!\" \/>\n<meta name=\"robots\" content=\"noindex, follow, max-snippet:-1, max-image-preview:large, max-video-preview:-1\" \/>\n<meta property=\"og:locale\" content=\"ca_ES\" \/>\n<meta property=\"og:type\" content=\"article\" \/>\n<meta property=\"og:title\" content=\"Fer Riure \u00e9s un Art d&#039;en Joan Pera - Ag\u00e8ncia de contractaci\u00f3 d&#039;espectacles\" \/>\n<meta property=\"og:description\" content=\"Contractar l&#039;espectacle Fer riure \u00e9s un art d&#039;en Joan Pera, una celebraci\u00f3 als 50 anys dedicats a la professi\u00f3 humor\u00edstica. No t&#039;ho perdis!\" \/>\n<meta property=\"og:url\" content=\"https:\/\/test.puntmarketing.com\/espectalium-cat\/fer-riure-es-un-art-joan-pera\/\" \/>\n<meta property=\"og:site_name\" content=\"Espectalium\" \/>\n<meta property=\"article:modified_time\" content=\"2024-07-29T06:58:11+00:00\" \/>\n<meta property=\"og:image\" content=\"https:\/\/test.puntmarketing.com\/espectalium-cat\/wp-content\/uploads\/2021\/04\/fer-riure-es-un-art-joan-pera-3.jpeg\" \/>\n\t<meta property=\"og:image:width\" content=\"1200\" \/>\n\t<meta property=\"og:image:height\" content=\"674\" \/>\n\t<meta property=\"og:image:type\" content=\"image\/jpeg\" \/>\n<meta name=\"twitter:label1\" content=\"Temps estimat de lectura\" \/>\n\t<meta name=\"twitter:data1\" content=\"2 minuts\" \/>\n<script type=\"application\/ld+json\" class=\"yoast-schema-graph\">{\"@context\":\"https:\\\/\\\/schema.org\",\"@graph\":[{\"@type\":\"WebPage\",\"@id\":\"https:\\\/\\\/test.puntmarketing.com\\\/espectalium-cat\\\/fer-riure-es-un-art-joan-pera\\\/\",\"url\":\"https:\\\/\\\/test.puntmarketing.com\\\/espectalium-cat\\\/fer-riure-es-un-art-joan-pera\\\/\",\"name\":\"Fer Riure \u00e9s un Art d'en Joan Pera - Ag\u00e8ncia de contractaci\u00f3 d'espectacles\",\"isPartOf\":{\"@id\":\"https:\\\/\\\/test.puntmarketing.com\\\/espectalium-cat\\\/#website\"},\"primaryImageOfPage\":{\"@id\":\"https:\\\/\\\/test.puntmarketing.com\\\/espectalium-cat\\\/fer-riure-es-un-art-joan-pera\\\/#primaryimage\"},\"image\":{\"@id\":\"https:\\\/\\\/test.puntmarketing.com\\\/espectalium-cat\\\/fer-riure-es-un-art-joan-pera\\\/#primaryimage\"},\"thumbnailUrl\":\"https:\\\/\\\/test.puntmarketing.com\\\/espectalium-cat\\\/wp-content\\\/uploads\\\/2021\\\/04\\\/fer-riure-es-un-art-joan-pera-3.jpeg\",\"datePublished\":\"2021-04-27T08:33:51+00:00\",\"dateModified\":\"2024-07-29T06:58:11+00:00\",\"description\":\"Contractar l'espectacle Fer riure \u00e9s un art d'en Joan Pera, una celebraci\u00f3 als 50 anys dedicats a la professi\u00f3 humor\u00edstica. No t'ho perdis!\",\"breadcrumb\":{\"@id\":\"https:\\\/\\\/test.puntmarketing.com\\\/espectalium-cat\\\/fer-riure-es-un-art-joan-pera\\\/#breadcrumb\"},\"inLanguage\":\"ca\",\"potentialAction\":[{\"@type\":\"ReadAction\",\"target\":[\"https:\\\/\\\/test.puntmarketing.com\\\/espectalium-cat\\\/fer-riure-es-un-art-joan-pera\\\/\"]}]},{\"@type\":\"ImageObject\",\"inLanguage\":\"ca\",\"@id\":\"https:\\\/\\\/test.puntmarketing.com\\\/espectalium-cat\\\/fer-riure-es-un-art-joan-pera\\\/#primaryimage\",\"url\":\"https:\\\/\\\/test.puntmarketing.com\\\/espectalium-cat\\\/wp-content\\\/uploads\\\/2021\\\/04\\\/fer-riure-es-un-art-joan-pera-3.jpeg\",\"contentUrl\":\"https:\\\/\\\/test.puntmarketing.com\\\/espectalium-cat\\\/wp-content\\\/uploads\\\/2021\\\/04\\\/fer-riure-es-un-art-joan-pera-3.jpeg\",\"width\":1200,\"height\":674,\"caption\":\"fer riure \u00e9s un art joan pera\"},{\"@type\":\"BreadcrumbList\",\"@id\":\"https:\\\/\\\/test.puntmarketing.com\\\/espectalium-cat\\\/fer-riure-es-un-art-joan-pera\\\/#breadcrumb\",\"itemListElement\":[{\"@type\":\"ListItem\",\"position\":1,\"name\":\"Espectalium\",\"item\":\"https:\\\/\\\/test.puntmarketing.com\\\/espectalium-cat\\\/\"},{\"@type\":\"ListItem\",\"position\":2,\"name\":\"Fer Riure \u00e9s un Art d&#8217;en Joan Pera\"}]},{\"@type\":\"WebSite\",\"@id\":\"https:\\\/\\\/test.puntmarketing.com\\\/espectalium-cat\\\/#website\",\"url\":\"https:\\\/\\\/test.puntmarketing.com\\\/espectalium-cat\\\/\",\"name\":\"Espectalium\",\"description\":\"ARTISTAS, ESPECT\u00c1CULOS Y ACTIVIDADES A MEDIDA PARA EVENTOS.\",\"publisher\":{\"@id\":\"https:\\\/\\\/test.puntmarketing.com\\\/espectalium-cat\\\/#organization\"},\"potentialAction\":[{\"@type\":\"SearchAction\",\"target\":{\"@type\":\"EntryPoint\",\"urlTemplate\":\"https:\\\/\\\/test.puntmarketing.com\\\/espectalium-cat\\\/?s={search_term_string}\"},\"query-input\":{\"@type\":\"PropertyValueSpecification\",\"valueRequired\":true,\"valueName\":\"search_term_string\"}}],\"inLanguage\":\"ca\"},{\"@type\":\"Organization\",\"@id\":\"https:\\\/\\\/test.puntmarketing.com\\\/espectalium-cat\\\/#organization\",\"name\":\"Espectalium\",\"url\":\"https:\\\/\\\/test.puntmarketing.com\\\/espectalium-cat\\\/\",\"logo\":{\"@type\":\"ImageObject\",\"inLanguage\":\"ca\",\"@id\":\"https:\\\/\\\/test.puntmarketing.com\\\/espectalium-cat\\\/#\\\/schema\\\/logo\\\/image\\\/\",\"url\":\"\",\"contentUrl\":\"\",\"caption\":\"Espectalium\"},\"image\":{\"@id\":\"https:\\\/\\\/test.puntmarketing.com\\\/espectalium-cat\\\/#\\\/schema\\\/logo\\\/image\\\/\"}}]}<\/script>\n<!-- \/ Yoast SEO plugin. -->","yoast_head_json":{"title":"Fer Riure \u00e9s un Art d'en Joan Pera - Ag\u00e8ncia de contractaci\u00f3 d'espectacles","description":"Contractar l'espectacle Fer riure \u00e9s un art d'en Joan Pera, una celebraci\u00f3 als 50 anys dedicats a la professi\u00f3 humor\u00edstica. No t'ho perdis!","robots":{"index":"noindex","follow":"follow","max-snippet":"max-snippet:-1","max-image-preview":"max-image-preview:large","max-video-preview":"max-video-preview:-1"},"og_locale":"ca_ES","og_type":"article","og_title":"Fer Riure \u00e9s un Art d'en Joan Pera - Ag\u00e8ncia de contractaci\u00f3 d'espectacles","og_description":"Contractar l'espectacle Fer riure \u00e9s un art d'en Joan Pera, una celebraci\u00f3 als 50 anys dedicats a la professi\u00f3 humor\u00edstica. No t'ho perdis!","og_url":"https:\/\/test.puntmarketing.com\/espectalium-cat\/fer-riure-es-un-art-joan-pera\/","og_site_name":"Espectalium","article_modified_time":"2024-07-29T06:58:11+00:00","og_image":[{"width":1200,"height":674,"url":"https:\/\/test.puntmarketing.com\/espectalium-cat\/wp-content\/uploads\/2021\/04\/fer-riure-es-un-art-joan-pera-3.jpeg","type":"image\/jpeg"}],"twitter_misc":{"Temps estimat de lectura":"2 minuts"},"schema":{"@context":"https:\/\/schema.org","@graph":[{"@type":"WebPage","@id":"https:\/\/test.puntmarketing.com\/espectalium-cat\/fer-riure-es-un-art-joan-pera\/","url":"https:\/\/test.puntmarketing.com\/espectalium-cat\/fer-riure-es-un-art-joan-pera\/","name":"Fer Riure \u00e9s un Art d'en Joan Pera - Ag\u00e8ncia de contractaci\u00f3 d'espectacles","isPartOf":{"@id":"https:\/\/test.puntmarketing.com\/espectalium-cat\/#website"},"primaryImageOfPage":{"@id":"https:\/\/test.puntmarketing.com\/espectalium-cat\/fer-riure-es-un-art-joan-pera\/#primaryimage"},"image":{"@id":"https:\/\/test.puntmarketing.com\/espectalium-cat\/fer-riure-es-un-art-joan-pera\/#primaryimage"},"thumbnailUrl":"https:\/\/test.puntmarketing.com\/espectalium-cat\/wp-content\/uploads\/2021\/04\/fer-riure-es-un-art-joan-pera-3.jpeg","datePublished":"2021-04-27T08:33:51+00:00","dateModified":"2024-07-29T06:58:11+00:00","description":"Contractar l'espectacle Fer riure \u00e9s un art d'en Joan Pera, una celebraci\u00f3 als 50 anys dedicats a la professi\u00f3 humor\u00edstica. No t'ho perdis!","breadcrumb":{"@id":"https:\/\/test.puntmarketing.com\/espectalium-cat\/fer-riure-es-un-art-joan-pera\/#breadcrumb"},"inLanguage":"ca","potentialAction":[{"@type":"ReadAction","target":["https:\/\/test.puntmarketing.com\/espectalium-cat\/fer-riure-es-un-art-joan-pera\/"]}]},{"@type":"ImageObject","inLanguage":"ca","@id":"https:\/\/test.puntmarketing.com\/espectalium-cat\/fer-riure-es-un-art-joan-pera\/#primaryimage","url":"https:\/\/test.puntmarketing.com\/espectalium-cat\/wp-content\/uploads\/2021\/04\/fer-riure-es-un-art-joan-pera-3.jpeg","contentUrl":"https:\/\/test.puntmarketing.com\/espectalium-cat\/wp-content\/uploads\/2021\/04\/fer-riure-es-un-art-joan-pera-3.jpeg","width":1200,"height":674,"caption":"fer riure \u00e9s un art joan pera"},{"@type":"BreadcrumbList","@id":"https:\/\/test.puntmarketing.com\/espectalium-cat\/fer-riure-es-un-art-joan-pera\/#breadcrumb","itemListElement":[{"@type":"ListItem","position":1,"name":"Espectalium","item":"https:\/\/test.puntmarketing.com\/espectalium-cat\/"},{"@type":"ListItem","position":2,"name":"Fer Riure \u00e9s un Art d&#8217;en Joan Pera"}]},{"@type":"WebSite","@id":"https:\/\/test.puntmarketing.com\/espectalium-cat\/#website","url":"https:\/\/test.puntmarketing.com\/espectalium-cat\/","name":"Espectalium","description":"ARTISTAS, ESPECT\u00c1CULOS Y ACTIVIDADES A MEDIDA PARA EVENTOS.","publisher":{"@id":"https:\/\/test.puntmarketing.com\/espectalium-cat\/#organization"},"potentialAction":[{"@type":"SearchAction","target":{"@type":"EntryPoint","urlTemplate":"https:\/\/test.puntmarketing.com\/espectalium-cat\/?s={search_term_string}"},"query-input":{"@type":"PropertyValueSpecification","valueRequired":true,"valueName":"search_term_string"}}],"inLanguage":"ca"},{"@type":"Organization","@id":"https:\/\/test.puntmarketing.com\/espectalium-cat\/#organization","name":"Espectalium","url":"https:\/\/test.puntmarketing.com\/espectalium-cat\/","logo":{"@type":"ImageObject","inLanguage":"ca","@id":"https:\/\/test.puntmarketing.com\/espectalium-cat\/#\/schema\/logo\/image\/","url":"","contentUrl":"","caption":"Espectalium"},"image":{"@id":"https:\/\/test.puntmarketing.com\/espectalium-cat\/#\/schema\/logo\/image\/"}}]}},"_links":{"self":[{"href":"https:\/\/test.puntmarketing.com\/espectalium-cat\/wp-json\/wp\/v2\/pages\/58244","targetHints":{"allow":["GET"]}}],"collection":[{"href":"https:\/\/test.puntmarketing.com\/espectalium-cat\/wp-json\/wp\/v2\/pages"}],"about":[{"href":"https:\/\/test.puntmarketing.com\/espectalium-cat\/wp-json\/wp\/v2\/types\/page"}],"author":[{"embeddable":true,"href":"https:\/\/test.puntmarketing.com\/espectalium-cat\/wp-json\/wp\/v2\/users\/11"}],"replies":[{"embeddable":true,"href":"https:\/\/test.puntmarketing.com\/espectalium-cat\/wp-json\/wp\/v2\/comments?post=58244"}],"version-history":[{"count":15,"href":"https:\/\/test.puntmarketing.com\/espectalium-cat\/wp-json\/wp\/v2\/pages\/58244\/revisions"}],"predecessor-version":[{"id":61255,"href":"https:\/\/test.puntmarketing.com\/espectalium-cat\/wp-json\/wp\/v2\/pages\/58244\/revisions\/61255"}],"wp:featuredmedia":[{"embeddable":true,"href":"https:\/\/test.puntmarketing.com\/espectalium-cat\/wp-json\/wp\/v2\/media\/58368"}],"wp:attachment":[{"href":"https:\/\/test.puntmarketing.com\/espectalium-cat\/wp-json\/wp\/v2\/media?parent=58244"}],"wp:term":[{"taxonomy":"category","embeddable":true,"href":"https:\/\/test.puntmarketing.com\/espectalium-cat\/wp-json\/wp\/v2\/categories?post=58244"},{"taxonomy":"post_tag","embeddable":true,"href":"https:\/\/test.puntmarketing.com\/espectalium-cat\/wp-json\/wp\/v2\/tags?post=58244"}],"curies":[{"name":"wp","href":"https:\/\/api.w.org\/{rel}","templated":true}]}}