{"id":58102,"date":"2021-04-23T09:43:21","date_gmt":"2021-04-23T07:43:21","guid":{"rendered":"https:\/\/test.puntmarketing.com\/espectalium-cat\/?page_id=58102"},"modified":"2024-07-24T11:37:19","modified_gmt":"2024-07-24T09:37:19","slug":"impro-side-story","status":"publish","type":"page","link":"https:\/\/test.puntmarketing.com\/espectalium-cat\/impro-side-story\/","title":{"rendered":"IMPRO SIDE STORY"},"content":{"rendered":"\t\t<div data-elementor-type=\"wp-page\" data-elementor-id=\"58102\" class=\"elementor elementor-58102\" data-elementor-post-type=\"page\">\n\t\t\t\t\t\t<section class=\"elementor-section elementor-top-section elementor-element elementor-element-d02ee86 elementor-section-boxed elementor-section-height-default elementor-section-height-default\" data-id=\"d02ee86\" data-element_type=\"section\" data-e-type=\"section\">\n\t\t\t\t\t\t<div class=\"elementor-container elementor-column-gap-default\">\n\t\t\t\t\t<div class=\"elementor-column elementor-col-100 elementor-top-column elementor-element elementor-element-bfd94c8\" data-id=\"bfd94c8\" data-element_type=\"column\" data-e-type=\"column\">\n\t\t\t<div class=\"elementor-widget-wrap elementor-element-populated\">\n\t\t\t\t\t\t<div class=\"elementor-element elementor-element-be83095 elementor-widget elementor-widget-image\" data-id=\"be83095\" data-element_type=\"widget\" data-e-type=\"widget\" data-widget_type=\"image.default\">\n\t\t\t\t<div class=\"elementor-widget-container\">\n\t\t\t\t\t\t\t\t\t\t\t\t\t\t\t<img fetchpriority=\"high\" decoding=\"async\" width=\"768\" height=\"1086\" src=\"https:\/\/test.puntmarketing.com\/espectalium-cat\/wp-content\/uploads\/2021\/04\/impro-side-story-768x1086.jpg\" class=\"attachment-medium_large size-medium_large wp-image-58106\" alt=\"impro side story\" srcset=\"https:\/\/test.puntmarketing.com\/espectalium-cat\/wp-content\/uploads\/2021\/04\/impro-side-story-768x1086.jpg 768w, https:\/\/test.puntmarketing.com\/espectalium-cat\/wp-content\/uploads\/2021\/04\/impro-side-story-339x480.jpg 339w, https:\/\/test.puntmarketing.com\/espectalium-cat\/wp-content\/uploads\/2021\/04\/impro-side-story-724x1024.jpg 724w, https:\/\/test.puntmarketing.com\/espectalium-cat\/wp-content\/uploads\/2021\/04\/impro-side-story-1086x1536.jpg 1086w, https:\/\/test.puntmarketing.com\/espectalium-cat\/wp-content\/uploads\/2021\/04\/impro-side-story-1448x2048.jpg 1448w, https:\/\/test.puntmarketing.com\/espectalium-cat\/wp-content\/uploads\/2021\/04\/impro-side-story-scaled.jpg 1810w\" sizes=\"(max-width: 768px) 100vw, 768px\" \/>\t\t\t\t\t\t\t\t\t\t\t\t\t\t\t<\/div>\n\t\t\t\t<\/div>\n\t\t\t\t<div class=\"elementor-element elementor-element-5e9d593 elementor-widget elementor-widget-spacer\" data-id=\"5e9d593\" data-element_type=\"widget\" data-e-type=\"widget\" data-widget_type=\"spacer.default\">\n\t\t\t\t<div class=\"elementor-widget-container\">\n\t\t\t\t\t\t\t<div class=\"elementor-spacer\">\n\t\t\t<div class=\"elementor-spacer-inner\"><\/div>\n\t\t<\/div>\n\t\t\t\t\t\t<\/div>\n\t\t\t\t<\/div>\n\t\t\t\t<div class=\"elementor-element elementor-element-7317e4a elementor-widget elementor-widget-heading\" data-id=\"7317e4a\" data-element_type=\"widget\" data-e-type=\"widget\" data-widget_type=\"heading.default\">\n\t\t\t\t<div class=\"elementor-widget-container\">\n\t\t\t\t\t<h1 class=\"elementor-heading-title elementor-size-xl\">IMPRO SIDE STORY<\/h1>\t\t\t\t<\/div>\n\t\t\t\t<\/div>\n\t\t\t\t<div class=\"elementor-element elementor-element-b220f50 elementor-widget elementor-widget-text-editor\" data-id=\"b220f50\" data-element_type=\"widget\" data-e-type=\"widget\" data-widget_type=\"text-editor.default\">\n\t\t\t\t<div class=\"elementor-widget-container\">\n\t\t\t\t\t\t\t\t\t<p>Impro Side Story \u00e9s un <b>espectacle d&#8217;improvisaci\u00f3<\/b> on el p\u00fablic es converteix en el gran protagonista. La improvisaci\u00f3 \u00e9s la clau per divertir-se i viure una experi\u00e8ncia \u00fanica.\u00a0<\/p>\t\t\t\t\t\t\t\t<\/div>\n\t\t\t\t<\/div>\n\t\t\t\t<div class=\"elementor-element elementor-element-7f06b3f elementor-widget elementor-widget-video\" data-id=\"7f06b3f\" data-element_type=\"widget\" data-e-type=\"widget\" data-settings=\"{&quot;youtube_url&quot;:&quot;https:\\\/\\\/www.youtube.com\\\/watch?v=FosoR5VMkoU&quot;,&quot;video_type&quot;:&quot;youtube&quot;,&quot;controls&quot;:&quot;yes&quot;}\" data-widget_type=\"video.default\">\n\t\t\t\t<div class=\"elementor-widget-container\">\n\t\t\t\t\t\t\t<div class=\"elementor-wrapper elementor-open-inline\">\n\t\t\t<div class=\"elementor-video\"><\/div>\t\t<\/div>\n\t\t\t\t\t\t<\/div>\n\t\t\t\t<\/div>\n\t\t\t\t<div class=\"elementor-element elementor-element-26add9c elementor-widget elementor-widget-spacer\" data-id=\"26add9c\" data-element_type=\"widget\" data-e-type=\"widget\" data-widget_type=\"spacer.default\">\n\t\t\t\t<div class=\"elementor-widget-container\">\n\t\t\t\t\t\t\t<div class=\"elementor-spacer\">\n\t\t\t<div class=\"elementor-spacer-inner\"><\/div>\n\t\t<\/div>\n\t\t\t\t\t\t<\/div>\n\t\t\t\t<\/div>\n\t\t\t\t<div class=\"elementor-element elementor-element-9fdee49 elementor-widget elementor-widget-text-editor\" data-id=\"9fdee49\" data-element_type=\"widget\" data-e-type=\"widget\" data-widget_type=\"text-editor.default\">\n\t\t\t\t<div class=\"elementor-widget-container\">\n\t\t\t\t\t\t\t\t\t<p><b>Impro Side Story <\/b>\u00e9s un show d&#8217;improvisaci\u00f3 on ning\u00fa sap com comen\u00e7a ni com acaba. En cada funci\u00f3 es viuen noves hist\u00f2ries on la m\u00fasica i les can\u00e7ons juguen un paper molt important. L&#8217;espectador tindr\u00e0 la oportunitat de teletransportar-se a musicals des de Broadway fins al m\u00f3n m\u00e0gic de Disney.\u00a0<\/p><p><span style=\"font-size: 18px;\">Despr\u00e9s de l&#8217;\u00e9xit del primer impro show &#8220;ImproBroadway&#8221;al 2013, han anat creixent tan els artistes com els espectacles, fins a dia d&#8217;avui amb el nou impro show &#8220;<\/span><b style=\"font-style: inherit;\">Impro Side Story<\/b><span style=\"font-size: 18px;\">&#8220;, un espectacle d&#8217;humor que et deixar\u00e0 sorpr\u00e8s i amb moltes ganes de tornar-hi perqu\u00e8 cada funci\u00f3 \u00e9s una hist\u00f2ria diferent.\u00a0<\/span><\/p><p>Tindr\u00e0s la oportunitat de disfrutar aquest espectacle de la m\u00e0 dels artistes dedicats al m\u00f3n de la improvisaci\u00f3. Aprofita l&#8217;experi\u00e8ncia, escriu a un paper el primer que et vingui al cap i deixa que els actors s&#8217;encarreguin de la resta.<\/p><p>No et quedis amb les ganes i disfruta d&#8217;aquest espectacle d&#8217;humor!\u00a0<\/p>\t\t\t\t\t\t\t\t<\/div>\n\t\t\t\t<\/div>\n\t\t\t\t\t<\/div>\n\t\t<\/div>\n\t\t\t\t\t<\/div>\n\t\t<\/section>\n\t\t\t\t<\/div>\n\t\t","protected":false},"excerpt":{"rendered":"<p>Impro Side Story Espectacle d&#8217;Improvisaci\u00f3. Disfruta d&#8217;aquest espectacle d&#8217;improvisaci\u00f3 on el p\u00fablic es convertir\u00e0 amb el principal protagonista. <\/p>\n","protected":false},"author":11,"featured_media":58233,"parent":53143,"menu_order":0,"comment_status":"closed","ping_status":"closed","template":"","meta":{"site-sidebar-layout":"no-sidebar","site-content-layout":"page-builder","ast-site-content-layout":"default","site-content-style":"default","site-sidebar-style":"default","ast-global-header-display":"","ast-banner-title-visibility":"","ast-main-header-display":"","ast-hfb-above-header-display":"","ast-hfb-below-header-display":"","ast-hfb-mobile-header-display":"","site-post-title":"disabled","ast-breadcrumbs-content":"","ast-featured-img":"disabled","footer-sml-layout":"","ast-disable-related-posts":"","theme-transparent-header-meta":"default","adv-header-id-meta":"","stick-header-meta":"default","header-above-stick-meta":"","header-main-stick-meta":"","header-below-stick-meta":"","astra-migrate-meta-layouts":"default","ast-page-background-enabled":"default","ast-page-background-meta":{"desktop":{"background-color":"","background-image":"","background-repeat":"repeat","background-position":"center center","background-size":"auto","background-attachment":"scroll","background-type":"","background-media":"","overlay-type":"","overlay-color":"","overlay-opacity":"","overlay-gradient":""},"tablet":{"background-color":"","background-image":"","background-repeat":"repeat","background-position":"center center","background-size":"auto","background-attachment":"scroll","background-type":"","background-media":"","overlay-type":"","overlay-color":"","overlay-opacity":"","overlay-gradient":""},"mobile":{"background-color":"","background-image":"","background-repeat":"repeat","background-position":"center center","background-size":"auto","background-attachment":"scroll","background-type":"","background-media":"","overlay-type":"","overlay-color":"","overlay-opacity":"","overlay-gradient":""}},"ast-content-background-meta":{"desktop":{"background-color":"var(--ast-global-color-5)","background-image":"","background-repeat":"repeat","background-position":"center center","background-size":"auto","background-attachment":"scroll","background-type":"","background-media":"","overlay-type":"","overlay-color":"","overlay-opacity":"","overlay-gradient":""},"tablet":{"background-color":"var(--ast-global-color-5)","background-image":"","background-repeat":"repeat","background-position":"center center","background-size":"auto","background-attachment":"scroll","background-type":"","background-media":"","overlay-type":"","overlay-color":"","overlay-opacity":"","overlay-gradient":""},"mobile":{"background-color":"var(--ast-global-color-5)","background-image":"","background-repeat":"repeat","background-position":"center center","background-size":"auto","background-attachment":"scroll","background-type":"","background-media":"","overlay-type":"","overlay-color":"","overlay-opacity":"","overlay-gradient":""}},"footnotes":""},"categories":[1671,1528],"tags":[],"class_list":["post-58102","page","type-page","status-publish","has-post-thumbnail","hentry","category-p-espectacles-humor","category-ficha-verde"],"yoast_head":"<!-- This site is optimized with the Yoast SEO plugin v27.3 - https:\/\/yoast.com\/product\/yoast-seo-wordpress\/ -->\n<title>Impro Side Story | Ag\u00e8ncia de Contrataci\u00f3 d&#039;Espectacles Espectalium<\/title>\n<meta name=\"description\" content=\"Contractar Impro Side Story. Disfruta d&#039;aquest espectacle d&#039;improvisaci\u00f3 on el p\u00fablic es convertir\u00e0 amb el principal protagonista. Consulta&#039;ns!\" \/>\n<meta name=\"robots\" content=\"noindex, follow, max-snippet:-1, max-image-preview:large, max-video-preview:-1\" \/>\n<meta property=\"og:locale\" content=\"ca_ES\" \/>\n<meta property=\"og:type\" content=\"article\" \/>\n<meta property=\"og:title\" content=\"Impro Side Story | Ag\u00e8ncia de Contrataci\u00f3 d&#039;Espectacles Espectalium\" \/>\n<meta property=\"og:description\" content=\"Contractar Impro Side Story. Disfruta d&#039;aquest espectacle d&#039;improvisaci\u00f3 on el p\u00fablic es convertir\u00e0 amb el principal protagonista. Consulta&#039;ns!\" \/>\n<meta property=\"og:url\" content=\"https:\/\/test.puntmarketing.com\/espectalium-cat\/impro-side-story\/\" \/>\n<meta property=\"og:site_name\" content=\"Espectalium\" \/>\n<meta property=\"article:modified_time\" content=\"2024-07-24T09:37:19+00:00\" \/>\n<meta property=\"og:image\" content=\"https:\/\/test.puntmarketing.com\/espectalium-cat\/wp-content\/uploads\/2021\/04\/impro-side-story-4.jpeg\" \/>\n\t<meta property=\"og:image:width\" content=\"720\" \/>\n\t<meta property=\"og:image:height\" content=\"320\" \/>\n\t<meta property=\"og:image:type\" content=\"image\/jpeg\" \/>\n<meta name=\"twitter:label1\" content=\"Temps estimat de lectura\" \/>\n\t<meta name=\"twitter:data1\" content=\"2 minuts\" \/>\n<script type=\"application\/ld+json\" class=\"yoast-schema-graph\">{\"@context\":\"https:\\\/\\\/schema.org\",\"@graph\":[{\"@type\":\"WebPage\",\"@id\":\"https:\\\/\\\/test.puntmarketing.com\\\/espectalium-cat\\\/impro-side-story\\\/\",\"url\":\"https:\\\/\\\/test.puntmarketing.com\\\/espectalium-cat\\\/impro-side-story\\\/\",\"name\":\"Impro Side Story | Ag\u00e8ncia de Contrataci\u00f3 d'Espectacles Espectalium\",\"isPartOf\":{\"@id\":\"https:\\\/\\\/test.puntmarketing.com\\\/espectalium-cat\\\/#website\"},\"primaryImageOfPage\":{\"@id\":\"https:\\\/\\\/test.puntmarketing.com\\\/espectalium-cat\\\/impro-side-story\\\/#primaryimage\"},\"image\":{\"@id\":\"https:\\\/\\\/test.puntmarketing.com\\\/espectalium-cat\\\/impro-side-story\\\/#primaryimage\"},\"thumbnailUrl\":\"https:\\\/\\\/test.puntmarketing.com\\\/espectalium-cat\\\/wp-content\\\/uploads\\\/2021\\\/04\\\/impro-side-story-4.jpeg\",\"datePublished\":\"2021-04-23T07:43:21+00:00\",\"dateModified\":\"2024-07-24T09:37:19+00:00\",\"description\":\"Contractar Impro Side Story. Disfruta d'aquest espectacle d'improvisaci\u00f3 on el p\u00fablic es convertir\u00e0 amb el principal protagonista. Consulta'ns!\",\"breadcrumb\":{\"@id\":\"https:\\\/\\\/test.puntmarketing.com\\\/espectalium-cat\\\/impro-side-story\\\/#breadcrumb\"},\"inLanguage\":\"ca\",\"potentialAction\":[{\"@type\":\"ReadAction\",\"target\":[\"https:\\\/\\\/test.puntmarketing.com\\\/espectalium-cat\\\/impro-side-story\\\/\"]}]},{\"@type\":\"ImageObject\",\"inLanguage\":\"ca\",\"@id\":\"https:\\\/\\\/test.puntmarketing.com\\\/espectalium-cat\\\/impro-side-story\\\/#primaryimage\",\"url\":\"https:\\\/\\\/test.puntmarketing.com\\\/espectalium-cat\\\/wp-content\\\/uploads\\\/2021\\\/04\\\/impro-side-story-4.jpeg\",\"contentUrl\":\"https:\\\/\\\/test.puntmarketing.com\\\/espectalium-cat\\\/wp-content\\\/uploads\\\/2021\\\/04\\\/impro-side-story-4.jpeg\",\"width\":720,\"height\":320,\"caption\":\"impro side story\"},{\"@type\":\"BreadcrumbList\",\"@id\":\"https:\\\/\\\/test.puntmarketing.com\\\/espectalium-cat\\\/impro-side-story\\\/#breadcrumb\",\"itemListElement\":[{\"@type\":\"ListItem\",\"position\":1,\"name\":\"Espectalium\",\"item\":\"https:\\\/\\\/test.puntmarketing.com\\\/espectalium-cat\\\/\"},{\"@type\":\"ListItem\",\"position\":2,\"name\":\"Espectacles\",\"item\":\"https:\\\/\\\/test.puntmarketing.com\\\/espectalium-cat\\\/agencia-espectacles\\\/\"},{\"@type\":\"ListItem\",\"position\":3,\"name\":\"IMPRO SIDE STORY\"}]},{\"@type\":\"WebSite\",\"@id\":\"https:\\\/\\\/test.puntmarketing.com\\\/espectalium-cat\\\/#website\",\"url\":\"https:\\\/\\\/test.puntmarketing.com\\\/espectalium-cat\\\/\",\"name\":\"Espectalium\",\"description\":\"ARTISTAS, ESPECT\u00c1CULOS Y ACTIVIDADES A MEDIDA PARA EVENTOS.\",\"publisher\":{\"@id\":\"https:\\\/\\\/test.puntmarketing.com\\\/espectalium-cat\\\/#organization\"},\"potentialAction\":[{\"@type\":\"SearchAction\",\"target\":{\"@type\":\"EntryPoint\",\"urlTemplate\":\"https:\\\/\\\/test.puntmarketing.com\\\/espectalium-cat\\\/?s={search_term_string}\"},\"query-input\":{\"@type\":\"PropertyValueSpecification\",\"valueRequired\":true,\"valueName\":\"search_term_string\"}}],\"inLanguage\":\"ca\"},{\"@type\":\"Organization\",\"@id\":\"https:\\\/\\\/test.puntmarketing.com\\\/espectalium-cat\\\/#organization\",\"name\":\"Espectalium\",\"url\":\"https:\\\/\\\/test.puntmarketing.com\\\/espectalium-cat\\\/\",\"logo\":{\"@type\":\"ImageObject\",\"inLanguage\":\"ca\",\"@id\":\"https:\\\/\\\/test.puntmarketing.com\\\/espectalium-cat\\\/#\\\/schema\\\/logo\\\/image\\\/\",\"url\":\"\",\"contentUrl\":\"\",\"caption\":\"Espectalium\"},\"image\":{\"@id\":\"https:\\\/\\\/test.puntmarketing.com\\\/espectalium-cat\\\/#\\\/schema\\\/logo\\\/image\\\/\"}}]}<\/script>\n<!-- \/ Yoast SEO plugin. -->","yoast_head_json":{"title":"Impro Side Story | Ag\u00e8ncia de Contrataci\u00f3 d'Espectacles Espectalium","description":"Contractar Impro Side Story. Disfruta d'aquest espectacle d'improvisaci\u00f3 on el p\u00fablic es convertir\u00e0 amb el principal protagonista. Consulta'ns!","robots":{"index":"noindex","follow":"follow","max-snippet":"max-snippet:-1","max-image-preview":"max-image-preview:large","max-video-preview":"max-video-preview:-1"},"og_locale":"ca_ES","og_type":"article","og_title":"Impro Side Story | Ag\u00e8ncia de Contrataci\u00f3 d'Espectacles Espectalium","og_description":"Contractar Impro Side Story. Disfruta d'aquest espectacle d'improvisaci\u00f3 on el p\u00fablic es convertir\u00e0 amb el principal protagonista. Consulta'ns!","og_url":"https:\/\/test.puntmarketing.com\/espectalium-cat\/impro-side-story\/","og_site_name":"Espectalium","article_modified_time":"2024-07-24T09:37:19+00:00","og_image":[{"width":720,"height":320,"url":"https:\/\/test.puntmarketing.com\/espectalium-cat\/wp-content\/uploads\/2021\/04\/impro-side-story-4.jpeg","type":"image\/jpeg"}],"twitter_misc":{"Temps estimat de lectura":"2 minuts"},"schema":{"@context":"https:\/\/schema.org","@graph":[{"@type":"WebPage","@id":"https:\/\/test.puntmarketing.com\/espectalium-cat\/impro-side-story\/","url":"https:\/\/test.puntmarketing.com\/espectalium-cat\/impro-side-story\/","name":"Impro Side Story | Ag\u00e8ncia de Contrataci\u00f3 d'Espectacles Espectalium","isPartOf":{"@id":"https:\/\/test.puntmarketing.com\/espectalium-cat\/#website"},"primaryImageOfPage":{"@id":"https:\/\/test.puntmarketing.com\/espectalium-cat\/impro-side-story\/#primaryimage"},"image":{"@id":"https:\/\/test.puntmarketing.com\/espectalium-cat\/impro-side-story\/#primaryimage"},"thumbnailUrl":"https:\/\/test.puntmarketing.com\/espectalium-cat\/wp-content\/uploads\/2021\/04\/impro-side-story-4.jpeg","datePublished":"2021-04-23T07:43:21+00:00","dateModified":"2024-07-24T09:37:19+00:00","description":"Contractar Impro Side Story. Disfruta d'aquest espectacle d'improvisaci\u00f3 on el p\u00fablic es convertir\u00e0 amb el principal protagonista. Consulta'ns!","breadcrumb":{"@id":"https:\/\/test.puntmarketing.com\/espectalium-cat\/impro-side-story\/#breadcrumb"},"inLanguage":"ca","potentialAction":[{"@type":"ReadAction","target":["https:\/\/test.puntmarketing.com\/espectalium-cat\/impro-side-story\/"]}]},{"@type":"ImageObject","inLanguage":"ca","@id":"https:\/\/test.puntmarketing.com\/espectalium-cat\/impro-side-story\/#primaryimage","url":"https:\/\/test.puntmarketing.com\/espectalium-cat\/wp-content\/uploads\/2021\/04\/impro-side-story-4.jpeg","contentUrl":"https:\/\/test.puntmarketing.com\/espectalium-cat\/wp-content\/uploads\/2021\/04\/impro-side-story-4.jpeg","width":720,"height":320,"caption":"impro side story"},{"@type":"BreadcrumbList","@id":"https:\/\/test.puntmarketing.com\/espectalium-cat\/impro-side-story\/#breadcrumb","itemListElement":[{"@type":"ListItem","position":1,"name":"Espectalium","item":"https:\/\/test.puntmarketing.com\/espectalium-cat\/"},{"@type":"ListItem","position":2,"name":"Espectacles","item":"https:\/\/test.puntmarketing.com\/espectalium-cat\/agencia-espectacles\/"},{"@type":"ListItem","position":3,"name":"IMPRO SIDE STORY"}]},{"@type":"WebSite","@id":"https:\/\/test.puntmarketing.com\/espectalium-cat\/#website","url":"https:\/\/test.puntmarketing.com\/espectalium-cat\/","name":"Espectalium","description":"ARTISTAS, ESPECT\u00c1CULOS Y ACTIVIDADES A MEDIDA PARA EVENTOS.","publisher":{"@id":"https:\/\/test.puntmarketing.com\/espectalium-cat\/#organization"},"potentialAction":[{"@type":"SearchAction","target":{"@type":"EntryPoint","urlTemplate":"https:\/\/test.puntmarketing.com\/espectalium-cat\/?s={search_term_string}"},"query-input":{"@type":"PropertyValueSpecification","valueRequired":true,"valueName":"search_term_string"}}],"inLanguage":"ca"},{"@type":"Organization","@id":"https:\/\/test.puntmarketing.com\/espectalium-cat\/#organization","name":"Espectalium","url":"https:\/\/test.puntmarketing.com\/espectalium-cat\/","logo":{"@type":"ImageObject","inLanguage":"ca","@id":"https:\/\/test.puntmarketing.com\/espectalium-cat\/#\/schema\/logo\/image\/","url":"","contentUrl":"","caption":"Espectalium"},"image":{"@id":"https:\/\/test.puntmarketing.com\/espectalium-cat\/#\/schema\/logo\/image\/"}}]}},"_links":{"self":[{"href":"https:\/\/test.puntmarketing.com\/espectalium-cat\/wp-json\/wp\/v2\/pages\/58102","targetHints":{"allow":["GET"]}}],"collection":[{"href":"https:\/\/test.puntmarketing.com\/espectalium-cat\/wp-json\/wp\/v2\/pages"}],"about":[{"href":"https:\/\/test.puntmarketing.com\/espectalium-cat\/wp-json\/wp\/v2\/types\/page"}],"author":[{"embeddable":true,"href":"https:\/\/test.puntmarketing.com\/espectalium-cat\/wp-json\/wp\/v2\/users\/11"}],"replies":[{"embeddable":true,"href":"https:\/\/test.puntmarketing.com\/espectalium-cat\/wp-json\/wp\/v2\/comments?post=58102"}],"version-history":[{"count":15,"href":"https:\/\/test.puntmarketing.com\/espectalium-cat\/wp-json\/wp\/v2\/pages\/58102\/revisions"}],"predecessor-version":[{"id":61192,"href":"https:\/\/test.puntmarketing.com\/espectalium-cat\/wp-json\/wp\/v2\/pages\/58102\/revisions\/61192"}],"up":[{"embeddable":true,"href":"https:\/\/test.puntmarketing.com\/espectalium-cat\/wp-json\/wp\/v2\/pages\/53143"}],"wp:featuredmedia":[{"embeddable":true,"href":"https:\/\/test.puntmarketing.com\/espectalium-cat\/wp-json\/wp\/v2\/media\/58233"}],"wp:attachment":[{"href":"https:\/\/test.puntmarketing.com\/espectalium-cat\/wp-json\/wp\/v2\/media?parent=58102"}],"wp:term":[{"taxonomy":"category","embeddable":true,"href":"https:\/\/test.puntmarketing.com\/espectalium-cat\/wp-json\/wp\/v2\/categories?post=58102"},{"taxonomy":"post_tag","embeddable":true,"href":"https:\/\/test.puntmarketing.com\/espectalium-cat\/wp-json\/wp\/v2\/tags?post=58102"}],"curies":[{"name":"wp","href":"https:\/\/api.w.org\/{rel}","templated":true}]}}