{"id":57143,"date":"2021-03-11T12:55:34","date_gmt":"2021-03-11T11:55:34","guid":{"rendered":"https:\/\/test.puntmarketing.com\/espectalium-cat\/?page_id=57143"},"modified":"2024-07-25T09:51:37","modified_gmt":"2024-07-25T07:51:37","slug":"ara-mes-den-pep-plaza","status":"publish","type":"page","link":"https:\/\/test.puntmarketing.com\/espectalium-cat\/ara-mes-d-en-pep-plaza\/","title":{"rendered":"Pep Plaza"},"content":{"rendered":"\t\t<div data-elementor-type=\"wp-page\" data-elementor-id=\"57143\" class=\"elementor elementor-57143\" data-elementor-post-type=\"page\">\n\t\t\t\t\t\t<section class=\"elementor-section elementor-top-section elementor-element elementor-element-e6a2fb9 elementor-section-boxed elementor-section-height-default elementor-section-height-default\" data-id=\"e6a2fb9\" data-element_type=\"section\" data-e-type=\"section\">\n\t\t\t\t\t\t<div class=\"elementor-container elementor-column-gap-default\">\n\t\t\t\t\t<div class=\"elementor-column elementor-col-100 elementor-top-column elementor-element elementor-element-69bec60\" data-id=\"69bec60\" data-element_type=\"column\" data-e-type=\"column\">\n\t\t\t<div class=\"elementor-widget-wrap elementor-element-populated\">\n\t\t\t\t\t\t<div class=\"elementor-element elementor-element-b12eaf2 elementor-widget elementor-widget-heading\" data-id=\"b12eaf2\" data-element_type=\"widget\" data-e-type=\"widget\" data-widget_type=\"heading.default\">\n\t\t\t\t<div class=\"elementor-widget-container\">\n\t\t\t\t\t<h2 class=\"elementor-heading-title elementor-size-default\">Contractar Pep Plaza<\/h2>\t\t\t\t<\/div>\n\t\t\t\t<\/div>\n\t\t\t\t<div class=\"elementor-element elementor-element-43a4db8 elementor-widget elementor-widget-video\" data-id=\"43a4db8\" data-element_type=\"widget\" data-e-type=\"widget\" data-settings=\"{&quot;youtube_url&quot;:&quot;https:\\\/\\\/www.youtube.com\\\/watch?v=UZxsUZSAzkI&quot;,&quot;video_type&quot;:&quot;youtube&quot;,&quot;controls&quot;:&quot;yes&quot;}\" data-widget_type=\"video.default\">\n\t\t\t\t<div class=\"elementor-widget-container\">\n\t\t\t\t\t\t\t<div class=\"elementor-wrapper elementor-open-inline\">\n\t\t\t<div class=\"elementor-video\"><\/div>\t\t<\/div>\n\t\t\t\t\t\t<\/div>\n\t\t\t\t<\/div>\n\t\t\t\t<div class=\"elementor-element elementor-element-232bb16 elementor-widget elementor-widget-text-editor\" data-id=\"232bb16\" data-element_type=\"widget\" data-e-type=\"widget\" data-widget_type=\"text-editor.default\">\n\t\t\t\t<div class=\"elementor-widget-container\">\n\t\t\t\t\t\t\t\t\t<p>L&#8217;espectacle d&#8217;humor Ara M\u00e9s! d&#8217;en Pep Plaza \u00e9s una de les funcions m\u00e9s originals i diferents que hi ha hagut durant aquests temps. En Pep posa la seva veu a mil i un personatges coneguts, gr\u00e0cies a la seva traject\u00f2ria de 25 anys damunt l&#8217;escenari, ho celebra amb aquest homenatge d&#8217;espectacle Ara M\u00e9s!.<\/p><p>Aquesta funci\u00f3 tracta sobre moltes hist\u00f2ries encadenades y desencadenades dalt de l&#8217;escenari. Aquest espectacle va acompanyat per un piano i per un pianista en directe. En Pep t\u00e9 la capacitat de ficar-se en la pell de cada un dels personatges durant el mon\u00f2leg on no se sap a on acabar\u00e0, aix\u00f2 ho has de descobrir tu!<\/p><p>Disfruta d&#8217;aquest espectacle amb m\u00fasica en directe d&#8217;en Pep Plaza, riures i diversi\u00f3 assegurades.\u00a0<\/p>\t\t\t\t\t\t\t\t<\/div>\n\t\t\t\t<\/div>\n\t\t\t\t\t<\/div>\n\t\t<\/div>\n\t\t\t\t\t<\/div>\n\t\t<\/section>\n\t\t\t\t<section class=\"elementor-section elementor-top-section elementor-element elementor-element-f13eea8 elementor-section-boxed elementor-section-height-default elementor-section-height-default\" data-id=\"f13eea8\" data-element_type=\"section\" data-e-type=\"section\">\n\t\t\t\t\t\t<div class=\"elementor-container elementor-column-gap-default\">\n\t\t\t\t\t<div class=\"elementor-column elementor-col-100 elementor-top-column elementor-element elementor-element-3b49a11\" data-id=\"3b49a11\" data-element_type=\"column\" data-e-type=\"column\">\n\t\t\t<div class=\"elementor-widget-wrap elementor-element-populated\">\n\t\t\t\t\t\t<div class=\"elementor-element elementor-element-88ca3de elementor-position-left box-info elementor-vertical-align-top elementor-widget elementor-widget-image-box\" data-id=\"88ca3de\" data-element_type=\"widget\" data-e-type=\"widget\" data-widget_type=\"image-box.default\">\n\t\t\t\t<div class=\"elementor-widget-container\">\n\t\t\t\t\t<div class=\"elementor-image-box-wrapper\"><figure class=\"elementor-image-box-img\"><img fetchpriority=\"high\" decoding=\"async\" width=\"250\" height=\"250\" src=\"https:\/\/test.puntmarketing.com\/espectalium-cat\/wp-content\/uploads\/2021\/03\/Contractar-Pep-Plaza-1.png\" class=\"attachment-thumbnail size-thumbnail wp-image-57676\" alt=\"Contractar Pep Plaza 1\" \/><\/figure><div class=\"elementor-image-box-content\"><h3 class=\"elementor-image-box-title\">Pep Plaza<\/h3><p class=\"elementor-image-box-description\">Pep Plaza \u00e9s un conegut humorista i actor. Despr\u00e9s d'estar 10 anys en espectacles en solitari - imitacions, festes d'empresa, mon\u00f2legs, etc., es va presentar al seu primer c\u00e0sting. Ha colaborat en diferents programes de televisi\u00f3, Set de nit de TV3, Homo Zapping de Antena 3,  Pol\u00f2nia i Crackovia de TV3 i entre altres. <\/p><\/div><\/div>\t\t\t\t<\/div>\n\t\t\t\t<\/div>\n\t\t\t\t\t<\/div>\n\t\t<\/div>\n\t\t\t\t\t<\/div>\n\t\t<\/section>\n\t\t\t\t<section class=\"elementor-section elementor-top-section elementor-element elementor-element-31a7ae2 elementor-section-boxed elementor-section-height-default elementor-section-height-default\" data-id=\"31a7ae2\" data-element_type=\"section\" data-e-type=\"section\">\n\t\t\t\t\t\t<div class=\"elementor-container elementor-column-gap-default\">\n\t\t\t\t\t<div class=\"elementor-column elementor-col-100 elementor-top-column elementor-element elementor-element-b8f92a9\" data-id=\"b8f92a9\" data-element_type=\"column\" data-e-type=\"column\" data-settings=\"{&quot;background_background&quot;:&quot;classic&quot;}\">\n\t\t\t<div class=\"elementor-widget-wrap elementor-element-populated\">\n\t\t\t\t\t\t<div class=\"elementor-element elementor-element-000f42a elementor-widget-divider--view-line elementor-widget elementor-widget-divider\" data-id=\"000f42a\" data-element_type=\"widget\" data-e-type=\"widget\" data-widget_type=\"divider.default\">\n\t\t\t\t<div class=\"elementor-widget-container\">\n\t\t\t\t\t\t\t<div class=\"elementor-divider\">\n\t\t\t<span class=\"elementor-divider-separator\">\n\t\t\t\t\t\t<\/span>\n\t\t<\/div>\n\t\t\t\t\t\t<\/div>\n\t\t\t\t<\/div>\n\t\t\t\t<section class=\"elementor-section elementor-inner-section elementor-element elementor-element-f718251 elementor-section-boxed elementor-section-height-default elementor-section-height-default\" data-id=\"f718251\" data-element_type=\"section\" data-e-type=\"section\">\n\t\t\t\t\t\t<div class=\"elementor-container elementor-column-gap-default\">\n\t\t\t\t\t<div class=\"elementor-column elementor-col-100 elementor-inner-column elementor-element elementor-element-40b03d7\" data-id=\"40b03d7\" data-element_type=\"column\" data-e-type=\"column\">\n\t\t\t<div class=\"elementor-widget-wrap elementor-element-populated\">\n\t\t\t\t\t\t<div class=\"elementor-element elementor-element-3ac0d9e elementor-widget elementor-widget-heading\" data-id=\"3ac0d9e\" data-element_type=\"widget\" data-e-type=\"widget\" data-widget_type=\"heading.default\">\n\t\t\t\t<div class=\"elementor-widget-container\">\n\t\t\t\t\t<p class=\"elementor-heading-title elementor-size-xxl\">Espectalium<br><span style=\"font-size: 30px;font-style: normal;font-weight: 300\">La teva ag\u00e8ncia d'espectacles<\/span><\/p>\t\t\t\t<\/div>\n\t\t\t\t<\/div>\n\t\t\t\t<div class=\"elementor-element elementor-element-b597661 elementor-widget elementor-widget-spacer\" data-id=\"b597661\" data-element_type=\"widget\" data-e-type=\"widget\" data-widget_type=\"spacer.default\">\n\t\t\t\t<div class=\"elementor-widget-container\">\n\t\t\t\t\t\t\t<div class=\"elementor-spacer\">\n\t\t\t<div class=\"elementor-spacer-inner\"><\/div>\n\t\t<\/div>\n\t\t\t\t\t\t<\/div>\n\t\t\t\t<\/div>\n\t\t\t\t<div class=\"elementor-element elementor-element-0aaa473 elementor-widget elementor-widget-text-editor\" data-id=\"0aaa473\" data-element_type=\"widget\" data-e-type=\"widget\" data-widget_type=\"text-editor.default\">\n\t\t\t\t<div class=\"elementor-widget-container\">\n\t\t\t\t\t\t\t\t\t<p>Som una <b>ag\u00e8ncia<\/b> de <b>contractaci\u00f3<\/b> <b>d&#8217;espectacles<\/b> per a esdeveniments de tota mena aix\u00ed com per a accions de m\u00e0rqueting i publicitat. Si est\u00e0s interessat en contractar <b>Pep Plaza<\/b> no oblidis posar-te en <b>contacte<\/b> amb nosaltres per qualsevol dubte.\u00a0<\/p><p>Des\u00a0<a href=\"https:\/\/test.puntmarketing.com\/espectalium-cat\/\" target=\"_blank\" rel=\"noopener\">d&#8217;Espectalium<\/a>\u00a0oferim una gran varietat d&#8217;espectacles. Pots <b>contactar<\/b> amb nosaltres per a <b>contractar artistes i espectacles<\/b> de tota classe.<\/p>\t\t\t\t\t\t\t\t<\/div>\n\t\t\t\t<\/div>\n\t\t\t\t<div class=\"elementor-element elementor-element-5903593 elementor-align-left elementor-widget elementor-widget-button\" data-id=\"5903593\" data-element_type=\"widget\" data-e-type=\"widget\" data-widget_type=\"button.default\">\n\t\t\t\t<div class=\"elementor-widget-container\">\n\t\t\t\t\t\t\t\t\t<div class=\"elementor-button-wrapper\">\n\t\t\t\t\t<a class=\"elementor-button elementor-button-link elementor-size-sm\" href=\"https:\/\/test.puntmarketing.com\/espectalium-cat\/contacte\/\" target=\"_blank\">\n\t\t\t\t\t\t<span class=\"elementor-button-content-wrapper\">\n\t\t\t\t\t\t\t\t\t<span class=\"elementor-button-text\">\u00a1CONTACTA'NS!<\/span>\n\t\t\t\t\t<\/span>\n\t\t\t\t\t<\/a>\n\t\t\t\t<\/div>\n\t\t\t\t\t\t\t\t<\/div>\n\t\t\t\t<\/div>\n\t\t\t\t\t<\/div>\n\t\t<\/div>\n\t\t\t\t\t<\/div>\n\t\t<\/section>\n\t\t\t\t<div class=\"elementor-element elementor-element-63eb08c elementor-widget-divider--view-line elementor-widget elementor-widget-divider\" data-id=\"63eb08c\" data-element_type=\"widget\" data-e-type=\"widget\" data-widget_type=\"divider.default\">\n\t\t\t\t<div class=\"elementor-widget-container\">\n\t\t\t\t\t\t\t<div class=\"elementor-divider\">\n\t\t\t<span class=\"elementor-divider-separator\">\n\t\t\t\t\t\t<\/span>\n\t\t<\/div>\n\t\t\t\t\t\t<\/div>\n\t\t\t\t<\/div>\n\t\t\t\t\t<\/div>\n\t\t<\/div>\n\t\t\t\t\t<\/div>\n\t\t<\/section>\n\t\t\t\t<\/div>\n\t\t","protected":false},"excerpt":{"rendered":"<p>Contractar Pep Plaza per esdeveniments i festes. Contractaci\u00f3 Pep Plaza per a un espectacle d&#8217;humor. Consulta&#8217;ns!<\/p>\n","protected":false},"author":11,"featured_media":57674,"parent":53143,"menu_order":0,"comment_status":"closed","ping_status":"closed","template":"","meta":{"site-sidebar-layout":"no-sidebar","site-content-layout":"page-builder","ast-site-content-layout":"default","site-content-style":"default","site-sidebar-style":"default","ast-global-header-display":"","ast-banner-title-visibility":"","ast-main-header-display":"","ast-hfb-above-header-display":"","ast-hfb-below-header-display":"","ast-hfb-mobile-header-display":"","site-post-title":"disabled","ast-breadcrumbs-content":"","ast-featured-img":"disabled","footer-sml-layout":"","ast-disable-related-posts":"","theme-transparent-header-meta":"default","adv-header-id-meta":"","stick-header-meta":"default","header-above-stick-meta":"","header-main-stick-meta":"","header-below-stick-meta":"","astra-migrate-meta-layouts":"default","ast-page-background-enabled":"default","ast-page-background-meta":{"desktop":{"background-color":"","background-image":"","background-repeat":"repeat","background-position":"center center","background-size":"auto","background-attachment":"scroll","background-type":"","background-media":"","overlay-type":"","overlay-color":"","overlay-opacity":"","overlay-gradient":""},"tablet":{"background-color":"","background-image":"","background-repeat":"repeat","background-position":"center center","background-size":"auto","background-attachment":"scroll","background-type":"","background-media":"","overlay-type":"","overlay-color":"","overlay-opacity":"","overlay-gradient":""},"mobile":{"background-color":"","background-image":"","background-repeat":"repeat","background-position":"center center","background-size":"auto","background-attachment":"scroll","background-type":"","background-media":"","overlay-type":"","overlay-color":"","overlay-opacity":"","overlay-gradient":""}},"ast-content-background-meta":{"desktop":{"background-color":"var(--ast-global-color-5)","background-image":"","background-repeat":"repeat","background-position":"center center","background-size":"auto","background-attachment":"scroll","background-type":"","background-media":"","overlay-type":"","overlay-color":"","overlay-opacity":"","overlay-gradient":""},"tablet":{"background-color":"var(--ast-global-color-5)","background-image":"","background-repeat":"repeat","background-position":"center center","background-size":"auto","background-attachment":"scroll","background-type":"","background-media":"","overlay-type":"","overlay-color":"","overlay-opacity":"","overlay-gradient":""},"mobile":{"background-color":"var(--ast-global-color-5)","background-image":"","background-repeat":"repeat","background-position":"center center","background-size":"auto","background-attachment":"scroll","background-type":"","background-media":"","overlay-type":"","overlay-color":"","overlay-opacity":"","overlay-gradient":""}},"footnotes":""},"categories":[1671,1528,1618,1659],"tags":[],"class_list":["post-57143","page","type-page","status-publish","has-post-thumbnail","hentry","category-p-espectacles-humor","category-ficha-verde","category-p-humoristes-i-comics","category-p-monologuistes"],"yoast_head":"<!-- This site is optimized with the Yoast SEO plugin v27.3 - https:\/\/yoast.com\/product\/yoast-seo-wordpress\/ -->\n<title>Contractar Pep Plaza - Espectalium<\/title>\n<meta name=\"description\" content=\"Contractar Pep Plaza per esdeveniments i festes. Contractaci\u00f3 Pep Plaza per a un espectacle d&#039;humor. Consulta&#039;ns!\" \/>\n<meta name=\"robots\" content=\"noindex, follow, max-snippet:-1, max-image-preview:large, max-video-preview:-1\" \/>\n<meta property=\"og:locale\" content=\"ca_ES\" \/>\n<meta property=\"og:type\" content=\"article\" \/>\n<meta property=\"og:title\" content=\"Contractar Pep Plaza - Espectalium\" \/>\n<meta property=\"og:description\" content=\"Contractar Pep Plaza per esdeveniments i festes. Contractaci\u00f3 Pep Plaza per a un espectacle d&#039;humor. Consulta&#039;ns!\" \/>\n<meta property=\"og:url\" content=\"https:\/\/test.puntmarketing.com\/espectalium-cat\/ara-mes-d-en-pep-plaza\/\" \/>\n<meta property=\"og:site_name\" content=\"Espectalium\" \/>\n<meta property=\"article:modified_time\" content=\"2024-07-25T07:51:37+00:00\" \/>\n<meta property=\"og:image\" content=\"https:\/\/test.puntmarketing.com\/espectalium-cat\/wp-content\/uploads\/2021\/03\/Contractar-Pep-Plaza.jpg\" \/>\n\t<meta property=\"og:image:width\" content=\"1429\" \/>\n\t<meta property=\"og:image:height\" content=\"629\" \/>\n\t<meta property=\"og:image:type\" content=\"image\/jpeg\" \/>\n<meta name=\"twitter:label1\" content=\"Temps estimat de lectura\" \/>\n\t<meta name=\"twitter:data1\" content=\"2 minuts\" \/>\n<script type=\"application\/ld+json\" class=\"yoast-schema-graph\">{\"@context\":\"https:\\\/\\\/schema.org\",\"@graph\":[{\"@type\":\"WebPage\",\"@id\":\"https:\\\/\\\/test.puntmarketing.com\\\/espectalium-cat\\\/ara-mes-d-en-pep-plaza\\\/\",\"url\":\"https:\\\/\\\/test.puntmarketing.com\\\/espectalium-cat\\\/ara-mes-d-en-pep-plaza\\\/\",\"name\":\"Contractar Pep Plaza - Espectalium\",\"isPartOf\":{\"@id\":\"https:\\\/\\\/test.puntmarketing.com\\\/espectalium-cat\\\/#website\"},\"primaryImageOfPage\":{\"@id\":\"https:\\\/\\\/test.puntmarketing.com\\\/espectalium-cat\\\/ara-mes-d-en-pep-plaza\\\/#primaryimage\"},\"image\":{\"@id\":\"https:\\\/\\\/test.puntmarketing.com\\\/espectalium-cat\\\/ara-mes-d-en-pep-plaza\\\/#primaryimage\"},\"thumbnailUrl\":\"https:\\\/\\\/test.puntmarketing.com\\\/espectalium-cat\\\/wp-content\\\/uploads\\\/2021\\\/03\\\/Contractar-Pep-Plaza.jpg\",\"datePublished\":\"2021-03-11T11:55:34+00:00\",\"dateModified\":\"2024-07-25T07:51:37+00:00\",\"description\":\"Contractar Pep Plaza per esdeveniments i festes. Contractaci\u00f3 Pep Plaza per a un espectacle d'humor. Consulta'ns!\",\"breadcrumb\":{\"@id\":\"https:\\\/\\\/test.puntmarketing.com\\\/espectalium-cat\\\/ara-mes-d-en-pep-plaza\\\/#breadcrumb\"},\"inLanguage\":\"ca\",\"potentialAction\":[{\"@type\":\"ReadAction\",\"target\":[\"https:\\\/\\\/test.puntmarketing.com\\\/espectalium-cat\\\/ara-mes-d-en-pep-plaza\\\/\"]}]},{\"@type\":\"ImageObject\",\"inLanguage\":\"ca\",\"@id\":\"https:\\\/\\\/test.puntmarketing.com\\\/espectalium-cat\\\/ara-mes-d-en-pep-plaza\\\/#primaryimage\",\"url\":\"https:\\\/\\\/test.puntmarketing.com\\\/espectalium-cat\\\/wp-content\\\/uploads\\\/2021\\\/03\\\/Contractar-Pep-Plaza.jpg\",\"contentUrl\":\"https:\\\/\\\/test.puntmarketing.com\\\/espectalium-cat\\\/wp-content\\\/uploads\\\/2021\\\/03\\\/Contractar-Pep-Plaza.jpg\",\"width\":1429,\"height\":629,\"caption\":\"Contractar Pep Plaza\"},{\"@type\":\"BreadcrumbList\",\"@id\":\"https:\\\/\\\/test.puntmarketing.com\\\/espectalium-cat\\\/ara-mes-d-en-pep-plaza\\\/#breadcrumb\",\"itemListElement\":[{\"@type\":\"ListItem\",\"position\":1,\"name\":\"Espectalium\",\"item\":\"https:\\\/\\\/test.puntmarketing.com\\\/espectalium-cat\\\/\"},{\"@type\":\"ListItem\",\"position\":2,\"name\":\"Espectacles\",\"item\":\"https:\\\/\\\/test.puntmarketing.com\\\/espectalium-cat\\\/agencia-espectacles\\\/\"},{\"@type\":\"ListItem\",\"position\":3,\"name\":\"Pep Plaza\"}]},{\"@type\":\"WebSite\",\"@id\":\"https:\\\/\\\/test.puntmarketing.com\\\/espectalium-cat\\\/#website\",\"url\":\"https:\\\/\\\/test.puntmarketing.com\\\/espectalium-cat\\\/\",\"name\":\"Espectalium\",\"description\":\"ARTISTAS, ESPECT\u00c1CULOS Y ACTIVIDADES A MEDIDA PARA EVENTOS.\",\"publisher\":{\"@id\":\"https:\\\/\\\/test.puntmarketing.com\\\/espectalium-cat\\\/#organization\"},\"potentialAction\":[{\"@type\":\"SearchAction\",\"target\":{\"@type\":\"EntryPoint\",\"urlTemplate\":\"https:\\\/\\\/test.puntmarketing.com\\\/espectalium-cat\\\/?s={search_term_string}\"},\"query-input\":{\"@type\":\"PropertyValueSpecification\",\"valueRequired\":true,\"valueName\":\"search_term_string\"}}],\"inLanguage\":\"ca\"},{\"@type\":\"Organization\",\"@id\":\"https:\\\/\\\/test.puntmarketing.com\\\/espectalium-cat\\\/#organization\",\"name\":\"Espectalium\",\"url\":\"https:\\\/\\\/test.puntmarketing.com\\\/espectalium-cat\\\/\",\"logo\":{\"@type\":\"ImageObject\",\"inLanguage\":\"ca\",\"@id\":\"https:\\\/\\\/test.puntmarketing.com\\\/espectalium-cat\\\/#\\\/schema\\\/logo\\\/image\\\/\",\"url\":\"\",\"contentUrl\":\"\",\"caption\":\"Espectalium\"},\"image\":{\"@id\":\"https:\\\/\\\/test.puntmarketing.com\\\/espectalium-cat\\\/#\\\/schema\\\/logo\\\/image\\\/\"}}]}<\/script>\n<!-- \/ Yoast SEO plugin. -->","yoast_head_json":{"title":"Contractar Pep Plaza - Espectalium","description":"Contractar Pep Plaza per esdeveniments i festes. Contractaci\u00f3 Pep Plaza per a un espectacle d'humor. Consulta'ns!","robots":{"index":"noindex","follow":"follow","max-snippet":"max-snippet:-1","max-image-preview":"max-image-preview:large","max-video-preview":"max-video-preview:-1"},"og_locale":"ca_ES","og_type":"article","og_title":"Contractar Pep Plaza - Espectalium","og_description":"Contractar Pep Plaza per esdeveniments i festes. Contractaci\u00f3 Pep Plaza per a un espectacle d'humor. Consulta'ns!","og_url":"https:\/\/test.puntmarketing.com\/espectalium-cat\/ara-mes-d-en-pep-plaza\/","og_site_name":"Espectalium","article_modified_time":"2024-07-25T07:51:37+00:00","og_image":[{"width":1429,"height":629,"url":"https:\/\/test.puntmarketing.com\/espectalium-cat\/wp-content\/uploads\/2021\/03\/Contractar-Pep-Plaza.jpg","type":"image\/jpeg"}],"twitter_misc":{"Temps estimat de lectura":"2 minuts"},"schema":{"@context":"https:\/\/schema.org","@graph":[{"@type":"WebPage","@id":"https:\/\/test.puntmarketing.com\/espectalium-cat\/ara-mes-d-en-pep-plaza\/","url":"https:\/\/test.puntmarketing.com\/espectalium-cat\/ara-mes-d-en-pep-plaza\/","name":"Contractar Pep Plaza - Espectalium","isPartOf":{"@id":"https:\/\/test.puntmarketing.com\/espectalium-cat\/#website"},"primaryImageOfPage":{"@id":"https:\/\/test.puntmarketing.com\/espectalium-cat\/ara-mes-d-en-pep-plaza\/#primaryimage"},"image":{"@id":"https:\/\/test.puntmarketing.com\/espectalium-cat\/ara-mes-d-en-pep-plaza\/#primaryimage"},"thumbnailUrl":"https:\/\/test.puntmarketing.com\/espectalium-cat\/wp-content\/uploads\/2021\/03\/Contractar-Pep-Plaza.jpg","datePublished":"2021-03-11T11:55:34+00:00","dateModified":"2024-07-25T07:51:37+00:00","description":"Contractar Pep Plaza per esdeveniments i festes. Contractaci\u00f3 Pep Plaza per a un espectacle d'humor. Consulta'ns!","breadcrumb":{"@id":"https:\/\/test.puntmarketing.com\/espectalium-cat\/ara-mes-d-en-pep-plaza\/#breadcrumb"},"inLanguage":"ca","potentialAction":[{"@type":"ReadAction","target":["https:\/\/test.puntmarketing.com\/espectalium-cat\/ara-mes-d-en-pep-plaza\/"]}]},{"@type":"ImageObject","inLanguage":"ca","@id":"https:\/\/test.puntmarketing.com\/espectalium-cat\/ara-mes-d-en-pep-plaza\/#primaryimage","url":"https:\/\/test.puntmarketing.com\/espectalium-cat\/wp-content\/uploads\/2021\/03\/Contractar-Pep-Plaza.jpg","contentUrl":"https:\/\/test.puntmarketing.com\/espectalium-cat\/wp-content\/uploads\/2021\/03\/Contractar-Pep-Plaza.jpg","width":1429,"height":629,"caption":"Contractar Pep Plaza"},{"@type":"BreadcrumbList","@id":"https:\/\/test.puntmarketing.com\/espectalium-cat\/ara-mes-d-en-pep-plaza\/#breadcrumb","itemListElement":[{"@type":"ListItem","position":1,"name":"Espectalium","item":"https:\/\/test.puntmarketing.com\/espectalium-cat\/"},{"@type":"ListItem","position":2,"name":"Espectacles","item":"https:\/\/test.puntmarketing.com\/espectalium-cat\/agencia-espectacles\/"},{"@type":"ListItem","position":3,"name":"Pep Plaza"}]},{"@type":"WebSite","@id":"https:\/\/test.puntmarketing.com\/espectalium-cat\/#website","url":"https:\/\/test.puntmarketing.com\/espectalium-cat\/","name":"Espectalium","description":"ARTISTAS, ESPECT\u00c1CULOS Y ACTIVIDADES A MEDIDA PARA EVENTOS.","publisher":{"@id":"https:\/\/test.puntmarketing.com\/espectalium-cat\/#organization"},"potentialAction":[{"@type":"SearchAction","target":{"@type":"EntryPoint","urlTemplate":"https:\/\/test.puntmarketing.com\/espectalium-cat\/?s={search_term_string}"},"query-input":{"@type":"PropertyValueSpecification","valueRequired":true,"valueName":"search_term_string"}}],"inLanguage":"ca"},{"@type":"Organization","@id":"https:\/\/test.puntmarketing.com\/espectalium-cat\/#organization","name":"Espectalium","url":"https:\/\/test.puntmarketing.com\/espectalium-cat\/","logo":{"@type":"ImageObject","inLanguage":"ca","@id":"https:\/\/test.puntmarketing.com\/espectalium-cat\/#\/schema\/logo\/image\/","url":"","contentUrl":"","caption":"Espectalium"},"image":{"@id":"https:\/\/test.puntmarketing.com\/espectalium-cat\/#\/schema\/logo\/image\/"}}]}},"_links":{"self":[{"href":"https:\/\/test.puntmarketing.com\/espectalium-cat\/wp-json\/wp\/v2\/pages\/57143","targetHints":{"allow":["GET"]}}],"collection":[{"href":"https:\/\/test.puntmarketing.com\/espectalium-cat\/wp-json\/wp\/v2\/pages"}],"about":[{"href":"https:\/\/test.puntmarketing.com\/espectalium-cat\/wp-json\/wp\/v2\/types\/page"}],"author":[{"embeddable":true,"href":"https:\/\/test.puntmarketing.com\/espectalium-cat\/wp-json\/wp\/v2\/users\/11"}],"replies":[{"embeddable":true,"href":"https:\/\/test.puntmarketing.com\/espectalium-cat\/wp-json\/wp\/v2\/comments?post=57143"}],"version-history":[{"count":15,"href":"https:\/\/test.puntmarketing.com\/espectalium-cat\/wp-json\/wp\/v2\/pages\/57143\/revisions"}],"predecessor-version":[{"id":61201,"href":"https:\/\/test.puntmarketing.com\/espectalium-cat\/wp-json\/wp\/v2\/pages\/57143\/revisions\/61201"}],"up":[{"embeddable":true,"href":"https:\/\/test.puntmarketing.com\/espectalium-cat\/wp-json\/wp\/v2\/pages\/53143"}],"wp:featuredmedia":[{"embeddable":true,"href":"https:\/\/test.puntmarketing.com\/espectalium-cat\/wp-json\/wp\/v2\/media\/57674"}],"wp:attachment":[{"href":"https:\/\/test.puntmarketing.com\/espectalium-cat\/wp-json\/wp\/v2\/media?parent=57143"}],"wp:term":[{"taxonomy":"category","embeddable":true,"href":"https:\/\/test.puntmarketing.com\/espectalium-cat\/wp-json\/wp\/v2\/categories?post=57143"},{"taxonomy":"post_tag","embeddable":true,"href":"https:\/\/test.puntmarketing.com\/espectalium-cat\/wp-json\/wp\/v2\/tags?post=57143"}],"curies":[{"name":"wp","href":"https:\/\/api.w.org\/{rel}","templated":true}]}}