{"id":54106,"date":"2012-01-02T15:22:59","date_gmt":"2012-01-02T14:22:59","guid":{"rendered":"https:\/\/test.puntmarketing.com\/espectalium-cat\/contacto\/"},"modified":"2023-11-02T13:47:42","modified_gmt":"2023-11-02T12:47:42","slug":"contacte","status":"publish","type":"page","link":"https:\/\/test.puntmarketing.com\/espectalium-cat\/contacte\/","title":{"rendered":"Contacte"},"content":{"rendered":"\t\t<div data-elementor-type=\"wp-post\" data-elementor-id=\"54106\" class=\"elementor elementor-54106\" data-elementor-post-type=\"page\">\n\t\t\t\t\t\t<section class=\"elementor-section elementor-top-section elementor-element elementor-element-70aed5d2 elementor-reverse-mobile elementor-section-boxed elementor-section-height-default elementor-section-height-default\" data-id=\"70aed5d2\" data-element_type=\"section\" data-e-type=\"section\">\n\t\t\t\t\t\t<div class=\"elementor-container elementor-column-gap-default\">\n\t\t\t\t\t<div class=\"elementor-column elementor-col-50 elementor-top-column elementor-element elementor-element-539e76f5\" data-id=\"539e76f5\" data-element_type=\"column\" data-e-type=\"column\">\n\t\t\t<div class=\"elementor-widget-wrap elementor-element-populated\">\n\t\t\t\t\t\t<div class=\"elementor-element elementor-element-de53be5 elementor-widget elementor-widget-heading\" data-id=\"de53be5\" data-element_type=\"widget\" data-e-type=\"widget\" data-widget_type=\"heading.default\">\n\t\t\t\t<div class=\"elementor-widget-container\">\n\t\t\t\t\t<h3 class=\"elementor-heading-title elementor-size-default\">Contacta Amb nosaltres<\/h3>\t\t\t\t<\/div>\n\t\t\t\t<\/div>\n\t\t\t\t<div class=\"elementor-element elementor-element-44056e2 elementor-widget elementor-widget-spacer\" data-id=\"44056e2\" data-element_type=\"widget\" data-e-type=\"widget\" data-widget_type=\"spacer.default\">\n\t\t\t\t<div class=\"elementor-widget-container\">\n\t\t\t\t\t\t\t<div class=\"elementor-spacer\">\n\t\t\t<div class=\"elementor-spacer-inner\"><\/div>\n\t\t<\/div>\n\t\t\t\t\t\t<\/div>\n\t\t\t\t<\/div>\n\t\t\t\t<div class=\"elementor-element elementor-element-5451ec4 elementor-widget elementor-widget-heading\" data-id=\"5451ec4\" data-element_type=\"widget\" data-e-type=\"widget\" data-widget_type=\"heading.default\">\n\t\t\t\t<div class=\"elementor-widget-container\">\n\t\t\t\t\t<h3 class=\"elementor-heading-title elementor-size-default\">Horari d'Oficina<\/h3>\t\t\t\t<\/div>\n\t\t\t\t<\/div>\n\t\t\t\t<div class=\"elementor-element elementor-element-67e2431 elementor-widget elementor-widget-heading\" data-id=\"67e2431\" data-element_type=\"widget\" data-e-type=\"widget\" data-widget_type=\"heading.default\">\n\t\t\t\t<div class=\"elementor-widget-container\">\n\t\t\t\t\t<h5 class=\"elementor-heading-title elementor-size-default\">Horari provisional (COVID-19):<\/h5>\t\t\t\t<\/div>\n\t\t\t\t<\/div>\n\t\t\t\t<div class=\"elementor-element elementor-element-dc1bccf elementor-widget elementor-widget-heading\" data-id=\"dc1bccf\" data-element_type=\"widget\" data-e-type=\"widget\" data-widget_type=\"heading.default\">\n\t\t\t\t<div class=\"elementor-widget-container\">\n\t\t\t\t\t<h5 class=\"elementor-heading-title elementor-size-default\">Del setembre al juliol<\/h5>\t\t\t\t<\/div>\n\t\t\t\t<\/div>\n\t\t\t\t<div class=\"elementor-element elementor-element-21a4c4a elementor-widget elementor-widget-heading\" data-id=\"21a4c4a\" data-element_type=\"widget\" data-e-type=\"widget\" data-widget_type=\"heading.default\">\n\t\t\t\t<div class=\"elementor-widget-container\">\n\t\t\t\t\t<h5 class=\"elementor-heading-title elementor-size-default\">Del juliol a l'agost<\/h5>\t\t\t\t<\/div>\n\t\t\t\t<\/div>\n\t\t\t\t\t<\/div>\n\t\t<\/div>\n\t\t\t\t<div class=\"elementor-column elementor-col-50 elementor-top-column elementor-element elementor-element-b0e818c\" data-id=\"b0e818c\" data-element_type=\"column\" data-e-type=\"column\">\n\t\t\t<div class=\"elementor-widget-wrap elementor-element-populated\">\n\t\t\t\t\t\t<section class=\"elementor-section elementor-inner-section elementor-element elementor-element-507fbae elementor-section-boxed elementor-section-height-default elementor-section-height-default\" data-id=\"507fbae\" data-element_type=\"section\" data-e-type=\"section\" data-settings=\"{&quot;background_background&quot;:&quot;classic&quot;}\">\n\t\t\t\t\t\t<div class=\"elementor-container elementor-column-gap-default\">\n\t\t\t\t\t<div class=\"elementor-column elementor-col-100 elementor-inner-column elementor-element elementor-element-16794a6\" data-id=\"16794a6\" data-element_type=\"column\" data-e-type=\"column\">\n\t\t\t<div class=\"elementor-widget-wrap elementor-element-populated\">\n\t\t\t\t\t\t<div class=\"elementor-element elementor-element-39c84a8 elementor-widget elementor-widget-heading\" data-id=\"39c84a8\" data-element_type=\"widget\" data-e-type=\"widget\" data-widget_type=\"heading.default\">\n\t\t\t\t<div class=\"elementor-widget-container\">\n\t\t\t\t\t<h3 class=\"elementor-heading-title elementor-size-default\">Sol\u00b7licita informaci\u00f3<\/h3>\t\t\t\t<\/div>\n\t\t\t\t<\/div>\n\t\t\t\t<div class=\"elementor-element elementor-element-55a6903 elementor-widget elementor-widget-text-editor\" data-id=\"55a6903\" data-element_type=\"widget\" data-e-type=\"widget\" data-widget_type=\"text-editor.default\">\n\t\t\t\t<div class=\"elementor-widget-container\">\n\t\t\t\t\t\t\t\t\t<p>Omple el formulari<\/p>\t\t\t\t\t\t\t\t<\/div>\n\t\t\t\t<\/div>\n\t\t\t\t\t<\/div>\n\t\t<\/div>\n\t\t\t\t\t<\/div>\n\t\t<\/section>\n\t\t\t\t<section class=\"elementor-section elementor-inner-section elementor-element elementor-element-efc7ec8 elementor-section-boxed elementor-section-height-default elementor-section-height-default\" data-id=\"efc7ec8\" data-element_type=\"section\" data-e-type=\"section\" data-settings=\"{&quot;background_background&quot;:&quot;classic&quot;}\">\n\t\t\t\t\t\t<div class=\"elementor-container elementor-column-gap-default\">\n\t\t\t\t\t<div class=\"elementor-column elementor-col-100 elementor-inner-column elementor-element elementor-element-8031f98\" data-id=\"8031f98\" data-element_type=\"column\" data-e-type=\"column\">\n\t\t\t<div class=\"elementor-widget-wrap elementor-element-populated\">\n\t\t\t\t\t\t<div class=\"elementor-element elementor-element-0394ba1 elementor-widget elementor-widget-wpforms\" data-id=\"0394ba1\" data-element_type=\"widget\" data-e-type=\"widget\" data-widget_type=\"wpforms.default\">\n\t\t\t\t<div class=\"elementor-widget-container\">\n\t\t\t\t\t<div class=\"wpforms-container wpforms-container-full\" id=\"wpforms-59078\"><form id=\"wpforms-form-59078\" class=\"wpforms-validate wpforms-form wpforms-ajax-form\" data-formid=\"59078\" method=\"post\" enctype=\"multipart\/form-data\" action=\"\/espectalium-cat\/wp-json\/wp\/v2\/pages\/54106\" data-token=\"97f60ea1a017ba53f8fc5fa12974500b\" data-token-time=\"1776672790\"><noscript class=\"wpforms-error-noscript\">Activeu el JavaScript al navegador per a poder completar el formulari.<\/noscript><div class=\"wpforms-field-container\"><div id=\"wpforms-59078-field_0-container\" class=\"wpforms-field wpforms-field-name wpforms-one-half wpforms-first wpforms-mobile-full\" data-field-id=\"0\"><label class=\"wpforms-field-label wpforms-label-hide\" for=\"wpforms-59078-field_0\">Name<\/label><input type=\"text\" id=\"wpforms-59078-field_0\" class=\"wpforms-field-medium\" name=\"wpforms[fields][0]\" placeholder=\"Nom\" ><\/div><div id=\"wpforms-59078-field_1-container\" class=\"wpforms-field wpforms-field-email wpforms-one-half wpforms-mobile-full\" data-field-id=\"1\"><label class=\"wpforms-field-label wpforms-label-hide\" for=\"wpforms-59078-field_1\">Email <span class=\"wpforms-required-label\">*<\/span><\/label><input type=\"email\" id=\"wpforms-59078-field_1\" class=\"wpforms-field-medium wpforms-field-required\" name=\"wpforms[fields][1]\" placeholder=\"Email\" spellcheck=\"false\" required><\/div><div id=\"wpforms-59078-field_4-container\" class=\"wpforms-field wpforms-field-number wpforms-one-half wpforms-first wpforms-mobile-full\" data-field-id=\"4\"><label class=\"wpforms-field-label wpforms-label-hide\" for=\"wpforms-59078-field_4\">Tel\u00e9fono<\/label><input type=\"number\" id=\"wpforms-59078-field_4\" class=\"wpforms-field-medium\" name=\"wpforms[fields][4]\" placeholder=\"Tel\u00e8fon\" step=\"any\" ><\/div><div id=\"wpforms-59078-field_3-container\" class=\"wpforms-field wpforms-field-text wpforms-one-half wpforms-mobile-full\" data-field-id=\"3\"><label class=\"wpforms-field-label wpforms-label-hide\" for=\"wpforms-59078-field_3\">Ciudad<\/label><input type=\"text\" id=\"wpforms-59078-field_3\" class=\"wpforms-field-medium\" name=\"wpforms[fields][3]\" placeholder=\"Ciutat\" ><\/div><div id=\"wpforms-59078-field_2-container\" class=\"wpforms-field wpforms-field-textarea\" data-field-id=\"2\"><label class=\"wpforms-field-label wpforms-label-hide\" for=\"wpforms-59078-field_2\">Mensaje<\/label><textarea id=\"wpforms-59078-field_2\" class=\"wpforms-field-medium\" name=\"wpforms[fields][2]\" placeholder=\"Missatge\" ><\/textarea><\/div><div id=\"wpforms-59078-field_5-container\" class=\"wpforms-field wpforms-field-checkbox\" data-field-id=\"5\"><label class=\"wpforms-field-label wpforms-label-hide\">Aceptaci\u00f3n<\/label><ul id=\"wpforms-59078-field_5\"><li class=\"choice-1 depth-1\"><input type=\"checkbox\" id=\"wpforms-59078-field_5_1\" name=\"wpforms[fields][5][]\" value=\"Accepto la Pol\u00edtica de Privacitat\"  ><label class=\"wpforms-field-label-inline\" for=\"wpforms-59078-field_5_1\">Accepto la Pol\u00edtica de Privacitat<\/label><\/li><\/ul><\/div><\/div><!-- .wpforms-field-container --><div class=\"wpforms-submit-container\" ><input type=\"hidden\" name=\"wpforms[id]\" value=\"59078\"><input type=\"hidden\" name=\"page_title\" value=\"\"><input type=\"hidden\" name=\"page_url\" value=\"https:\/\/test.puntmarketing.com\/espectalium-cat\/wp-json\/wp\/v2\/pages\/54106\"><input type=\"hidden\" name=\"url_referer\" value=\"\"><button type=\"submit\" name=\"wpforms[submit]\" id=\"wpforms-submit-59078\" class=\"wpforms-submit\" data-alt-text=\"Enviando...\" data-submit-text=\"Enviar\" aria-live=\"assertive\" value=\"wpforms-submit\">Enviar<\/button><img decoding=\"async\" src=\"https:\/\/test.puntmarketing.com\/espectalium-cat\/wp-content\/plugins\/wpforms-lite\/assets\/images\/submit-spin.svg\" class=\"wpforms-submit-spinner\" style=\"display: none;\" width=\"26\" height=\"26\" alt=\"S&#039;est\u00e0 carregant\"><\/div><\/form><\/div>  <!-- .wpforms-container -->\t\t\t\t<\/div>\n\t\t\t\t<\/div>\n\t\t\t\t\t<\/div>\n\t\t<\/div>\n\t\t\t\t\t<\/div>\n\t\t<\/section>\n\t\t\t\t\t<\/div>\n\t\t<\/div>\n\t\t\t\t\t<\/div>\n\t\t<\/section>\n\t\t\t\t<\/div>\n\t\t","protected":false},"excerpt":{"rendered":"<p>Contacta Amb nosaltres Horari d&#8217;Oficina Horari provisional (COVID-19): Del setembre al juliol Del juliol a l&#8217;agost Sol\u00b7licita informaci\u00f3 Omple el formulari Por favor, activa JavaScript en tu navegador para completar este formulario.NameEmail *Tel\u00e9fonoCiudadMensajeAceptaci\u00f3n Accepto la Pol\u00edtica de Privacitat Enviar<\/p>\n","protected":false},"author":8,"featured_media":0,"parent":0,"menu_order":99,"comment_status":"closed","ping_status":"closed","template":"","meta":{"site-sidebar-layout":"default","site-content-layout":"default","ast-site-content-layout":"default","site-content-style":"default","site-sidebar-style":"default","ast-global-header-display":"","ast-banner-title-visibility":"","ast-main-header-display":"","ast-hfb-above-header-display":"","ast-hfb-below-header-display":"","ast-hfb-mobile-header-display":"","site-post-title":"disabled","ast-breadcrumbs-content":"","ast-featured-img":"disabled","footer-sml-layout":"","ast-disable-related-posts":"","theme-transparent-header-meta":"default","adv-header-id-meta":"","stick-header-meta":"default","header-above-stick-meta":"","header-main-stick-meta":"","header-below-stick-meta":"","astra-migrate-meta-layouts":"default","ast-page-background-enabled":"default","ast-page-background-meta":{"desktop":{"background-color":"","background-image":"","background-repeat":"repeat","background-position":"center center","background-size":"auto","background-attachment":"scroll","background-type":"","background-media":"","overlay-type":"","overlay-color":"","overlay-opacity":"","overlay-gradient":""},"tablet":{"background-color":"","background-image":"","background-repeat":"repeat","background-position":"center center","background-size":"auto","background-attachment":"scroll","background-type":"","background-media":"","overlay-type":"","overlay-color":"","overlay-opacity":"","overlay-gradient":""},"mobile":{"background-color":"","background-image":"","background-repeat":"repeat","background-position":"center center","background-size":"auto","background-attachment":"scroll","background-type":"","background-media":"","overlay-type":"","overlay-color":"","overlay-opacity":"","overlay-gradient":""}},"ast-content-background-meta":{"desktop":{"background-color":"var(--ast-global-color-5)","background-image":"","background-repeat":"repeat","background-position":"center center","background-size":"auto","background-attachment":"scroll","background-type":"","background-media":"","overlay-type":"","overlay-color":"","overlay-opacity":"","overlay-gradient":""},"tablet":{"background-color":"var(--ast-global-color-5)","background-image":"","background-repeat":"repeat","background-position":"center center","background-size":"auto","background-attachment":"scroll","background-type":"","background-media":"","overlay-type":"","overlay-color":"","overlay-opacity":"","overlay-gradient":""},"mobile":{"background-color":"var(--ast-global-color-5)","background-image":"","background-repeat":"repeat","background-position":"center center","background-size":"auto","background-attachment":"scroll","background-type":"","background-media":"","overlay-type":"","overlay-color":"","overlay-opacity":"","overlay-gradient":""}},"footnotes":""},"categories":[],"tags":[],"class_list":["post-54106","page","type-page","status-publish","hentry"],"yoast_head":"<!-- This site is optimized with the Yoast SEO plugin v27.3 - https:\/\/yoast.com\/product\/yoast-seo-wordpress\/ -->\n<title>Contacte | Espectalium<\/title>\n<meta name=\"description\" content=\"Contacta amb nosaltres per a m\u00e9s informaci\u00f3. El nostre equip de professional t&#039;assessorar\u00e0 i et proposar\u00e0 les solucions que necessites.\" \/>\n<meta name=\"robots\" content=\"noindex, follow, max-snippet:-1, max-image-preview:large, max-video-preview:-1\" \/>\n<meta property=\"og:locale\" content=\"ca_ES\" \/>\n<meta property=\"og:type\" content=\"article\" \/>\n<meta property=\"og:title\" content=\"Contacte | Espectalium\" \/>\n<meta property=\"og:description\" content=\"Contacta amb nosaltres per a m\u00e9s informaci\u00f3. El nostre equip de professional t&#039;assessorar\u00e0 i et proposar\u00e0 les solucions que necessites.\" \/>\n<meta property=\"og:url\" content=\"https:\/\/test.puntmarketing.com\/espectalium-cat\/contacte\/\" \/>\n<meta property=\"og:site_name\" content=\"Espectalium\" \/>\n<meta property=\"article:modified_time\" content=\"2023-11-02T12:47:42+00:00\" \/>\n<meta property=\"og:image\" content=\"https:\/\/test.puntmarketing.com\/espectalium-cat\/wp-content\/plugins\/wpforms-lite\/assets\/images\/submit-spin.svg\" \/>\n<meta name=\"twitter:label1\" content=\"Temps estimat de lectura\" \/>\n\t<meta name=\"twitter:data1\" content=\"1 minut\" \/>\n<script type=\"application\/ld+json\" class=\"yoast-schema-graph\">{\"@context\":\"https:\\\/\\\/schema.org\",\"@graph\":[{\"@type\":\"WebPage\",\"@id\":\"https:\\\/\\\/test.puntmarketing.com\\\/espectalium-cat\\\/contacte\\\/\",\"url\":\"https:\\\/\\\/test.puntmarketing.com\\\/espectalium-cat\\\/contacte\\\/\",\"name\":\"Contacte | Espectalium\",\"isPartOf\":{\"@id\":\"https:\\\/\\\/test.puntmarketing.com\\\/espectalium-cat\\\/#website\"},\"primaryImageOfPage\":{\"@id\":\"https:\\\/\\\/test.puntmarketing.com\\\/espectalium-cat\\\/contacte\\\/#primaryimage\"},\"image\":{\"@id\":\"https:\\\/\\\/test.puntmarketing.com\\\/espectalium-cat\\\/contacte\\\/#primaryimage\"},\"thumbnailUrl\":\"https:\\\/\\\/test.puntmarketing.com\\\/espectalium-cat\\\/wp-content\\\/plugins\\\/wpforms-lite\\\/assets\\\/images\\\/submit-spin.svg\",\"datePublished\":\"2012-01-02T14:22:59+00:00\",\"dateModified\":\"2023-11-02T12:47:42+00:00\",\"description\":\"Contacta amb nosaltres per a m\u00e9s informaci\u00f3. El nostre equip de professional t'assessorar\u00e0 i et proposar\u00e0 les solucions que necessites.\",\"breadcrumb\":{\"@id\":\"https:\\\/\\\/test.puntmarketing.com\\\/espectalium-cat\\\/contacte\\\/#breadcrumb\"},\"inLanguage\":\"ca\",\"potentialAction\":[{\"@type\":\"ReadAction\",\"target\":[\"https:\\\/\\\/test.puntmarketing.com\\\/espectalium-cat\\\/contacte\\\/\"]}]},{\"@type\":\"ImageObject\",\"inLanguage\":\"ca\",\"@id\":\"https:\\\/\\\/test.puntmarketing.com\\\/espectalium-cat\\\/contacte\\\/#primaryimage\",\"url\":\"https:\\\/\\\/test.puntmarketing.com\\\/espectalium-cat\\\/wp-content\\\/plugins\\\/wpforms-lite\\\/assets\\\/images\\\/submit-spin.svg\",\"contentUrl\":\"https:\\\/\\\/test.puntmarketing.com\\\/espectalium-cat\\\/wp-content\\\/plugins\\\/wpforms-lite\\\/assets\\\/images\\\/submit-spin.svg\"},{\"@type\":\"BreadcrumbList\",\"@id\":\"https:\\\/\\\/test.puntmarketing.com\\\/espectalium-cat\\\/contacte\\\/#breadcrumb\",\"itemListElement\":[{\"@type\":\"ListItem\",\"position\":1,\"name\":\"Espectalium\",\"item\":\"https:\\\/\\\/test.puntmarketing.com\\\/espectalium-cat\\\/\"},{\"@type\":\"ListItem\",\"position\":2,\"name\":\"Contacte\"}]},{\"@type\":\"WebSite\",\"@id\":\"https:\\\/\\\/test.puntmarketing.com\\\/espectalium-cat\\\/#website\",\"url\":\"https:\\\/\\\/test.puntmarketing.com\\\/espectalium-cat\\\/\",\"name\":\"Espectalium\",\"description\":\"ARTISTAS, ESPECT\u00c1CULOS Y ACTIVIDADES A MEDIDA PARA EVENTOS.\",\"publisher\":{\"@id\":\"https:\\\/\\\/test.puntmarketing.com\\\/espectalium-cat\\\/#organization\"},\"potentialAction\":[{\"@type\":\"SearchAction\",\"target\":{\"@type\":\"EntryPoint\",\"urlTemplate\":\"https:\\\/\\\/test.puntmarketing.com\\\/espectalium-cat\\\/?s={search_term_string}\"},\"query-input\":{\"@type\":\"PropertyValueSpecification\",\"valueRequired\":true,\"valueName\":\"search_term_string\"}}],\"inLanguage\":\"ca\"},{\"@type\":\"Organization\",\"@id\":\"https:\\\/\\\/test.puntmarketing.com\\\/espectalium-cat\\\/#organization\",\"name\":\"Espectalium\",\"url\":\"https:\\\/\\\/test.puntmarketing.com\\\/espectalium-cat\\\/\",\"logo\":{\"@type\":\"ImageObject\",\"inLanguage\":\"ca\",\"@id\":\"https:\\\/\\\/test.puntmarketing.com\\\/espectalium-cat\\\/#\\\/schema\\\/logo\\\/image\\\/\",\"url\":\"\",\"contentUrl\":\"\",\"caption\":\"Espectalium\"},\"image\":{\"@id\":\"https:\\\/\\\/test.puntmarketing.com\\\/espectalium-cat\\\/#\\\/schema\\\/logo\\\/image\\\/\"}}]}<\/script>\n<!-- \/ Yoast SEO plugin. -->","yoast_head_json":{"title":"Contacte | Espectalium","description":"Contacta amb nosaltres per a m\u00e9s informaci\u00f3. El nostre equip de professional t'assessorar\u00e0 i et proposar\u00e0 les solucions que necessites.","robots":{"index":"noindex","follow":"follow","max-snippet":"max-snippet:-1","max-image-preview":"max-image-preview:large","max-video-preview":"max-video-preview:-1"},"og_locale":"ca_ES","og_type":"article","og_title":"Contacte | Espectalium","og_description":"Contacta amb nosaltres per a m\u00e9s informaci\u00f3. El nostre equip de professional t'assessorar\u00e0 i et proposar\u00e0 les solucions que necessites.","og_url":"https:\/\/test.puntmarketing.com\/espectalium-cat\/contacte\/","og_site_name":"Espectalium","article_modified_time":"2023-11-02T12:47:42+00:00","og_image":[{"url":"https:\/\/test.puntmarketing.com\/espectalium-cat\/wp-content\/plugins\/wpforms-lite\/assets\/images\/submit-spin.svg","type":"","width":"","height":""}],"twitter_misc":{"Temps estimat de lectura":"1 minut"},"schema":{"@context":"https:\/\/schema.org","@graph":[{"@type":"WebPage","@id":"https:\/\/test.puntmarketing.com\/espectalium-cat\/contacte\/","url":"https:\/\/test.puntmarketing.com\/espectalium-cat\/contacte\/","name":"Contacte | Espectalium","isPartOf":{"@id":"https:\/\/test.puntmarketing.com\/espectalium-cat\/#website"},"primaryImageOfPage":{"@id":"https:\/\/test.puntmarketing.com\/espectalium-cat\/contacte\/#primaryimage"},"image":{"@id":"https:\/\/test.puntmarketing.com\/espectalium-cat\/contacte\/#primaryimage"},"thumbnailUrl":"https:\/\/test.puntmarketing.com\/espectalium-cat\/wp-content\/plugins\/wpforms-lite\/assets\/images\/submit-spin.svg","datePublished":"2012-01-02T14:22:59+00:00","dateModified":"2023-11-02T12:47:42+00:00","description":"Contacta amb nosaltres per a m\u00e9s informaci\u00f3. El nostre equip de professional t'assessorar\u00e0 i et proposar\u00e0 les solucions que necessites.","breadcrumb":{"@id":"https:\/\/test.puntmarketing.com\/espectalium-cat\/contacte\/#breadcrumb"},"inLanguage":"ca","potentialAction":[{"@type":"ReadAction","target":["https:\/\/test.puntmarketing.com\/espectalium-cat\/contacte\/"]}]},{"@type":"ImageObject","inLanguage":"ca","@id":"https:\/\/test.puntmarketing.com\/espectalium-cat\/contacte\/#primaryimage","url":"https:\/\/test.puntmarketing.com\/espectalium-cat\/wp-content\/plugins\/wpforms-lite\/assets\/images\/submit-spin.svg","contentUrl":"https:\/\/test.puntmarketing.com\/espectalium-cat\/wp-content\/plugins\/wpforms-lite\/assets\/images\/submit-spin.svg"},{"@type":"BreadcrumbList","@id":"https:\/\/test.puntmarketing.com\/espectalium-cat\/contacte\/#breadcrumb","itemListElement":[{"@type":"ListItem","position":1,"name":"Espectalium","item":"https:\/\/test.puntmarketing.com\/espectalium-cat\/"},{"@type":"ListItem","position":2,"name":"Contacte"}]},{"@type":"WebSite","@id":"https:\/\/test.puntmarketing.com\/espectalium-cat\/#website","url":"https:\/\/test.puntmarketing.com\/espectalium-cat\/","name":"Espectalium","description":"ARTISTAS, ESPECT\u00c1CULOS Y ACTIVIDADES A MEDIDA PARA EVENTOS.","publisher":{"@id":"https:\/\/test.puntmarketing.com\/espectalium-cat\/#organization"},"potentialAction":[{"@type":"SearchAction","target":{"@type":"EntryPoint","urlTemplate":"https:\/\/test.puntmarketing.com\/espectalium-cat\/?s={search_term_string}"},"query-input":{"@type":"PropertyValueSpecification","valueRequired":true,"valueName":"search_term_string"}}],"inLanguage":"ca"},{"@type":"Organization","@id":"https:\/\/test.puntmarketing.com\/espectalium-cat\/#organization","name":"Espectalium","url":"https:\/\/test.puntmarketing.com\/espectalium-cat\/","logo":{"@type":"ImageObject","inLanguage":"ca","@id":"https:\/\/test.puntmarketing.com\/espectalium-cat\/#\/schema\/logo\/image\/","url":"","contentUrl":"","caption":"Espectalium"},"image":{"@id":"https:\/\/test.puntmarketing.com\/espectalium-cat\/#\/schema\/logo\/image\/"}}]}},"_links":{"self":[{"href":"https:\/\/test.puntmarketing.com\/espectalium-cat\/wp-json\/wp\/v2\/pages\/54106","targetHints":{"allow":["GET"]}}],"collection":[{"href":"https:\/\/test.puntmarketing.com\/espectalium-cat\/wp-json\/wp\/v2\/pages"}],"about":[{"href":"https:\/\/test.puntmarketing.com\/espectalium-cat\/wp-json\/wp\/v2\/types\/page"}],"author":[{"embeddable":true,"href":"https:\/\/test.puntmarketing.com\/espectalium-cat\/wp-json\/wp\/v2\/users\/8"}],"replies":[{"embeddable":true,"href":"https:\/\/test.puntmarketing.com\/espectalium-cat\/wp-json\/wp\/v2\/comments?post=54106"}],"version-history":[{"count":10,"href":"https:\/\/test.puntmarketing.com\/espectalium-cat\/wp-json\/wp\/v2\/pages\/54106\/revisions"}],"predecessor-version":[{"id":61171,"href":"https:\/\/test.puntmarketing.com\/espectalium-cat\/wp-json\/wp\/v2\/pages\/54106\/revisions\/61171"}],"wp:attachment":[{"href":"https:\/\/test.puntmarketing.com\/espectalium-cat\/wp-json\/wp\/v2\/media?parent=54106"}],"wp:term":[{"taxonomy":"category","embeddable":true,"href":"https:\/\/test.puntmarketing.com\/espectalium-cat\/wp-json\/wp\/v2\/categories?post=54106"},{"taxonomy":"post_tag","embeddable":true,"href":"https:\/\/test.puntmarketing.com\/espectalium-cat\/wp-json\/wp\/v2\/tags?post=54106"}],"curies":[{"name":"wp","href":"https:\/\/api.w.org\/{rel}","templated":true}]}}