{"id":51170,"date":"2020-03-12T15:59:19","date_gmt":"2020-03-12T14:59:19","guid":{"rendered":"https:\/\/test.puntmarketing.com\/espectalium-cat\/?page_id=51170"},"modified":"2024-07-25T09:55:37","modified_gmt":"2024-07-25T07:55:37","slug":"contractar-espectacles-humor-peyu","status":"publish","type":"page","link":"https:\/\/test.puntmarketing.com\/espectalium-cat\/contractar-peyu\/","title":{"rendered":"Peyu"},"content":{"rendered":"\t\t<div data-elementor-type=\"wp-page\" data-elementor-id=\"51170\" class=\"elementor elementor-51170\" data-elementor-post-type=\"page\">\n\t\t\t\t\t\t<section class=\"elementor-section elementor-top-section elementor-element elementor-element-07babfd elementor-section-boxed elementor-section-height-default elementor-section-height-default\" data-id=\"07babfd\" data-element_type=\"section\" data-e-type=\"section\">\n\t\t\t\t\t\t<div class=\"elementor-container elementor-column-gap-default\">\n\t\t\t\t\t<div class=\"elementor-column elementor-col-100 elementor-top-column elementor-element elementor-element-8cf47f9\" data-id=\"8cf47f9\" data-element_type=\"column\" data-e-type=\"column\">\n\t\t\t<div class=\"elementor-widget-wrap elementor-element-populated\">\n\t\t\t\t\t\t<div class=\"elementor-element elementor-element-6d19dbe elementor-widget elementor-widget-heading\" data-id=\"6d19dbe\" data-element_type=\"widget\" data-e-type=\"widget\" data-widget_type=\"heading.default\">\n\t\t\t\t<div class=\"elementor-widget-container\">\n\t\t\t\t\t<h2 class=\"elementor-heading-title elementor-size-default\">Contractar Peyu<\/h2>\t\t\t\t<\/div>\n\t\t\t\t<\/div>\n\t\t\t\t<div class=\"elementor-element elementor-element-e59da91 elementor-widget elementor-widget-video\" data-id=\"e59da91\" data-element_type=\"widget\" data-e-type=\"widget\" data-settings=\"{&quot;youtube_url&quot;:&quot;https:\\\/\\\/www.youtube.com\\\/watch?v=_cYsAJJn0hA&amp;ab_channel=PEYUvideo&quot;,&quot;video_type&quot;:&quot;youtube&quot;,&quot;controls&quot;:&quot;yes&quot;}\" data-widget_type=\"video.default\">\n\t\t\t\t<div class=\"elementor-widget-container\">\n\t\t\t\t\t\t\t<div class=\"elementor-wrapper elementor-open-inline\">\n\t\t\t<div class=\"elementor-video\"><\/div>\t\t<\/div>\n\t\t\t\t\t\t<\/div>\n\t\t\t\t<\/div>\n\t\t\t\t<div class=\"elementor-element elementor-element-697846f elementor-widget elementor-widget-text-editor\" data-id=\"697846f\" data-element_type=\"widget\" data-e-type=\"widget\" data-widget_type=\"text-editor.default\">\n\t\t\t\t<div class=\"elementor-widget-container\">\n\t\t\t\t\t\t\t\t\t<p>Contractar els <a href=\"https:\/\/test.puntmarketing.com\/espectalium-cat\/espectaculos-humor-monologos\/\" target=\"_blank\" rel=\"noopener\">espectacles d&#8217;humor<\/a> de Peyu s\u00f3n un encert per qualsevol esdeveniment. L&#8217;artista ofereix una \u00e0mplia varietat d&#8217;espectacles humor\u00edstics. <b><i>El Gallardo Espa\u00f1ol<\/i><\/b> \u00e9s una de les funcions proposades. Un espectacle on Peyu interpreta a tots els personatges. Una hist\u00f2ria d&#8217;amor prohibit en un escenari on el conflicte entre moros i cristians \u00e9s utilitzat com excusa per explicar el relat. La <a href=\"https:\/\/www.elnacional.cat\/es\/cultura\/gallardo-espanol-peyu-club-capitol_461091_102.html\" target=\"_blank\" rel=\"noopener\">funci\u00f3<\/a> finalitza amb un col\u00b7loqui on el c\u00f2mic contesta les preguntes i curiositats que sorgeixin als espectadors despr\u00e9s de veure la funci\u00f3.<\/p><p>Els espectacles d&#8217;humor de Peyu tenen els ingredients essencials per arribar a tota mena de p\u00fablic. El c\u00f2mic presenta un altre espectacle ple d&#8217;humor i ironia amb <a href=\"https:\/\/test.puntmarketing.com\/espectalium-cat\/l-home-orquestra-peyu\/\" target=\"_blank\" rel=\"noopener\"><b><i>L&#8217;Home Orquestra<\/i><\/b><\/a>. Un show en forma de par\u00f2dia i homenatge on l&#8217;artista interpreta al t\u00edpic home orquestra que sol actuar a les festes majors del poble. Amb la Festa Major com a fil conductor de l&#8217;espectacle l&#8217;humorista pret\u00e9n mostrar al p\u00fablic tots els actes de les festes majors resumides en una hora. Actes resumits plens de la ironia i l&#8217;humor que caracteritzen al c\u00f2mic. Una obra m\u00e9s directe amb els espectadors on la improvisaci\u00f3 pren el protagonisme i la direcci\u00f3 de la representaci\u00f3.<\/p>\t\t\t\t\t\t\t\t<\/div>\n\t\t\t\t<\/div>\n\t\t\t\t\t<\/div>\n\t\t<\/div>\n\t\t\t\t\t<\/div>\n\t\t<\/section>\n\t\t\t\t<section class=\"elementor-section elementor-top-section elementor-element elementor-element-1485769 elementor-section-boxed elementor-section-height-default elementor-section-height-default\" data-id=\"1485769\" data-element_type=\"section\" data-e-type=\"section\">\n\t\t\t\t\t\t<div class=\"elementor-container elementor-column-gap-default\">\n\t\t\t\t\t<div class=\"elementor-column elementor-col-100 elementor-top-column elementor-element elementor-element-60fe353\" data-id=\"60fe353\" data-element_type=\"column\" data-e-type=\"column\">\n\t\t\t<div class=\"elementor-widget-wrap elementor-element-populated\">\n\t\t\t\t\t\t<div class=\"elementor-element elementor-element-032593c elementor-position-left box-info elementor-vertical-align-top elementor-widget elementor-widget-image-box\" data-id=\"032593c\" data-element_type=\"widget\" data-e-type=\"widget\" data-widget_type=\"image-box.default\">\n\t\t\t\t<div class=\"elementor-widget-container\">\n\t\t\t\t\t<div class=\"elementor-image-box-wrapper\"><figure class=\"elementor-image-box-img\"><img fetchpriority=\"high\" decoding=\"async\" width=\"250\" height=\"250\" src=\"https:\/\/test.puntmarketing.com\/espectalium-cat\/wp-content\/uploads\/2021\/03\/Contractar-Peyu-1.jpg\" class=\"attachment-thumbnail size-thumbnail wp-image-57686\" alt=\"Contractar Peyu 1\" \/><\/figure><div class=\"elementor-image-box-content\"><h3 class=\"elementor-image-box-title\">Peyu<\/h3><p class=\"elementor-image-box-description\">Peyu \u00e9s un fam\u00f3s humorista catal\u00e0 amb m\u00e9s de deu anys d\u2019experi\u00e8ncia. A m\u00e9s d'humorista i col\u00b7laborar a televisi\u00f3 tamb\u00e9 ha escrit un llibre. L'artista no \u00e9s un c\u00f2mic qualsevol i destaca la seva passi\u00f3 per les cabres i el formatge. <br><p dir=\"ltr\" style=\"line-height:1.38;text-align: justify;background-color:#ffffff;margin-top:0pt;margin-bottom:12pt\"><br><\/p><\/p><\/div><\/div>\t\t\t\t<\/div>\n\t\t\t\t<\/div>\n\t\t\t\t\t<\/div>\n\t\t<\/div>\n\t\t\t\t\t<\/div>\n\t\t<\/section>\n\t\t\t\t<section class=\"elementor-section elementor-top-section elementor-element elementor-element-d2e3b1e elementor-section-boxed elementor-section-height-default elementor-section-height-default\" data-id=\"d2e3b1e\" data-element_type=\"section\" data-e-type=\"section\">\n\t\t\t\t\t\t<div class=\"elementor-container elementor-column-gap-default\">\n\t\t\t\t\t<div class=\"elementor-column elementor-col-100 elementor-top-column elementor-element elementor-element-c1b287b\" data-id=\"c1b287b\" data-element_type=\"column\" data-e-type=\"column\" data-settings=\"{&quot;background_background&quot;:&quot;classic&quot;}\">\n\t\t\t<div class=\"elementor-widget-wrap elementor-element-populated\">\n\t\t\t\t\t\t<div class=\"elementor-element elementor-element-fdc3fa7 elementor-widget-divider--view-line elementor-widget elementor-widget-divider\" data-id=\"fdc3fa7\" data-element_type=\"widget\" data-e-type=\"widget\" data-widget_type=\"divider.default\">\n\t\t\t\t<div class=\"elementor-widget-container\">\n\t\t\t\t\t\t\t<div class=\"elementor-divider\">\n\t\t\t<span class=\"elementor-divider-separator\">\n\t\t\t\t\t\t<\/span>\n\t\t<\/div>\n\t\t\t\t\t\t<\/div>\n\t\t\t\t<\/div>\n\t\t\t\t<section class=\"elementor-section elementor-inner-section elementor-element elementor-element-63bc0a1 elementor-section-boxed elementor-section-height-default elementor-section-height-default\" data-id=\"63bc0a1\" data-element_type=\"section\" data-e-type=\"section\">\n\t\t\t\t\t\t<div class=\"elementor-container elementor-column-gap-default\">\n\t\t\t\t\t<div class=\"elementor-column elementor-col-100 elementor-inner-column elementor-element elementor-element-1f672af\" data-id=\"1f672af\" data-element_type=\"column\" data-e-type=\"column\">\n\t\t\t<div class=\"elementor-widget-wrap elementor-element-populated\">\n\t\t\t\t\t\t<div class=\"elementor-element elementor-element-ece4716 elementor-widget elementor-widget-heading\" data-id=\"ece4716\" data-element_type=\"widget\" data-e-type=\"widget\" data-widget_type=\"heading.default\">\n\t\t\t\t<div class=\"elementor-widget-container\">\n\t\t\t\t\t<p class=\"elementor-heading-title elementor-size-xxl\">Espectalium<br><span style=\"font-size: 30px;font-style: normal;font-weight: 300\">La teva ag\u00e8ncia d'espectacles<\/span><\/p>\t\t\t\t<\/div>\n\t\t\t\t<\/div>\n\t\t\t\t<div class=\"elementor-element elementor-element-488817e elementor-widget elementor-widget-spacer\" data-id=\"488817e\" data-element_type=\"widget\" data-e-type=\"widget\" data-widget_type=\"spacer.default\">\n\t\t\t\t<div class=\"elementor-widget-container\">\n\t\t\t\t\t\t\t<div class=\"elementor-spacer\">\n\t\t\t<div class=\"elementor-spacer-inner\"><\/div>\n\t\t<\/div>\n\t\t\t\t\t\t<\/div>\n\t\t\t\t<\/div>\n\t\t\t\t<div class=\"elementor-element elementor-element-ae0882a elementor-widget elementor-widget-text-editor\" data-id=\"ae0882a\" data-element_type=\"widget\" data-e-type=\"widget\" data-widget_type=\"text-editor.default\">\n\t\t\t\t<div class=\"elementor-widget-container\">\n\t\t\t\t\t\t\t\t\t<p>Som una ag\u00e8ncia de contractaci\u00f3 d&#8217;espectacles per a esdeveniments de tota mena aix\u00ed com per a accions de m\u00e0rqueting i publicitat. Oferim un ampli cat\u00e0leg de perfils amb l&#8217;objectiu de facilitar el treball als nostres clients.<\/p>\n<p>Si est\u00e0s interessat a contractar perfils com el de l&#8217;artista Peyu, pots contactar amb nosaltres per a <b>contractar artistes d&#8217;un perfil semblant i d&#8217;espectacles<\/b> de tota classe.<\/p>\t\t\t\t\t\t\t\t<\/div>\n\t\t\t\t<\/div>\n\t\t\t\t<div class=\"elementor-element elementor-element-1aeccb6 elementor-align-left elementor-widget elementor-widget-button\" data-id=\"1aeccb6\" data-element_type=\"widget\" data-e-type=\"widget\" data-widget_type=\"button.default\">\n\t\t\t\t<div class=\"elementor-widget-container\">\n\t\t\t\t\t\t\t\t\t<div class=\"elementor-button-wrapper\">\n\t\t\t\t\t<a class=\"elementor-button elementor-button-link elementor-size-sm\" href=\"https:\/\/test.puntmarketing.com\/espectalium-cat\/contacte\/\" target=\"_blank\">\n\t\t\t\t\t\t<span class=\"elementor-button-content-wrapper\">\n\t\t\t\t\t\t\t\t\t<span class=\"elementor-button-text\">\u00a1CONTACTA'NS!<\/span>\n\t\t\t\t\t<\/span>\n\t\t\t\t\t<\/a>\n\t\t\t\t<\/div>\n\t\t\t\t\t\t\t\t<\/div>\n\t\t\t\t<\/div>\n\t\t\t\t\t<\/div>\n\t\t<\/div>\n\t\t\t\t\t<\/div>\n\t\t<\/section>\n\t\t\t\t<div class=\"elementor-element elementor-element-a5776b1 elementor-widget-divider--view-line elementor-widget elementor-widget-divider\" data-id=\"a5776b1\" data-element_type=\"widget\" data-e-type=\"widget\" data-widget_type=\"divider.default\">\n\t\t\t\t<div class=\"elementor-widget-container\">\n\t\t\t\t\t\t\t<div class=\"elementor-divider\">\n\t\t\t<span class=\"elementor-divider-separator\">\n\t\t\t\t\t\t<\/span>\n\t\t<\/div>\n\t\t\t\t\t\t<\/div>\n\t\t\t\t<\/div>\n\t\t\t\t\t<\/div>\n\t\t<\/div>\n\t\t\t\t\t<\/div>\n\t\t<\/section>\n\t\t\t\t<\/div>\n\t\t","protected":false},"excerpt":{"rendered":"<p>Contractar espectacles d&#8217;humor de Peyu. Espectacles de mon\u00f2legs de l&#8217;humorista. <\/p>\n","protected":false},"author":11,"featured_media":57684,"parent":0,"menu_order":0,"comment_status":"closed","ping_status":"closed","template":"","meta":{"site-sidebar-layout":"no-sidebar","site-content-layout":"page-builder","ast-site-content-layout":"default","site-content-style":"default","site-sidebar-style":"default","ast-global-header-display":"","ast-banner-title-visibility":"","ast-main-header-display":"","ast-hfb-above-header-display":"","ast-hfb-below-header-display":"","ast-hfb-mobile-header-display":"","site-post-title":"disabled","ast-breadcrumbs-content":"","ast-featured-img":"disabled","footer-sml-layout":"","ast-disable-related-posts":"","theme-transparent-header-meta":"default","adv-header-id-meta":"","stick-header-meta":"default","header-above-stick-meta":"","header-main-stick-meta":"","header-below-stick-meta":"","astra-migrate-meta-layouts":"default","ast-page-background-enabled":"default","ast-page-background-meta":{"desktop":{"background-color":"","background-image":"","background-repeat":"repeat","background-position":"center center","background-size":"auto","background-attachment":"scroll","background-type":"","background-media":"","overlay-type":"","overlay-color":"","overlay-opacity":"","overlay-gradient":""},"tablet":{"background-color":"","background-image":"","background-repeat":"repeat","background-position":"center center","background-size":"auto","background-attachment":"scroll","background-type":"","background-media":"","overlay-type":"","overlay-color":"","overlay-opacity":"","overlay-gradient":""},"mobile":{"background-color":"","background-image":"","background-repeat":"repeat","background-position":"center center","background-size":"auto","background-attachment":"scroll","background-type":"","background-media":"","overlay-type":"","overlay-color":"","overlay-opacity":"","overlay-gradient":""}},"ast-content-background-meta":{"desktop":{"background-color":"var(--ast-global-color-5)","background-image":"","background-repeat":"repeat","background-position":"center center","background-size":"auto","background-attachment":"scroll","background-type":"","background-media":"","overlay-type":"","overlay-color":"","overlay-opacity":"","overlay-gradient":""},"tablet":{"background-color":"var(--ast-global-color-5)","background-image":"","background-repeat":"repeat","background-position":"center center","background-size":"auto","background-attachment":"scroll","background-type":"","background-media":"","overlay-type":"","overlay-color":"","overlay-opacity":"","overlay-gradient":""},"mobile":{"background-color":"var(--ast-global-color-5)","background-image":"","background-repeat":"repeat","background-position":"center center","background-size":"auto","background-attachment":"scroll","background-type":"","background-media":"","overlay-type":"","overlay-color":"","overlay-opacity":"","overlay-gradient":""}},"footnotes":""},"categories":[1528,1618,1659],"tags":[],"class_list":["post-51170","page","type-page","status-publish","has-post-thumbnail","hentry","category-ficha-verde","category-p-humoristes-i-comics","category-p-monologuistes"],"yoast_head":"<!-- This site is optimized with the Yoast SEO plugin v27.3 - https:\/\/yoast.com\/product\/yoast-seo-wordpress\/ -->\n<title>Contractar Peyu - Espectalium<\/title>\n<meta name=\"description\" content=\"Contractar espectacles d&#039;humor de Peyu. Espectacles de mon\u00f2legs de l&#039;humorista.\" \/>\n<meta name=\"robots\" content=\"noindex, follow, max-snippet:-1, max-image-preview:large, max-video-preview:-1\" \/>\n<meta property=\"og:locale\" content=\"ca_ES\" \/>\n<meta property=\"og:type\" content=\"article\" \/>\n<meta property=\"og:title\" content=\"Contractar Peyu - Espectalium\" \/>\n<meta property=\"og:description\" content=\"Contractar espectacles d&#039;humor de Peyu. Espectacles de mon\u00f2legs de l&#039;humorista.\" \/>\n<meta property=\"og:url\" content=\"https:\/\/test.puntmarketing.com\/espectalium-cat\/contractar-peyu\/\" \/>\n<meta property=\"og:site_name\" content=\"Espectalium\" \/>\n<meta property=\"article:modified_time\" content=\"2024-07-25T07:55:37+00:00\" \/>\n<meta property=\"og:image\" content=\"https:\/\/test.puntmarketing.com\/espectalium-cat\/wp-content\/uploads\/2021\/03\/Contractar-Peyu-.jpg\" \/>\n\t<meta property=\"og:image:width\" content=\"1210\" \/>\n\t<meta property=\"og:image:height\" content=\"492\" \/>\n\t<meta property=\"og:image:type\" content=\"image\/jpeg\" \/>\n<meta name=\"twitter:label1\" content=\"Temps estimat de lectura\" \/>\n\t<meta name=\"twitter:data1\" content=\"2 minuts\" \/>\n<script type=\"application\/ld+json\" class=\"yoast-schema-graph\">{\"@context\":\"https:\\\/\\\/schema.org\",\"@graph\":[{\"@type\":\"WebPage\",\"@id\":\"https:\\\/\\\/test.puntmarketing.com\\\/espectalium-cat\\\/contractar-peyu\\\/\",\"url\":\"https:\\\/\\\/test.puntmarketing.com\\\/espectalium-cat\\\/contractar-peyu\\\/\",\"name\":\"Contractar Peyu - Espectalium\",\"isPartOf\":{\"@id\":\"https:\\\/\\\/test.puntmarketing.com\\\/espectalium-cat\\\/#website\"},\"primaryImageOfPage\":{\"@id\":\"https:\\\/\\\/test.puntmarketing.com\\\/espectalium-cat\\\/contractar-peyu\\\/#primaryimage\"},\"image\":{\"@id\":\"https:\\\/\\\/test.puntmarketing.com\\\/espectalium-cat\\\/contractar-peyu\\\/#primaryimage\"},\"thumbnailUrl\":\"https:\\\/\\\/test.puntmarketing.com\\\/espectalium-cat\\\/wp-content\\\/uploads\\\/2021\\\/03\\\/Contractar-Peyu-.jpg\",\"datePublished\":\"2020-03-12T14:59:19+00:00\",\"dateModified\":\"2024-07-25T07:55:37+00:00\",\"description\":\"Contractar espectacles d'humor de Peyu. Espectacles de mon\u00f2legs de l'humorista.\",\"breadcrumb\":{\"@id\":\"https:\\\/\\\/test.puntmarketing.com\\\/espectalium-cat\\\/contractar-peyu\\\/#breadcrumb\"},\"inLanguage\":\"ca\",\"potentialAction\":[{\"@type\":\"ReadAction\",\"target\":[\"https:\\\/\\\/test.puntmarketing.com\\\/espectalium-cat\\\/contractar-peyu\\\/\"]}]},{\"@type\":\"ImageObject\",\"inLanguage\":\"ca\",\"@id\":\"https:\\\/\\\/test.puntmarketing.com\\\/espectalium-cat\\\/contractar-peyu\\\/#primaryimage\",\"url\":\"https:\\\/\\\/test.puntmarketing.com\\\/espectalium-cat\\\/wp-content\\\/uploads\\\/2021\\\/03\\\/Contractar-Peyu-.jpg\",\"contentUrl\":\"https:\\\/\\\/test.puntmarketing.com\\\/espectalium-cat\\\/wp-content\\\/uploads\\\/2021\\\/03\\\/Contractar-Peyu-.jpg\",\"width\":1210,\"height\":492,\"caption\":\"Contractar Peyu\"},{\"@type\":\"BreadcrumbList\",\"@id\":\"https:\\\/\\\/test.puntmarketing.com\\\/espectalium-cat\\\/contractar-peyu\\\/#breadcrumb\",\"itemListElement\":[{\"@type\":\"ListItem\",\"position\":1,\"name\":\"Espectalium\",\"item\":\"https:\\\/\\\/test.puntmarketing.com\\\/espectalium-cat\\\/\"},{\"@type\":\"ListItem\",\"position\":2,\"name\":\"Peyu\"}]},{\"@type\":\"WebSite\",\"@id\":\"https:\\\/\\\/test.puntmarketing.com\\\/espectalium-cat\\\/#website\",\"url\":\"https:\\\/\\\/test.puntmarketing.com\\\/espectalium-cat\\\/\",\"name\":\"Espectalium\",\"description\":\"ARTISTAS, ESPECT\u00c1CULOS Y ACTIVIDADES A MEDIDA PARA EVENTOS.\",\"publisher\":{\"@id\":\"https:\\\/\\\/test.puntmarketing.com\\\/espectalium-cat\\\/#organization\"},\"potentialAction\":[{\"@type\":\"SearchAction\",\"target\":{\"@type\":\"EntryPoint\",\"urlTemplate\":\"https:\\\/\\\/test.puntmarketing.com\\\/espectalium-cat\\\/?s={search_term_string}\"},\"query-input\":{\"@type\":\"PropertyValueSpecification\",\"valueRequired\":true,\"valueName\":\"search_term_string\"}}],\"inLanguage\":\"ca\"},{\"@type\":\"Organization\",\"@id\":\"https:\\\/\\\/test.puntmarketing.com\\\/espectalium-cat\\\/#organization\",\"name\":\"Espectalium\",\"url\":\"https:\\\/\\\/test.puntmarketing.com\\\/espectalium-cat\\\/\",\"logo\":{\"@type\":\"ImageObject\",\"inLanguage\":\"ca\",\"@id\":\"https:\\\/\\\/test.puntmarketing.com\\\/espectalium-cat\\\/#\\\/schema\\\/logo\\\/image\\\/\",\"url\":\"\",\"contentUrl\":\"\",\"caption\":\"Espectalium\"},\"image\":{\"@id\":\"https:\\\/\\\/test.puntmarketing.com\\\/espectalium-cat\\\/#\\\/schema\\\/logo\\\/image\\\/\"}}]}<\/script>\n<!-- \/ Yoast SEO plugin. -->","yoast_head_json":{"title":"Contractar Peyu - Espectalium","description":"Contractar espectacles d'humor de Peyu. Espectacles de mon\u00f2legs de l'humorista.","robots":{"index":"noindex","follow":"follow","max-snippet":"max-snippet:-1","max-image-preview":"max-image-preview:large","max-video-preview":"max-video-preview:-1"},"og_locale":"ca_ES","og_type":"article","og_title":"Contractar Peyu - Espectalium","og_description":"Contractar espectacles d'humor de Peyu. Espectacles de mon\u00f2legs de l'humorista.","og_url":"https:\/\/test.puntmarketing.com\/espectalium-cat\/contractar-peyu\/","og_site_name":"Espectalium","article_modified_time":"2024-07-25T07:55:37+00:00","og_image":[{"width":1210,"height":492,"url":"https:\/\/test.puntmarketing.com\/espectalium-cat\/wp-content\/uploads\/2021\/03\/Contractar-Peyu-.jpg","type":"image\/jpeg"}],"twitter_misc":{"Temps estimat de lectura":"2 minuts"},"schema":{"@context":"https:\/\/schema.org","@graph":[{"@type":"WebPage","@id":"https:\/\/test.puntmarketing.com\/espectalium-cat\/contractar-peyu\/","url":"https:\/\/test.puntmarketing.com\/espectalium-cat\/contractar-peyu\/","name":"Contractar Peyu - Espectalium","isPartOf":{"@id":"https:\/\/test.puntmarketing.com\/espectalium-cat\/#website"},"primaryImageOfPage":{"@id":"https:\/\/test.puntmarketing.com\/espectalium-cat\/contractar-peyu\/#primaryimage"},"image":{"@id":"https:\/\/test.puntmarketing.com\/espectalium-cat\/contractar-peyu\/#primaryimage"},"thumbnailUrl":"https:\/\/test.puntmarketing.com\/espectalium-cat\/wp-content\/uploads\/2021\/03\/Contractar-Peyu-.jpg","datePublished":"2020-03-12T14:59:19+00:00","dateModified":"2024-07-25T07:55:37+00:00","description":"Contractar espectacles d'humor de Peyu. Espectacles de mon\u00f2legs de l'humorista.","breadcrumb":{"@id":"https:\/\/test.puntmarketing.com\/espectalium-cat\/contractar-peyu\/#breadcrumb"},"inLanguage":"ca","potentialAction":[{"@type":"ReadAction","target":["https:\/\/test.puntmarketing.com\/espectalium-cat\/contractar-peyu\/"]}]},{"@type":"ImageObject","inLanguage":"ca","@id":"https:\/\/test.puntmarketing.com\/espectalium-cat\/contractar-peyu\/#primaryimage","url":"https:\/\/test.puntmarketing.com\/espectalium-cat\/wp-content\/uploads\/2021\/03\/Contractar-Peyu-.jpg","contentUrl":"https:\/\/test.puntmarketing.com\/espectalium-cat\/wp-content\/uploads\/2021\/03\/Contractar-Peyu-.jpg","width":1210,"height":492,"caption":"Contractar Peyu"},{"@type":"BreadcrumbList","@id":"https:\/\/test.puntmarketing.com\/espectalium-cat\/contractar-peyu\/#breadcrumb","itemListElement":[{"@type":"ListItem","position":1,"name":"Espectalium","item":"https:\/\/test.puntmarketing.com\/espectalium-cat\/"},{"@type":"ListItem","position":2,"name":"Peyu"}]},{"@type":"WebSite","@id":"https:\/\/test.puntmarketing.com\/espectalium-cat\/#website","url":"https:\/\/test.puntmarketing.com\/espectalium-cat\/","name":"Espectalium","description":"ARTISTAS, ESPECT\u00c1CULOS Y ACTIVIDADES A MEDIDA PARA EVENTOS.","publisher":{"@id":"https:\/\/test.puntmarketing.com\/espectalium-cat\/#organization"},"potentialAction":[{"@type":"SearchAction","target":{"@type":"EntryPoint","urlTemplate":"https:\/\/test.puntmarketing.com\/espectalium-cat\/?s={search_term_string}"},"query-input":{"@type":"PropertyValueSpecification","valueRequired":true,"valueName":"search_term_string"}}],"inLanguage":"ca"},{"@type":"Organization","@id":"https:\/\/test.puntmarketing.com\/espectalium-cat\/#organization","name":"Espectalium","url":"https:\/\/test.puntmarketing.com\/espectalium-cat\/","logo":{"@type":"ImageObject","inLanguage":"ca","@id":"https:\/\/test.puntmarketing.com\/espectalium-cat\/#\/schema\/logo\/image\/","url":"","contentUrl":"","caption":"Espectalium"},"image":{"@id":"https:\/\/test.puntmarketing.com\/espectalium-cat\/#\/schema\/logo\/image\/"}}]}},"_links":{"self":[{"href":"https:\/\/test.puntmarketing.com\/espectalium-cat\/wp-json\/wp\/v2\/pages\/51170","targetHints":{"allow":["GET"]}}],"collection":[{"href":"https:\/\/test.puntmarketing.com\/espectalium-cat\/wp-json\/wp\/v2\/pages"}],"about":[{"href":"https:\/\/test.puntmarketing.com\/espectalium-cat\/wp-json\/wp\/v2\/types\/page"}],"author":[{"embeddable":true,"href":"https:\/\/test.puntmarketing.com\/espectalium-cat\/wp-json\/wp\/v2\/users\/11"}],"replies":[{"embeddable":true,"href":"https:\/\/test.puntmarketing.com\/espectalium-cat\/wp-json\/wp\/v2\/comments?post=51170"}],"version-history":[{"count":15,"href":"https:\/\/test.puntmarketing.com\/espectalium-cat\/wp-json\/wp\/v2\/pages\/51170\/revisions"}],"predecessor-version":[{"id":61216,"href":"https:\/\/test.puntmarketing.com\/espectalium-cat\/wp-json\/wp\/v2\/pages\/51170\/revisions\/61216"}],"wp:featuredmedia":[{"embeddable":true,"href":"https:\/\/test.puntmarketing.com\/espectalium-cat\/wp-json\/wp\/v2\/media\/57684"}],"wp:attachment":[{"href":"https:\/\/test.puntmarketing.com\/espectalium-cat\/wp-json\/wp\/v2\/media?parent=51170"}],"wp:term":[{"taxonomy":"category","embeddable":true,"href":"https:\/\/test.puntmarketing.com\/espectalium-cat\/wp-json\/wp\/v2\/categories?post=51170"},{"taxonomy":"post_tag","embeddable":true,"href":"https:\/\/test.puntmarketing.com\/espectalium-cat\/wp-json\/wp\/v2\/tags?post=51170"}],"curies":[{"name":"wp","href":"https:\/\/api.w.org\/{rel}","templated":true}]}}