{"id":51004,"date":"2020-03-11T10:51:25","date_gmt":"2020-03-11T09:51:25","guid":{"rendered":"https:\/\/test.puntmarketing.com\/espectalium-cat\/?page_id=51004"},"modified":"2024-07-25T09:56:27","modified_gmt":"2024-07-25T07:56:27","slug":"contractar-quim-masferrer","status":"publish","type":"page","link":"https:\/\/test.puntmarketing.com\/espectalium-cat\/contractar-quim-masferrer\/","title":{"rendered":"Quim Masferrer"},"content":{"rendered":"\t\t<div data-elementor-type=\"wp-page\" data-elementor-id=\"51004\" class=\"elementor elementor-51004\" data-elementor-post-type=\"page\">\n\t\t\t\t\t\t<section class=\"elementor-section elementor-top-section elementor-element elementor-element-e234fe7 elementor-section-boxed elementor-section-height-default elementor-section-height-default\" data-id=\"e234fe7\" data-element_type=\"section\" data-e-type=\"section\">\n\t\t\t\t\t\t<div class=\"elementor-container elementor-column-gap-default\">\n\t\t\t\t\t<div class=\"elementor-column elementor-col-100 elementor-top-column elementor-element elementor-element-2ba7404\" data-id=\"2ba7404\" data-element_type=\"column\" data-e-type=\"column\">\n\t\t\t<div class=\"elementor-widget-wrap elementor-element-populated\">\n\t\t\t\t\t\t<div class=\"elementor-element elementor-element-80ad379 elementor-widget elementor-widget-heading\" data-id=\"80ad379\" data-element_type=\"widget\" data-e-type=\"widget\" data-widget_type=\"heading.default\">\n\t\t\t\t<div class=\"elementor-widget-container\">\n\t\t\t\t\t<h2 class=\"elementor-heading-title elementor-size-default\">Contractar Quim Masferrer<\/h2>\t\t\t\t<\/div>\n\t\t\t\t<\/div>\n\t\t\t\t<div class=\"elementor-element elementor-element-5ca2fd7 elementor-widget elementor-widget-video\" data-id=\"5ca2fd7\" data-element_type=\"widget\" data-e-type=\"widget\" data-settings=\"{&quot;youtube_url&quot;:&quot;https:\\\/\\\/www.youtube.com\\\/watch?v=35Tzf6ZW3IE&amp;feature=youtu.be&amp;ab_channel=ArtistasyFamososparaEventosyPublicidad&quot;,&quot;video_type&quot;:&quot;youtube&quot;,&quot;controls&quot;:&quot;yes&quot;}\" data-widget_type=\"video.default\">\n\t\t\t\t<div class=\"elementor-widget-container\">\n\t\t\t\t\t\t\t<div class=\"elementor-wrapper elementor-open-inline\">\n\t\t\t<div class=\"elementor-video\"><\/div>\t\t<\/div>\n\t\t\t\t\t\t<\/div>\n\t\t\t\t<\/div>\n\t\t\t\t<div class=\"elementor-element elementor-element-83e094a elementor-widget elementor-widget-text-editor\" data-id=\"83e094a\" data-element_type=\"widget\" data-e-type=\"widget\" data-widget_type=\"text-editor.default\">\n\t\t\t\t<div class=\"elementor-widget-container\">\n\t\t\t\t\t\t\t\t\t<p>Contractar espectacles d&#8217;humor de Quim Masferrer \u00e9s una opci\u00f3 perfecta per amenitzar qualsevol esdeveniment. A l&#8217;espectacle<strong> Bona gent<\/strong>, Quim Masferrer vol fer un homenatge al <a href=\"https:\/\/www.elperiodico.com\/es\/ocio-y-cultura\/20190927\/quim-masferrer-estrena-bona-gent-7648067\" target=\"_blank\" rel=\"noopener\">p\u00fablic <\/a>en un espectacle on el p\u00fablic \u00e9s el principal protagonista. El p\u00fablic ser\u00e0 l&#8217;encarregat de decidir la direcci\u00f3 que prendr\u00e0 el show i d&#8217;escriure el seu argument final.<\/p><p>Quim Masferrer creu que ja \u00e9s hora que el p\u00fablic tingui el protagonisme que mereix. Durant molt de temps els aplaudiments han sigut pels <a href=\"https:\/\/test.puntmarketing.com\/espectalium-cat\/artistas\/\" target=\"_blank\" rel=\"noopener\">artistes<\/a>, escenografies o els directors per\u00f2 creu que els espectadors han quedat en l&#8217;oblit. L&#8217;artista els troba com una de les peces clau al m\u00f3n art\u00edstic i en forma d&#8217;homenatge interpreta aquest espectacle. Un homenatge al p\u00fablic i a la bona gent. Un p\u00fablic sense el qual no existiria el m\u00f3n art\u00edstic.<\/p><p>Amb aquest espectacle pret\u00e9n donar veu a les seves hist\u00f2ries, opinions i idees respecte a temes quotidians que afecten a tothom. El c\u00f2mic apunta que l&#8217;escenari no hi \u00e9s a dalt sin\u00f3 a la platea, en aquest intent de donar protagonisme els espectadors. La necessitat d&#8217;adoptar un altre tipus de comunicaci\u00f3 amb el p\u00fablic en un espectacle on la improvisaci\u00f3 dirigeix la funci\u00f3 i tothom podr\u00e0 sentir-se part de l&#8217;espectacle.<\/p>\t\t\t\t\t\t\t\t<\/div>\n\t\t\t\t<\/div>\n\t\t\t\t<div class=\"elementor-element elementor-element-322d495 elementor-widget elementor-widget-video\" data-id=\"322d495\" data-element_type=\"widget\" data-e-type=\"widget\" data-settings=\"{&quot;youtube_url&quot;:&quot;https:\\\/\\\/www.youtube.com\\\/watch?v=MEpt1Isav88&quot;,&quot;video_type&quot;:&quot;youtube&quot;,&quot;controls&quot;:&quot;yes&quot;}\" data-widget_type=\"video.default\">\n\t\t\t\t<div class=\"elementor-widget-container\">\n\t\t\t\t\t\t\t<div class=\"elementor-wrapper elementor-open-inline\">\n\t\t\t<div class=\"elementor-video\"><\/div>\t\t<\/div>\n\t\t\t\t\t\t<\/div>\n\t\t\t\t<\/div>\n\t\t\t\t\t<\/div>\n\t\t<\/div>\n\t\t\t\t\t<\/div>\n\t\t<\/section>\n\t\t\t\t<section class=\"elementor-section elementor-top-section elementor-element elementor-element-74582c2 elementor-section-boxed elementor-section-height-default elementor-section-height-default\" data-id=\"74582c2\" data-element_type=\"section\" data-e-type=\"section\">\n\t\t\t\t\t\t<div class=\"elementor-container elementor-column-gap-default\">\n\t\t\t\t\t<div class=\"elementor-column elementor-col-100 elementor-top-column elementor-element elementor-element-24a694e\" data-id=\"24a694e\" data-element_type=\"column\" data-e-type=\"column\">\n\t\t\t<div class=\"elementor-widget-wrap elementor-element-populated\">\n\t\t\t\t\t\t<div class=\"elementor-element elementor-element-0532ac2 elementor-position-left box-info elementor-vertical-align-top elementor-widget elementor-widget-image-box\" data-id=\"0532ac2\" data-element_type=\"widget\" data-e-type=\"widget\" data-widget_type=\"image-box.default\">\n\t\t\t\t<div class=\"elementor-widget-container\">\n\t\t\t\t\t<div class=\"elementor-image-box-wrapper\"><figure class=\"elementor-image-box-img\"><img fetchpriority=\"high\" decoding=\"async\" width=\"250\" height=\"250\" src=\"https:\/\/test.puntmarketing.com\/espectalium-cat\/wp-content\/uploads\/2021\/03\/Contractar-Quim-Masferrer-1.jpg\" class=\"attachment-thumbnail size-thumbnail wp-image-57660\" alt=\"Contractar Quim Masferrer 1\" \/><\/figure><div class=\"elementor-image-box-content\"><h3 class=\"elementor-image-box-title\">Quim Masferrer<\/h3><p class=\"elementor-image-box-description\">Quim Masferrer \u00e9s un fam\u00f3s actor, humorista, actor i director de teatre. L'artista \u00e9s m\u00e9s conegut per ser membre de la companyia Teatre de Guerrilla i conduir l'espai televisiu \"El Foraster\" de TV3.<\/p><\/div><\/div>\t\t\t\t<\/div>\n\t\t\t\t<\/div>\n\t\t\t\t\t<\/div>\n\t\t<\/div>\n\t\t\t\t\t<\/div>\n\t\t<\/section>\n\t\t\t\t<section class=\"elementor-section elementor-top-section elementor-element elementor-element-eba4f0c elementor-section-boxed elementor-section-height-default elementor-section-height-default\" data-id=\"eba4f0c\" data-element_type=\"section\" data-e-type=\"section\">\n\t\t\t\t\t\t<div class=\"elementor-container elementor-column-gap-default\">\n\t\t\t\t\t<div class=\"elementor-column elementor-col-100 elementor-top-column elementor-element elementor-element-59df715\" data-id=\"59df715\" data-element_type=\"column\" data-e-type=\"column\" data-settings=\"{&quot;background_background&quot;:&quot;classic&quot;}\">\n\t\t\t<div class=\"elementor-widget-wrap elementor-element-populated\">\n\t\t\t\t\t\t<div class=\"elementor-element elementor-element-d5661ac elementor-widget-divider--view-line elementor-widget elementor-widget-divider\" data-id=\"d5661ac\" data-element_type=\"widget\" data-e-type=\"widget\" data-widget_type=\"divider.default\">\n\t\t\t\t<div class=\"elementor-widget-container\">\n\t\t\t\t\t\t\t<div class=\"elementor-divider\">\n\t\t\t<span class=\"elementor-divider-separator\">\n\t\t\t\t\t\t<\/span>\n\t\t<\/div>\n\t\t\t\t\t\t<\/div>\n\t\t\t\t<\/div>\n\t\t\t\t<section class=\"elementor-section elementor-inner-section elementor-element elementor-element-2ae9c0d elementor-section-boxed elementor-section-height-default elementor-section-height-default\" data-id=\"2ae9c0d\" data-element_type=\"section\" data-e-type=\"section\">\n\t\t\t\t\t\t<div class=\"elementor-container elementor-column-gap-default\">\n\t\t\t\t\t<div class=\"elementor-column elementor-col-100 elementor-inner-column elementor-element elementor-element-1c9d253\" data-id=\"1c9d253\" data-element_type=\"column\" data-e-type=\"column\">\n\t\t\t<div class=\"elementor-widget-wrap elementor-element-populated\">\n\t\t\t\t\t\t<div class=\"elementor-element elementor-element-cd603cc elementor-widget elementor-widget-heading\" data-id=\"cd603cc\" data-element_type=\"widget\" data-e-type=\"widget\" data-widget_type=\"heading.default\">\n\t\t\t\t<div class=\"elementor-widget-container\">\n\t\t\t\t\t<p class=\"elementor-heading-title elementor-size-xxl\">Espectalium<br><span style=\"font-size: 30px;font-style: normal;font-weight: 300\">La teva ag\u00e8ncia d'espectacles<\/span><\/p>\t\t\t\t<\/div>\n\t\t\t\t<\/div>\n\t\t\t\t<div class=\"elementor-element elementor-element-56ff9dd elementor-widget elementor-widget-spacer\" data-id=\"56ff9dd\" data-element_type=\"widget\" data-e-type=\"widget\" data-widget_type=\"spacer.default\">\n\t\t\t\t<div class=\"elementor-widget-container\">\n\t\t\t\t\t\t\t<div class=\"elementor-spacer\">\n\t\t\t<div class=\"elementor-spacer-inner\"><\/div>\n\t\t<\/div>\n\t\t\t\t\t\t<\/div>\n\t\t\t\t<\/div>\n\t\t\t\t<div class=\"elementor-element elementor-element-f174d92 elementor-widget elementor-widget-text-editor\" data-id=\"f174d92\" data-element_type=\"widget\" data-e-type=\"widget\" data-widget_type=\"text-editor.default\">\n\t\t\t\t<div class=\"elementor-widget-container\">\n\t\t\t\t\t\t\t\t\t<p>Som una ag\u00e8ncia de contractaci\u00f3 d&#8217;espectacles per a esdeveniments de tota mena aix\u00ed com per a accions de m\u00e0rqueting i publicitat. Si est\u00e0s interessat en un perfil semblant al de <b>Quim Ferrer<\/b>, contacta amb nosaltres. A Espectalium sempre estem oberts a oferir assessorament perqu\u00e8 el teu esdeveniment sigui tot un \u00e8xit.<\/p>\n<p>Pots contactar amb nosaltres per a <b>contractar artistes i espectacles<\/b> de tota classe.<\/p>\t\t\t\t\t\t\t\t<\/div>\n\t\t\t\t<\/div>\n\t\t\t\t<div class=\"elementor-element elementor-element-8923539 elementor-align-left elementor-widget elementor-widget-button\" data-id=\"8923539\" data-element_type=\"widget\" data-e-type=\"widget\" data-widget_type=\"button.default\">\n\t\t\t\t<div class=\"elementor-widget-container\">\n\t\t\t\t\t\t\t\t\t<div class=\"elementor-button-wrapper\">\n\t\t\t\t\t<a class=\"elementor-button elementor-button-link elementor-size-sm\" href=\"https:\/\/test.puntmarketing.com\/espectalium-cat\/contacte\/\" target=\"_blank\">\n\t\t\t\t\t\t<span class=\"elementor-button-content-wrapper\">\n\t\t\t\t\t\t\t\t\t<span class=\"elementor-button-text\">\u00a1CONTACTA'NS!<\/span>\n\t\t\t\t\t<\/span>\n\t\t\t\t\t<\/a>\n\t\t\t\t<\/div>\n\t\t\t\t\t\t\t\t<\/div>\n\t\t\t\t<\/div>\n\t\t\t\t\t<\/div>\n\t\t<\/div>\n\t\t\t\t\t<\/div>\n\t\t<\/section>\n\t\t\t\t<div class=\"elementor-element elementor-element-260b35d elementor-widget-divider--view-line elementor-widget elementor-widget-divider\" data-id=\"260b35d\" data-element_type=\"widget\" data-e-type=\"widget\" data-widget_type=\"divider.default\">\n\t\t\t\t<div class=\"elementor-widget-container\">\n\t\t\t\t\t\t\t<div class=\"elementor-divider\">\n\t\t\t<span class=\"elementor-divider-separator\">\n\t\t\t\t\t\t<\/span>\n\t\t<\/div>\n\t\t\t\t\t\t<\/div>\n\t\t\t\t<\/div>\n\t\t\t\t\t<\/div>\n\t\t<\/div>\n\t\t\t\t\t<\/div>\n\t\t<\/section>\n\t\t\t\t<\/div>\n\t\t","protected":false},"excerpt":{"rendered":"<p>Contractar Quim Masferrer per esdeveniments i festes. Contractaci\u00f3 Quim Masferrer per programacions culturals. Consulta&#8217;ns!<\/p>\n","protected":false},"author":11,"featured_media":57652,"parent":54130,"menu_order":0,"comment_status":"closed","ping_status":"closed","template":"","meta":{"site-sidebar-layout":"no-sidebar","site-content-layout":"page-builder","ast-site-content-layout":"default","site-content-style":"default","site-sidebar-style":"default","ast-global-header-display":"","ast-banner-title-visibility":"","ast-main-header-display":"","ast-hfb-above-header-display":"","ast-hfb-below-header-display":"","ast-hfb-mobile-header-display":"","site-post-title":"disabled","ast-breadcrumbs-content":"","ast-featured-img":"disabled","footer-sml-layout":"","ast-disable-related-posts":"","theme-transparent-header-meta":"default","adv-header-id-meta":"","stick-header-meta":"default","header-above-stick-meta":"","header-main-stick-meta":"","header-below-stick-meta":"","astra-migrate-meta-layouts":"default","ast-page-background-enabled":"default","ast-page-background-meta":{"desktop":{"background-color":"","background-image":"","background-repeat":"repeat","background-position":"center center","background-size":"auto","background-attachment":"scroll","background-type":"","background-media":"","overlay-type":"","overlay-color":"","overlay-opacity":"","overlay-gradient":""},"tablet":{"background-color":"","background-image":"","background-repeat":"repeat","background-position":"center center","background-size":"auto","background-attachment":"scroll","background-type":"","background-media":"","overlay-type":"","overlay-color":"","overlay-opacity":"","overlay-gradient":""},"mobile":{"background-color":"","background-image":"","background-repeat":"repeat","background-position":"center center","background-size":"auto","background-attachment":"scroll","background-type":"","background-media":"","overlay-type":"","overlay-color":"","overlay-opacity":"","overlay-gradient":""}},"ast-content-background-meta":{"desktop":{"background-color":"var(--ast-global-color-5)","background-image":"","background-repeat":"repeat","background-position":"center center","background-size":"auto","background-attachment":"scroll","background-type":"","background-media":"","overlay-type":"","overlay-color":"","overlay-opacity":"","overlay-gradient":""},"tablet":{"background-color":"var(--ast-global-color-5)","background-image":"","background-repeat":"repeat","background-position":"center center","background-size":"auto","background-attachment":"scroll","background-type":"","background-media":"","overlay-type":"","overlay-color":"","overlay-opacity":"","overlay-gradient":""},"mobile":{"background-color":"var(--ast-global-color-5)","background-image":"","background-repeat":"repeat","background-position":"center center","background-size":"auto","background-attachment":"scroll","background-type":"","background-media":"","overlay-type":"","overlay-color":"","overlay-opacity":"","overlay-gradient":""}},"footnotes":""},"categories":[1528,1618,1659],"tags":[],"class_list":["post-51004","page","type-page","status-publish","has-post-thumbnail","hentry","category-ficha-verde","category-p-humoristes-i-comics","category-p-monologuistes"],"yoast_head":"<!-- This site is optimized with the Yoast SEO plugin v27.3 - https:\/\/yoast.com\/product\/yoast-seo-wordpress\/ -->\n<title>Contractar Quim Masferrer | Espectalium<\/title>\n<meta name=\"description\" content=\"Contractar Quim Masferrer per esdeveniments i festes. Contractaci\u00f3 Quim Masferrer per programacions culturals. Consulta&#039;ns!\" \/>\n<meta name=\"robots\" content=\"noindex, follow, max-snippet:-1, max-image-preview:large, max-video-preview:-1\" \/>\n<meta property=\"og:locale\" content=\"ca_ES\" \/>\n<meta property=\"og:type\" content=\"article\" \/>\n<meta property=\"og:title\" content=\"Contractar Quim Masferrer | Espectalium\" \/>\n<meta property=\"og:description\" content=\"Contractar Quim Masferrer per esdeveniments i festes. Contractaci\u00f3 Quim Masferrer per programacions culturals. Consulta&#039;ns!\" \/>\n<meta property=\"og:url\" content=\"https:\/\/test.puntmarketing.com\/espectalium-cat\/contractar-quim-masferrer\/\" \/>\n<meta property=\"og:site_name\" content=\"Espectalium\" \/>\n<meta property=\"article:modified_time\" content=\"2024-07-25T07:56:27+00:00\" \/>\n<meta property=\"og:image\" content=\"https:\/\/test.puntmarketing.com\/espectalium-cat\/wp-content\/uploads\/2021\/03\/Contractar-Quim-Masferrer.jpg\" \/>\n\t<meta property=\"og:image:width\" content=\"2009\" \/>\n\t<meta property=\"og:image:height\" content=\"1354\" \/>\n\t<meta property=\"og:image:type\" content=\"image\/jpeg\" \/>\n<meta name=\"twitter:label1\" content=\"Temps estimat de lectura\" \/>\n\t<meta name=\"twitter:data1\" content=\"2 minuts\" \/>\n<script type=\"application\/ld+json\" class=\"yoast-schema-graph\">{\"@context\":\"https:\\\/\\\/schema.org\",\"@graph\":[{\"@type\":\"WebPage\",\"@id\":\"https:\\\/\\\/test.puntmarketing.com\\\/espectalium-cat\\\/contractar-quim-masferrer\\\/\",\"url\":\"https:\\\/\\\/test.puntmarketing.com\\\/espectalium-cat\\\/contractar-quim-masferrer\\\/\",\"name\":\"Contractar Quim Masferrer | Espectalium\",\"isPartOf\":{\"@id\":\"https:\\\/\\\/test.puntmarketing.com\\\/espectalium-cat\\\/#website\"},\"primaryImageOfPage\":{\"@id\":\"https:\\\/\\\/test.puntmarketing.com\\\/espectalium-cat\\\/contractar-quim-masferrer\\\/#primaryimage\"},\"image\":{\"@id\":\"https:\\\/\\\/test.puntmarketing.com\\\/espectalium-cat\\\/contractar-quim-masferrer\\\/#primaryimage\"},\"thumbnailUrl\":\"https:\\\/\\\/test.puntmarketing.com\\\/espectalium-cat\\\/wp-content\\\/uploads\\\/2021\\\/03\\\/Contractar-Quim-Masferrer.jpg\",\"datePublished\":\"2020-03-11T09:51:25+00:00\",\"dateModified\":\"2024-07-25T07:56:27+00:00\",\"description\":\"Contractar Quim Masferrer per esdeveniments i festes. Contractaci\u00f3 Quim Masferrer per programacions culturals. Consulta'ns!\",\"breadcrumb\":{\"@id\":\"https:\\\/\\\/test.puntmarketing.com\\\/espectalium-cat\\\/contractar-quim-masferrer\\\/#breadcrumb\"},\"inLanguage\":\"ca\",\"potentialAction\":[{\"@type\":\"ReadAction\",\"target\":[\"https:\\\/\\\/test.puntmarketing.com\\\/espectalium-cat\\\/contractar-quim-masferrer\\\/\"]}]},{\"@type\":\"ImageObject\",\"inLanguage\":\"ca\",\"@id\":\"https:\\\/\\\/test.puntmarketing.com\\\/espectalium-cat\\\/contractar-quim-masferrer\\\/#primaryimage\",\"url\":\"https:\\\/\\\/test.puntmarketing.com\\\/espectalium-cat\\\/wp-content\\\/uploads\\\/2021\\\/03\\\/Contractar-Quim-Masferrer.jpg\",\"contentUrl\":\"https:\\\/\\\/test.puntmarketing.com\\\/espectalium-cat\\\/wp-content\\\/uploads\\\/2021\\\/03\\\/Contractar-Quim-Masferrer.jpg\",\"width\":2009,\"height\":1354,\"caption\":\"Contractar Quim Masferrer\"},{\"@type\":\"BreadcrumbList\",\"@id\":\"https:\\\/\\\/test.puntmarketing.com\\\/espectalium-cat\\\/contractar-quim-masferrer\\\/#breadcrumb\",\"itemListElement\":[{\"@type\":\"ListItem\",\"position\":1,\"name\":\"Espectalium\",\"item\":\"https:\\\/\\\/test.puntmarketing.com\\\/espectalium-cat\\\/\"},{\"@type\":\"ListItem\",\"position\":2,\"name\":\"Monologuistes\",\"item\":\"https:\\\/\\\/test.puntmarketing.com\\\/espectalium-cat\\\/artistes\\\/contractar-monologuistes\\\/\"},{\"@type\":\"ListItem\",\"position\":3,\"name\":\"Quim Masferrer\"}]},{\"@type\":\"WebSite\",\"@id\":\"https:\\\/\\\/test.puntmarketing.com\\\/espectalium-cat\\\/#website\",\"url\":\"https:\\\/\\\/test.puntmarketing.com\\\/espectalium-cat\\\/\",\"name\":\"Espectalium\",\"description\":\"ARTISTAS, ESPECT\u00c1CULOS Y ACTIVIDADES A MEDIDA PARA EVENTOS.\",\"publisher\":{\"@id\":\"https:\\\/\\\/test.puntmarketing.com\\\/espectalium-cat\\\/#organization\"},\"potentialAction\":[{\"@type\":\"SearchAction\",\"target\":{\"@type\":\"EntryPoint\",\"urlTemplate\":\"https:\\\/\\\/test.puntmarketing.com\\\/espectalium-cat\\\/?s={search_term_string}\"},\"query-input\":{\"@type\":\"PropertyValueSpecification\",\"valueRequired\":true,\"valueName\":\"search_term_string\"}}],\"inLanguage\":\"ca\"},{\"@type\":\"Organization\",\"@id\":\"https:\\\/\\\/test.puntmarketing.com\\\/espectalium-cat\\\/#organization\",\"name\":\"Espectalium\",\"url\":\"https:\\\/\\\/test.puntmarketing.com\\\/espectalium-cat\\\/\",\"logo\":{\"@type\":\"ImageObject\",\"inLanguage\":\"ca\",\"@id\":\"https:\\\/\\\/test.puntmarketing.com\\\/espectalium-cat\\\/#\\\/schema\\\/logo\\\/image\\\/\",\"url\":\"\",\"contentUrl\":\"\",\"caption\":\"Espectalium\"},\"image\":{\"@id\":\"https:\\\/\\\/test.puntmarketing.com\\\/espectalium-cat\\\/#\\\/schema\\\/logo\\\/image\\\/\"}}]}<\/script>\n<!-- \/ Yoast SEO plugin. -->","yoast_head_json":{"title":"Contractar Quim Masferrer | Espectalium","description":"Contractar Quim Masferrer per esdeveniments i festes. Contractaci\u00f3 Quim Masferrer per programacions culturals. Consulta'ns!","robots":{"index":"noindex","follow":"follow","max-snippet":"max-snippet:-1","max-image-preview":"max-image-preview:large","max-video-preview":"max-video-preview:-1"},"og_locale":"ca_ES","og_type":"article","og_title":"Contractar Quim Masferrer | Espectalium","og_description":"Contractar Quim Masferrer per esdeveniments i festes. Contractaci\u00f3 Quim Masferrer per programacions culturals. Consulta'ns!","og_url":"https:\/\/test.puntmarketing.com\/espectalium-cat\/contractar-quim-masferrer\/","og_site_name":"Espectalium","article_modified_time":"2024-07-25T07:56:27+00:00","og_image":[{"width":2009,"height":1354,"url":"https:\/\/test.puntmarketing.com\/espectalium-cat\/wp-content\/uploads\/2021\/03\/Contractar-Quim-Masferrer.jpg","type":"image\/jpeg"}],"twitter_misc":{"Temps estimat de lectura":"2 minuts"},"schema":{"@context":"https:\/\/schema.org","@graph":[{"@type":"WebPage","@id":"https:\/\/test.puntmarketing.com\/espectalium-cat\/contractar-quim-masferrer\/","url":"https:\/\/test.puntmarketing.com\/espectalium-cat\/contractar-quim-masferrer\/","name":"Contractar Quim Masferrer | Espectalium","isPartOf":{"@id":"https:\/\/test.puntmarketing.com\/espectalium-cat\/#website"},"primaryImageOfPage":{"@id":"https:\/\/test.puntmarketing.com\/espectalium-cat\/contractar-quim-masferrer\/#primaryimage"},"image":{"@id":"https:\/\/test.puntmarketing.com\/espectalium-cat\/contractar-quim-masferrer\/#primaryimage"},"thumbnailUrl":"https:\/\/test.puntmarketing.com\/espectalium-cat\/wp-content\/uploads\/2021\/03\/Contractar-Quim-Masferrer.jpg","datePublished":"2020-03-11T09:51:25+00:00","dateModified":"2024-07-25T07:56:27+00:00","description":"Contractar Quim Masferrer per esdeveniments i festes. Contractaci\u00f3 Quim Masferrer per programacions culturals. Consulta'ns!","breadcrumb":{"@id":"https:\/\/test.puntmarketing.com\/espectalium-cat\/contractar-quim-masferrer\/#breadcrumb"},"inLanguage":"ca","potentialAction":[{"@type":"ReadAction","target":["https:\/\/test.puntmarketing.com\/espectalium-cat\/contractar-quim-masferrer\/"]}]},{"@type":"ImageObject","inLanguage":"ca","@id":"https:\/\/test.puntmarketing.com\/espectalium-cat\/contractar-quim-masferrer\/#primaryimage","url":"https:\/\/test.puntmarketing.com\/espectalium-cat\/wp-content\/uploads\/2021\/03\/Contractar-Quim-Masferrer.jpg","contentUrl":"https:\/\/test.puntmarketing.com\/espectalium-cat\/wp-content\/uploads\/2021\/03\/Contractar-Quim-Masferrer.jpg","width":2009,"height":1354,"caption":"Contractar Quim Masferrer"},{"@type":"BreadcrumbList","@id":"https:\/\/test.puntmarketing.com\/espectalium-cat\/contractar-quim-masferrer\/#breadcrumb","itemListElement":[{"@type":"ListItem","position":1,"name":"Espectalium","item":"https:\/\/test.puntmarketing.com\/espectalium-cat\/"},{"@type":"ListItem","position":2,"name":"Monologuistes","item":"https:\/\/test.puntmarketing.com\/espectalium-cat\/artistes\/contractar-monologuistes\/"},{"@type":"ListItem","position":3,"name":"Quim Masferrer"}]},{"@type":"WebSite","@id":"https:\/\/test.puntmarketing.com\/espectalium-cat\/#website","url":"https:\/\/test.puntmarketing.com\/espectalium-cat\/","name":"Espectalium","description":"ARTISTAS, ESPECT\u00c1CULOS Y ACTIVIDADES A MEDIDA PARA EVENTOS.","publisher":{"@id":"https:\/\/test.puntmarketing.com\/espectalium-cat\/#organization"},"potentialAction":[{"@type":"SearchAction","target":{"@type":"EntryPoint","urlTemplate":"https:\/\/test.puntmarketing.com\/espectalium-cat\/?s={search_term_string}"},"query-input":{"@type":"PropertyValueSpecification","valueRequired":true,"valueName":"search_term_string"}}],"inLanguage":"ca"},{"@type":"Organization","@id":"https:\/\/test.puntmarketing.com\/espectalium-cat\/#organization","name":"Espectalium","url":"https:\/\/test.puntmarketing.com\/espectalium-cat\/","logo":{"@type":"ImageObject","inLanguage":"ca","@id":"https:\/\/test.puntmarketing.com\/espectalium-cat\/#\/schema\/logo\/image\/","url":"","contentUrl":"","caption":"Espectalium"},"image":{"@id":"https:\/\/test.puntmarketing.com\/espectalium-cat\/#\/schema\/logo\/image\/"}}]}},"_links":{"self":[{"href":"https:\/\/test.puntmarketing.com\/espectalium-cat\/wp-json\/wp\/v2\/pages\/51004","targetHints":{"allow":["GET"]}}],"collection":[{"href":"https:\/\/test.puntmarketing.com\/espectalium-cat\/wp-json\/wp\/v2\/pages"}],"about":[{"href":"https:\/\/test.puntmarketing.com\/espectalium-cat\/wp-json\/wp\/v2\/types\/page"}],"author":[{"embeddable":true,"href":"https:\/\/test.puntmarketing.com\/espectalium-cat\/wp-json\/wp\/v2\/users\/11"}],"replies":[{"embeddable":true,"href":"https:\/\/test.puntmarketing.com\/espectalium-cat\/wp-json\/wp\/v2\/comments?post=51004"}],"version-history":[{"count":15,"href":"https:\/\/test.puntmarketing.com\/espectalium-cat\/wp-json\/wp\/v2\/pages\/51004\/revisions"}],"predecessor-version":[{"id":61222,"href":"https:\/\/test.puntmarketing.com\/espectalium-cat\/wp-json\/wp\/v2\/pages\/51004\/revisions\/61222"}],"up":[{"embeddable":true,"href":"https:\/\/test.puntmarketing.com\/espectalium-cat\/wp-json\/wp\/v2\/pages\/54130"}],"wp:featuredmedia":[{"embeddable":true,"href":"https:\/\/test.puntmarketing.com\/espectalium-cat\/wp-json\/wp\/v2\/media\/57652"}],"wp:attachment":[{"href":"https:\/\/test.puntmarketing.com\/espectalium-cat\/wp-json\/wp\/v2\/media?parent=51004"}],"wp:term":[{"taxonomy":"category","embeddable":true,"href":"https:\/\/test.puntmarketing.com\/espectalium-cat\/wp-json\/wp\/v2\/categories?post=51004"},{"taxonomy":"post_tag","embeddable":true,"href":"https:\/\/test.puntmarketing.com\/espectalium-cat\/wp-json\/wp\/v2\/tags?post=51004"}],"curies":[{"name":"wp","href":"https:\/\/api.w.org\/{rel}","templated":true}]}}