{"id":2542,"date":"2015-01-22T10:55:52","date_gmt":"2015-01-22T09:55:52","guid":{"rendered":"https:\/\/test.puntmarketing.com\/espectalium-cat\/?page_id=2542"},"modified":"2021-03-03T11:55:12","modified_gmt":"2021-03-03T10:55:12","slug":"aviso-legal","status":"publish","type":"page","link":"https:\/\/test.puntmarketing.com\/espectalium-cat\/aviso-legal\/","title":{"rendered":"Aviso legal"},"content":{"rendered":"\t\t<div data-elementor-type=\"wp-post\" data-elementor-id=\"2542\" class=\"elementor elementor-2542\" data-elementor-post-type=\"page\">\n\t\t\t\t\t\t<section class=\"elementor-section elementor-top-section elementor-element elementor-element-470b06d7 elementor-section-boxed elementor-section-height-default elementor-section-height-default\" data-id=\"470b06d7\" data-element_type=\"section\" data-e-type=\"section\">\n\t\t\t\t\t\t<div class=\"elementor-container elementor-column-gap-default\">\n\t\t\t\t\t<div class=\"elementor-column elementor-col-100 elementor-top-column elementor-element elementor-element-53ec3e23\" data-id=\"53ec3e23\" data-element_type=\"column\" data-e-type=\"column\">\n\t\t\t<div class=\"elementor-widget-wrap elementor-element-populated\">\n\t\t\t\t\t\t<div class=\"elementor-element elementor-element-6434f1a6 elementor-widget elementor-widget-text-editor\" data-id=\"6434f1a6\" data-element_type=\"widget\" data-e-type=\"widget\" data-widget_type=\"text-editor.default\">\n\t\t\t\t<div class=\"elementor-widget-container\">\n\t\t\t\t\t\t\t\t\t<p><strong>Aviso legal (LSSI)<\/strong><\/p><p><strong>PROJECT FOLDER, S.L. (<\/strong>de ahora en adelante <strong>Tuset Eventos),<\/strong> es el titular del portal Web <strong>tuseteventos.com<\/strong>, que act\u00faa exclusivamente como explotadora, y gestora de los contenidos de los portales Web, domiciliados en la C\/ Torrent de l\u2019Olla, 50 P-5\u00a0\u00a0 08012 BARCELONA, NIF B65419855, Inscrita en el Registro Mercantil de BARCELONA, Tomo 42154 Folio 85 Hoja B-402000 Inscripci\u00f3n 2\u00aa, es la encargada de la explotaci\u00f3n, gesti\u00f3n y funcionamiento del portal Web mencionado anteriormente.De conformidad con el art\u00edculo 10 de la <strong>Ley 34\/2002<\/strong>, de 11 de julio, de \u201c<strong>Servicios de la Sociedad de la Informaci\u00f3n y Comercio Electr\u00f3nico (LSSI)\u201d<\/strong>, ponemos en su conocimiento la siguiente informaci\u00f3n:<\/p><p>Si quiere contactar con nosotros, puede hacerlo mediante correo postal a la direcci\u00f3n mencionada al p\u00e1rrafo anterior, o bien a trav\u00e9s del correo electr\u00f3nico <strong>info@test.puntmarketing.com<\/strong><\/p><p><strong>CONCEPTO DE USUARIO<\/strong><\/p><p>La utilizaci\u00f3n del portal Web atribuye la condici\u00f3n de Usuario, e implica la aceptaci\u00f3n total y sin reservas de todas y cada una de las disposiciones incluidas en este Aviso Legal, en la versi\u00f3n publicada para <strong>Tuset Eventos\u00a0<\/strong>en el mismo momento en que el Usuario acceda a la Web. En consecuencia, el Usuario tiene que leer atentamente el presente <strong>Aviso Legal<\/strong> en cada una de las ocasiones en que se proponga utilizar la Web, puesto que puede sufrir modificaciones.<\/p><p><strong>INFORMACI\u00d3N SOBRE LOS V\u00cdNCULOS \u201cLINKS\u201d<\/strong><\/p><p><strong>Tuset Eventos\u00a0<\/strong>no se hace responsable de las webs no propias o de terceros, a las cuales se puede acceder mediante v\u00ednculos <strong>\u201clinks\u201d<\/strong> o de cualquier contenido puesto a disposici\u00f3n por terceros.<br \/>Cualquier uso de un v\u00ednculo o acceso a una Web no propia es realizado por voluntad y riesgo exclusivo del usuario y <strong>Tuset Eventos\u00a0<\/strong>no recomienda ni garantiza ninguna informaci\u00f3n obtenida a trav\u00e9s de un v\u00ednculo ajeno a la Web de <strong>tuseteventos.com<\/strong> ni se responsabiliza de ninguna p\u00e9rdida, reclamaci\u00f3n o perjuicio derivada del uso o mal uso de un v\u00ednculo, o de la informaci\u00f3n obtenida a trav\u00e9s de \u00e9l, incluyendo otros v\u00ednculos o webs, de la interrupci\u00f3n en el servicio o en el acceso, o del uso o mal uso de un v\u00ednculo, tanto al conectar al portal Web <strong>tuseteventos.com<\/strong> c\u00f3mo al acceder a la informaci\u00f3n de otros webs desde el mismo portal Web<strong>\u00a0<\/strong><\/p><p><strong>RENUNCIA Y LIMITACI\u00d3N DE LA RESPONSABILIDAD<\/strong><\/p><p>La informaci\u00f3n y servicios incluidos o disponibles a trav\u00e9s de las p\u00e1ginas Web pueden incluir incorrecciones o errores tipogr\u00e1ficos. De forma peri\u00f3dica se incorporan cambios a la informaci\u00f3n contenida. <strong>Tuset Eventos\u00a0<\/strong>puede introducir en cualquier momento mejoras y\/o cambios en los servicios o contenidos.<br \/>Tambi\u00e9n se advierte que los contenidos de esta Web, tienen la finalidad informativa en cuanto a la oferta de servicios y tarifas. Seg\u00fan lo previsto en el presente aviso legal y el resto de textos legales del presente portal Web.<\/p><p><strong>INFORMACI\u00d3N SOBRE LA EXENCI\u00d3N DE TODA RESPONSABILIDAD DERIVADA DE UN FALLO T\u00c9CNICO Y DE CONTENIDO<\/strong><\/p><p><strong>Tuset Eventos\u00a0<\/strong>declina cualquier responsabilidad en caso de que existan interrupciones o un mal funcionamiento de los servicios o contenidos ofrecidos en Internet, cualquier que sea su causa.<br \/>As\u00ed mismo, <strong>Tuset Eventos<\/strong><strong>\u00a0<\/strong>no se hace responsable por ca\u00eddas de la red, p\u00e9rdidas de negocio a consecuencia de estas ca\u00eddas, suspensiones temporales del fluido el\u00e9ctrico o cualquiera otro tipo.<\/p><p><strong>Tuset Eventos <\/strong>no declara ni garantiza que los servicios o contenidos no sean interrumpidos o que est\u00e9n libres de errores, que los defectos sean corregidos, o que el servicio o el servidor que lo pone a disposici\u00f3n est\u00e9n libres de virus u otros componentes nocivos, sin perjuicio que <strong>Tuset Eventos<\/strong><strong>\u00a0<\/strong>realiza sus mejores esfuerzos a evitar este tipo de incidentes. En caso de que el Usuario tomara determinadas decisiones o realizara acciones en base a la informaci\u00f3n incluida en cualquier de los \u201cwebsites\u201d, se recomienda la comprobaci\u00f3n de la informaci\u00f3n recibida con otras fuentes.<\/p><p><strong>INFORMACI\u00d3N RELATIVA A LA PROPIEDAD INTELECTUAL E INDUSTRIAL<\/strong><strong>\u00a0<\/strong><\/p><p><strong>1<\/strong>. La estructura, dise\u00f1o y forma de presentaci\u00f3n de los elementos (gr\u00e1ficos, im\u00e1genes, ficheros logotipos, combinaciones de colores y cualquier elemento susceptible de protecci\u00f3n) est\u00e1n protegidos por derechos de propiedad intelectual, titularidad de <strong>Tuset Eventos<\/strong>.<\/p><p><strong>2<\/strong> Est\u00e1n prohibidas la reproducci\u00f3n, la transformaci\u00f3n, distribuci\u00f3n, comunicaci\u00f3n p\u00fablica, puesta a disposici\u00f3n del p\u00fablico y, en general cualquier otra forma de explotaci\u00f3n, parcial o total de los elementos referidos en el apartado anterior. Estos actos de explotaci\u00f3n s\u00f3lo podr\u00e1n ser realizados en virtud de autorizaci\u00f3n expresa de <strong>Tuset Eventos<\/strong><strong>\u00a0<\/strong>y que, en todo caso, tendr\u00e1n que hacer referencia expl\u00edcita a la titularidad de los citados derechos de propiedad intelectual de <strong>Tuset Eventos<\/strong>.<\/p><p><strong>3<\/strong> S\u00f3lo est\u00e1 autorizado para el uso privado del material documental elaborado para la <strong>Tuset Eventos.<\/strong><strong>\u00a0<\/strong>En ning\u00fan caso, podr\u00e1 suprimir, alterar, eludir o manipular cualesquier dispositivo de protecci\u00f3n o sistemas de seguridad que puedan estar instalados.<\/p><p><strong>4<\/strong>. Excepto autorizaci\u00f3n expresa de <strong>Tuset Eventos\u00a0<\/strong>No se permite el enlace a \u201cp\u00e1ginas finales\u201d, el \u201cframe\u201d y cualquier otra manipulaci\u00f3n similar. Los enlaces tienen que ser siempre en la p\u00e1gina principal o \u201chome page\u201d <strong>com<\/strong><\/p><p><strong>5<\/strong>. Los signos distintivos (marcas, nombres comerciales) de <strong>Tuset Eventos\u00a0<\/strong>Est\u00e1n protegidos por derechos de propiedad industrial, quedando prohibida la utilizaci\u00f3n o manipulaci\u00f3n de cualquier de estos, excepto autorizaci\u00f3n expresa y por escrito de <strong>Tuset Eventos.<\/strong><\/p><p><img decoding=\"async\" class=\"size-full wp-image-25086 alignleft\" src=\"https:\/\/test.puntmarketing.com\/espectalium-cat\/wp-content\/uploads\/2020\/02\/web-adecuada21.png \" alt=\"\" width=\"80\" height=\"78\" \/><img decoding=\"async\" class=\"size-full wp-image-25086 alignleft\" src=\"https:\/\/test.puntmarketing.com\/espectalium-cat\/wp-content\/uploads\/2020\/02\/web-auditada21.png\" alt=\"\" width=\"80\" height=\"78\" \/><\/p>\t\t\t\t\t\t\t\t<\/div>\n\t\t\t\t<\/div>\n\t\t\t\t\t<\/div>\n\t\t<\/div>\n\t\t\t\t\t<\/div>\n\t\t<\/section>\n\t\t\t\t<\/div>\n\t\t","protected":false},"excerpt":{"rendered":"<p>Aviso legal (LSSI) PROJECT FOLDER, S.L. (de ahora en adelante Tuset Eventos), es el titular del portal Web tuseteventos.com, que act\u00faa exclusivamente como explotadora, y gestora de los contenidos de los portales Web, domiciliados en la C\/ Torrent de l\u2019Olla, 50 P-5\u00a0\u00a0 08012 BARCELONA, NIF B65419855, Inscrita en el Registro Mercantil de BARCELONA, Tomo 42154 [&hellip;]<\/p>\n","protected":false},"author":8,"featured_media":0,"parent":0,"menu_order":100,"comment_status":"closed","ping_status":"closed","template":"","meta":{"site-sidebar-layout":"default","site-content-layout":"default","ast-site-content-layout":"default","site-content-style":"default","site-sidebar-style":"default","ast-global-header-display":"","ast-banner-title-visibility":"","ast-main-header-display":"","ast-hfb-above-header-display":"","ast-hfb-below-header-display":"","ast-hfb-mobile-header-display":"","site-post-title":"disabled","ast-breadcrumbs-content":"","ast-featured-img":"disabled","footer-sml-layout":"","ast-disable-related-posts":"","theme-transparent-header-meta":"default","adv-header-id-meta":"","stick-header-meta":"default","header-above-stick-meta":"","header-main-stick-meta":"","header-below-stick-meta":"","astra-migrate-meta-layouts":"default","ast-page-background-enabled":"default","ast-page-background-meta":{"desktop":{"background-color":"","background-image":"","background-repeat":"repeat","background-position":"center center","background-size":"auto","background-attachment":"scroll","background-type":"","background-media":"","overlay-type":"","overlay-color":"","overlay-opacity":"","overlay-gradient":""},"tablet":{"background-color":"","background-image":"","background-repeat":"repeat","background-position":"center center","background-size":"auto","background-attachment":"scroll","background-type":"","background-media":"","overlay-type":"","overlay-color":"","overlay-opacity":"","overlay-gradient":""},"mobile":{"background-color":"","background-image":"","background-repeat":"repeat","background-position":"center center","background-size":"auto","background-attachment":"scroll","background-type":"","background-media":"","overlay-type":"","overlay-color":"","overlay-opacity":"","overlay-gradient":""}},"ast-content-background-meta":{"desktop":{"background-color":"var(--ast-global-color-5)","background-image":"","background-repeat":"repeat","background-position":"center center","background-size":"auto","background-attachment":"scroll","background-type":"","background-media":"","overlay-type":"","overlay-color":"","overlay-opacity":"","overlay-gradient":""},"tablet":{"background-color":"var(--ast-global-color-5)","background-image":"","background-repeat":"repeat","background-position":"center center","background-size":"auto","background-attachment":"scroll","background-type":"","background-media":"","overlay-type":"","overlay-color":"","overlay-opacity":"","overlay-gradient":""},"mobile":{"background-color":"var(--ast-global-color-5)","background-image":"","background-repeat":"repeat","background-position":"center center","background-size":"auto","background-attachment":"scroll","background-type":"","background-media":"","overlay-type":"","overlay-color":"","overlay-opacity":"","overlay-gradient":""}},"footnotes":""},"categories":[],"tags":[],"class_list":["post-2542","page","type-page","status-publish","hentry"],"yoast_head":"<!-- This site is optimized with the Yoast SEO plugin v27.3 - https:\/\/yoast.com\/product\/yoast-seo-wordpress\/ -->\n<title>Aviso legal - Espectalium<\/title>\n<meta name=\"description\" content=\"Aviso legal (LSSI) PROJECT FOLDER, S.L. (de ahora en adelante Tuset Eventos), es el titular del portal Web tuseteventos.com, que act\u00faa exclusivamente como\" \/>\n<meta name=\"robots\" content=\"noindex, nofollow\" \/>\n<meta property=\"og:locale\" content=\"ca_ES\" \/>\n<meta property=\"og:type\" content=\"article\" \/>\n<meta property=\"og:title\" content=\"Aviso legal - Espectalium\" \/>\n<meta property=\"og:description\" content=\"Aviso legal (LSSI) PROJECT FOLDER, S.L. (de ahora en adelante Tuset Eventos), es el titular del portal Web tuseteventos.com, que act\u00faa exclusivamente como\" \/>\n<meta property=\"og:url\" content=\"https:\/\/test.puntmarketing.com\/espectalium-cat\/aviso-legal\/\" \/>\n<meta property=\"og:site_name\" content=\"Espectalium\" \/>\n<meta property=\"article:modified_time\" content=\"2021-03-03T10:55:12+00:00\" \/>\n<meta property=\"og:image\" content=\"https:\/\/test.puntmarketing.com\/espectalium-cat\/wp-content\/uploads\/2020\/02\/web-adecuada21.png\" \/>\n<meta name=\"twitter:label1\" content=\"Temps estimat de lectura\" \/>\n\t<meta name=\"twitter:data1\" content=\"5 minuts\" \/>\n<script type=\"application\/ld+json\" class=\"yoast-schema-graph\">{\"@context\":\"https:\\\/\\\/schema.org\",\"@graph\":[{\"@type\":\"WebPage\",\"@id\":\"https:\\\/\\\/test.puntmarketing.com\\\/espectalium-cat\\\/aviso-legal\\\/\",\"url\":\"https:\\\/\\\/test.puntmarketing.com\\\/espectalium-cat\\\/aviso-legal\\\/\",\"name\":\"Aviso legal - Espectalium\",\"isPartOf\":{\"@id\":\"https:\\\/\\\/test.puntmarketing.com\\\/espectalium-cat\\\/#website\"},\"primaryImageOfPage\":{\"@id\":\"https:\\\/\\\/test.puntmarketing.com\\\/espectalium-cat\\\/aviso-legal\\\/#primaryimage\"},\"image\":{\"@id\":\"https:\\\/\\\/test.puntmarketing.com\\\/espectalium-cat\\\/aviso-legal\\\/#primaryimage\"},\"thumbnailUrl\":\"https:\\\/\\\/test.puntmarketing.com\\\/espectalium-cat\\\/wp-content\\\/uploads\\\/2020\\\/02\\\/web-auditada21.png\",\"datePublished\":\"2015-01-22T09:55:52+00:00\",\"dateModified\":\"2021-03-03T10:55:12+00:00\",\"description\":\"Aviso legal (LSSI) PROJECT FOLDER, S.L. (de ahora en adelante Tuset Eventos), es el titular del portal Web tuseteventos.com, que act\u00faa exclusivamente como\",\"breadcrumb\":{\"@id\":\"https:\\\/\\\/test.puntmarketing.com\\\/espectalium-cat\\\/aviso-legal\\\/#breadcrumb\"},\"inLanguage\":\"ca\",\"potentialAction\":[{\"@type\":\"ReadAction\",\"target\":[\"https:\\\/\\\/test.puntmarketing.com\\\/espectalium-cat\\\/aviso-legal\\\/\"]}]},{\"@type\":\"ImageObject\",\"inLanguage\":\"ca\",\"@id\":\"https:\\\/\\\/test.puntmarketing.com\\\/espectalium-cat\\\/aviso-legal\\\/#primaryimage\",\"url\":\"https:\\\/\\\/test.puntmarketing.com\\\/espectalium-cat\\\/wp-content\\\/uploads\\\/2020\\\/02\\\/web-auditada21.png\",\"contentUrl\":\"https:\\\/\\\/test.puntmarketing.com\\\/espectalium-cat\\\/wp-content\\\/uploads\\\/2020\\\/02\\\/web-auditada21.png\",\"width\":81,\"height\":72},{\"@type\":\"BreadcrumbList\",\"@id\":\"https:\\\/\\\/test.puntmarketing.com\\\/espectalium-cat\\\/aviso-legal\\\/#breadcrumb\",\"itemListElement\":[{\"@type\":\"ListItem\",\"position\":1,\"name\":\"Espectalium\",\"item\":\"https:\\\/\\\/test.puntmarketing.com\\\/espectalium-cat\\\/\"},{\"@type\":\"ListItem\",\"position\":2,\"name\":\"Aviso legal\"}]},{\"@type\":\"WebSite\",\"@id\":\"https:\\\/\\\/test.puntmarketing.com\\\/espectalium-cat\\\/#website\",\"url\":\"https:\\\/\\\/test.puntmarketing.com\\\/espectalium-cat\\\/\",\"name\":\"Espectalium\",\"description\":\"ARTISTAS, ESPECT\u00c1CULOS Y ACTIVIDADES A MEDIDA PARA EVENTOS.\",\"publisher\":{\"@id\":\"https:\\\/\\\/test.puntmarketing.com\\\/espectalium-cat\\\/#organization\"},\"potentialAction\":[{\"@type\":\"SearchAction\",\"target\":{\"@type\":\"EntryPoint\",\"urlTemplate\":\"https:\\\/\\\/test.puntmarketing.com\\\/espectalium-cat\\\/?s={search_term_string}\"},\"query-input\":{\"@type\":\"PropertyValueSpecification\",\"valueRequired\":true,\"valueName\":\"search_term_string\"}}],\"inLanguage\":\"ca\"},{\"@type\":\"Organization\",\"@id\":\"https:\\\/\\\/test.puntmarketing.com\\\/espectalium-cat\\\/#organization\",\"name\":\"Espectalium\",\"url\":\"https:\\\/\\\/test.puntmarketing.com\\\/espectalium-cat\\\/\",\"logo\":{\"@type\":\"ImageObject\",\"inLanguage\":\"ca\",\"@id\":\"https:\\\/\\\/test.puntmarketing.com\\\/espectalium-cat\\\/#\\\/schema\\\/logo\\\/image\\\/\",\"url\":\"\",\"contentUrl\":\"\",\"caption\":\"Espectalium\"},\"image\":{\"@id\":\"https:\\\/\\\/test.puntmarketing.com\\\/espectalium-cat\\\/#\\\/schema\\\/logo\\\/image\\\/\"}}]}<\/script>\n<!-- \/ Yoast SEO plugin. -->","yoast_head_json":{"title":"Aviso legal - Espectalium","description":"Aviso legal (LSSI) PROJECT FOLDER, S.L. (de ahora en adelante Tuset Eventos), es el titular del portal Web tuseteventos.com, que act\u00faa exclusivamente como","robots":{"index":"noindex","follow":"nofollow"},"og_locale":"ca_ES","og_type":"article","og_title":"Aviso legal - Espectalium","og_description":"Aviso legal (LSSI) PROJECT FOLDER, S.L. (de ahora en adelante Tuset Eventos), es el titular del portal Web tuseteventos.com, que act\u00faa exclusivamente como","og_url":"https:\/\/test.puntmarketing.com\/espectalium-cat\/aviso-legal\/","og_site_name":"Espectalium","article_modified_time":"2021-03-03T10:55:12+00:00","og_image":[{"url":"https:\/\/test.puntmarketing.com\/espectalium-cat\/wp-content\/uploads\/2020\/02\/web-adecuada21.png","type":"","width":"","height":""}],"twitter_misc":{"Temps estimat de lectura":"5 minuts"},"schema":{"@context":"https:\/\/schema.org","@graph":[{"@type":"WebPage","@id":"https:\/\/test.puntmarketing.com\/espectalium-cat\/aviso-legal\/","url":"https:\/\/test.puntmarketing.com\/espectalium-cat\/aviso-legal\/","name":"Aviso legal - Espectalium","isPartOf":{"@id":"https:\/\/test.puntmarketing.com\/espectalium-cat\/#website"},"primaryImageOfPage":{"@id":"https:\/\/test.puntmarketing.com\/espectalium-cat\/aviso-legal\/#primaryimage"},"image":{"@id":"https:\/\/test.puntmarketing.com\/espectalium-cat\/aviso-legal\/#primaryimage"},"thumbnailUrl":"https:\/\/test.puntmarketing.com\/espectalium-cat\/wp-content\/uploads\/2020\/02\/web-auditada21.png","datePublished":"2015-01-22T09:55:52+00:00","dateModified":"2021-03-03T10:55:12+00:00","description":"Aviso legal (LSSI) PROJECT FOLDER, S.L. (de ahora en adelante Tuset Eventos), es el titular del portal Web tuseteventos.com, que act\u00faa exclusivamente como","breadcrumb":{"@id":"https:\/\/test.puntmarketing.com\/espectalium-cat\/aviso-legal\/#breadcrumb"},"inLanguage":"ca","potentialAction":[{"@type":"ReadAction","target":["https:\/\/test.puntmarketing.com\/espectalium-cat\/aviso-legal\/"]}]},{"@type":"ImageObject","inLanguage":"ca","@id":"https:\/\/test.puntmarketing.com\/espectalium-cat\/aviso-legal\/#primaryimage","url":"https:\/\/test.puntmarketing.com\/espectalium-cat\/wp-content\/uploads\/2020\/02\/web-auditada21.png","contentUrl":"https:\/\/test.puntmarketing.com\/espectalium-cat\/wp-content\/uploads\/2020\/02\/web-auditada21.png","width":81,"height":72},{"@type":"BreadcrumbList","@id":"https:\/\/test.puntmarketing.com\/espectalium-cat\/aviso-legal\/#breadcrumb","itemListElement":[{"@type":"ListItem","position":1,"name":"Espectalium","item":"https:\/\/test.puntmarketing.com\/espectalium-cat\/"},{"@type":"ListItem","position":2,"name":"Aviso legal"}]},{"@type":"WebSite","@id":"https:\/\/test.puntmarketing.com\/espectalium-cat\/#website","url":"https:\/\/test.puntmarketing.com\/espectalium-cat\/","name":"Espectalium","description":"ARTISTAS, ESPECT\u00c1CULOS Y ACTIVIDADES A MEDIDA PARA EVENTOS.","publisher":{"@id":"https:\/\/test.puntmarketing.com\/espectalium-cat\/#organization"},"potentialAction":[{"@type":"SearchAction","target":{"@type":"EntryPoint","urlTemplate":"https:\/\/test.puntmarketing.com\/espectalium-cat\/?s={search_term_string}"},"query-input":{"@type":"PropertyValueSpecification","valueRequired":true,"valueName":"search_term_string"}}],"inLanguage":"ca"},{"@type":"Organization","@id":"https:\/\/test.puntmarketing.com\/espectalium-cat\/#organization","name":"Espectalium","url":"https:\/\/test.puntmarketing.com\/espectalium-cat\/","logo":{"@type":"ImageObject","inLanguage":"ca","@id":"https:\/\/test.puntmarketing.com\/espectalium-cat\/#\/schema\/logo\/image\/","url":"","contentUrl":"","caption":"Espectalium"},"image":{"@id":"https:\/\/test.puntmarketing.com\/espectalium-cat\/#\/schema\/logo\/image\/"}}]}},"_links":{"self":[{"href":"https:\/\/test.puntmarketing.com\/espectalium-cat\/wp-json\/wp\/v2\/pages\/2542","targetHints":{"allow":["GET"]}}],"collection":[{"href":"https:\/\/test.puntmarketing.com\/espectalium-cat\/wp-json\/wp\/v2\/pages"}],"about":[{"href":"https:\/\/test.puntmarketing.com\/espectalium-cat\/wp-json\/wp\/v2\/types\/page"}],"author":[{"embeddable":true,"href":"https:\/\/test.puntmarketing.com\/espectalium-cat\/wp-json\/wp\/v2\/users\/8"}],"replies":[{"embeddable":true,"href":"https:\/\/test.puntmarketing.com\/espectalium-cat\/wp-json\/wp\/v2\/comments?post=2542"}],"version-history":[{"count":1,"href":"https:\/\/test.puntmarketing.com\/espectalium-cat\/wp-json\/wp\/v2\/pages\/2542\/revisions"}],"predecessor-version":[{"id":57113,"href":"https:\/\/test.puntmarketing.com\/espectalium-cat\/wp-json\/wp\/v2\/pages\/2542\/revisions\/57113"}],"wp:attachment":[{"href":"https:\/\/test.puntmarketing.com\/espectalium-cat\/wp-json\/wp\/v2\/media?parent=2542"}],"wp:term":[{"taxonomy":"category","embeddable":true,"href":"https:\/\/test.puntmarketing.com\/espectalium-cat\/wp-json\/wp\/v2\/categories?post=2542"},{"taxonomy":"post_tag","embeddable":true,"href":"https:\/\/test.puntmarketing.com\/espectalium-cat\/wp-json\/wp\/v2\/tags?post=2542"}],"curies":[{"name":"wp","href":"https:\/\/api.w.org\/{rel}","templated":true}]}}